{"id":775,"date":"2025-07-07T21:41:01","date_gmt":"2025-07-07T19:41:01","guid":{"rendered":"https:\/\/maritastore.ch\/?post_type=product&#038;p=775"},"modified":"2025-12-15T18:20:59","modified_gmt":"2025-12-15T17:20:59","slug":"nutriglow-30ml","status":"publish","type":"product","link":"https:\/\/maritastore.ch\/pt\/produto\/nutriglow-30ml\/","title":{"rendered":"NUTRIGLOW (30ml)"},"content":{"rendered":"<p data-start=\"225\" data-end=\"599\"><strong data-start=\"225\" data-end=\"238\">NutriGlow<\/strong> \u00e9 o <strong data-start=\"246\" data-end=\"279\">segredo da beleza radiante<\/strong> que irradia de dentro. Gra\u00e7as \u00e0 sua <strong data-start=\"319\" data-end=\"351\">f\u00f3rmula inovadora em gotas<\/strong>, nutre profundamente <strong data-start=\"378\" data-end=\"416\">pele, cabelo e unhas<\/strong>, para resultados vis\u00edveis e naturais. Uma combina\u00e7\u00e3o poderosa de <strong data-start=\"488\" data-end=\"511\">vitaminas C, B3, B5<\/strong>, <strong data-start=\"513\" data-end=\"521\">zinco<\/strong>, <strong data-start=\"523\" data-end=\"545\">\u00e1cido hialur\u00f4nico<\/strong> E <strong data-start=\"549\" data-end=\"560\">biotina<\/strong>, num delicioso sabor de morango.<\/p>\n<h3 data-start=\"606\" data-end=\"645\"><strong data-start=\"613\" data-end=\"645\">Por que escolher NutriGlow?<\/strong><\/h3>\n<ul data-start=\"647\" data-end=\"1116\">\n<li data-start=\"647\" data-end=\"752\">\n<p data-start=\"649\" data-end=\"752\"><strong data-start=\"652\" data-end=\"675\">Hidrata\u00e7\u00e3o intensa<\/strong> : O \u00e1cido hialur\u00f4nico hidrata, firma e reduz a apar\u00eancia de linhas finas.<\/p>\n<\/li>\n<li data-start=\"753\" data-end=\"845\">\n<p data-start=\"755\" data-end=\"845\"><strong data-start=\"757\" data-end=\"774\">Brilho natural<\/strong> : A vitamina C e o zinco aumentam a vitalidade e a luminosidade da pele.<\/p>\n<\/li>\n<li data-start=\"846\" data-end=\"959\">\n<p data-start=\"848\" data-end=\"959\"><strong data-start=\"854\" data-end=\"884\">Cabelos e unhas fortalecidos<\/strong> : Biotina e vitaminas do complexo B promovem crescimento e resist\u00eancia.<\/p>\n<\/li>\n<li data-start=\"960\" data-end=\"1040\">\n<p data-start=\"962\" data-end=\"1040\"><strong data-start=\"965\" data-end=\"988\">Energia e bem-estar<\/strong> : Suporte abrangente para metabolismo e imunidade.<\/p>\n<\/li>\n<li data-start=\"1041\" data-end=\"1116\">\n<p data-start=\"1043\" data-end=\"1116\"><strong data-start=\"1046\" data-end=\"1063\">Sabor agrad\u00e1vel<\/strong> : Sabor morango para um prazer di\u00e1rio.<\/p>\n<\/li>\n<\/ul>","protected":false},"excerpt":{"rendered":"<h3 data-start=\"102\" data-end=\"156\">A beleza come\u00e7a dentro<\/h3>\n<p data-start=\"225\" data-end=\"599\"><strong data-start=\"225\" data-end=\"238\">NutriGlow<\/strong> \u00e9 o <strong data-start=\"246\" data-end=\"279\">segredo da beleza radiante<\/strong> que irradia de dentro. Gra\u00e7as \u00e0 sua <strong data-start=\"319\" data-end=\"351\">f\u00f3rmula inovadora em gotas<\/strong>, nutre profundamente <strong data-start=\"378\" data-end=\"416\">pele, cabelo e unhas<\/strong>, para resultados vis\u00edveis e naturais. Uma combina\u00e7\u00e3o poderosa de <strong data-start=\"488\" data-end=\"511\">vitaminas C, B3, B5<\/strong>, <strong data-start=\"513\" data-end=\"521\">zinco<\/strong>, <strong data-start=\"523\" data-end=\"545\">\u00e1cido hialur\u00f4nico<\/strong> E <strong data-start=\"549\" data-end=\"560\">biotina<\/strong>, num delicioso sabor de morango.<\/p>\n<ul data-start=\"647\" data-end=\"1116\">\n<li data-start=\"647\" data-end=\"752\">\n<p data-start=\"649\" data-end=\"752\"><strong data-start=\"652\" data-end=\"675\">Hidrata\u00e7\u00e3o intensa<\/strong><\/p>\n<\/li>\n<li data-start=\"753\" data-end=\"845\">\n<p data-start=\"755\" data-end=\"845\"><strong data-start=\"757\" data-end=\"774\">Brilho natural<\/strong><\/p>\n<\/li>\n<li data-start=\"846\" data-end=\"959\">\n<p data-start=\"848\" data-end=\"959\"><strong data-start=\"854\" data-end=\"884\">Cabelos e unhas fortalecidos<\/strong><\/p>\n<\/li>\n<\/ul>","protected":false},"featured_media":472,"template":"","meta":{"_et_pb_use_builder":"","_et_pb_old_content":"","_et_gb_content_width":""},"product_brand":[],"product_cat":[16],"product_tag":[22,19,72,77,74,76,81,75,73,52,80,82,79,78],"class_list":{"0":"post-775","1":"product","2":"type-product","3":"status-publish","4":"has-post-thumbnail","6":"product_cat-gd-public","7":"product_tag-acide-hyaluronique","8":"product_tag-anti-age","9":"product_tag-beaute-naturelle","10":"product_tag-biotine","11":"product_tag-cheveux-brillants","12":"product_tag-complement-liquide","13":"product_tag-nutrition-capillaire","14":"product_tag-ongles-renforces","15":"product_tag-peau-eclatante","16":"product_tag-sans-gluten","17":"product_tag-sante-de-la-peau","18":"product_tag-soin-ongles","19":"product_tag-vitamine-c","20":"product_tag-zinc","22":"first","23":"instock","24":"purchasable","25":"product-type-simple"},"yoast_head":"<!-- This site is optimized with the Yoast SEO plugin v27.3 - https:\/\/yoast.com\/product\/yoast-seo-wordpress\/ -->\n<title>NutriGlow \u2013 Beaut\u00e9 peau, cheveux &amp; ongles \u2013 30ml<\/title>\n<meta name=\"description\" content=\"Compl\u00e9ment beaut\u00e9 pour peau, cheveux et ongles. NutriGlow nourrit de l&#039;int\u00e9rieur avec biotine, zinc, acide hyaluronique. Go\u00fbt fraise.\" \/>\n<meta name=\"robots\" content=\"index, follow, max-snippet:-1, max-image-preview:large, max-video-preview:-1\" \/>\n<link rel=\"canonical\" href=\"https:\/\/maritastore.ch\/pt\/produto\/nutriglow-30ml\/\" \/>\n<meta property=\"og:locale\" content=\"pt_PT\" \/>\n<meta property=\"og:type\" content=\"article\" \/>\n<meta property=\"og:title\" content=\"NutriGlow \u2013 Beaut\u00e9 peau, cheveux &amp; ongles \u2013 30ml\" \/>\n<meta property=\"og:description\" content=\"Compl\u00e9ment beaut\u00e9 pour peau, cheveux et ongles. NutriGlow nourrit de l&#039;int\u00e9rieur avec biotine, zinc, acide hyaluronique. Go\u00fbt fraise.\" \/>\n<meta property=\"og:url\" content=\"https:\/\/maritastore.ch\/pt\/produto\/nutriglow-30ml\/\" \/>\n<meta property=\"og:site_name\" content=\"Marita\" \/>\n<meta property=\"article:modified_time\" content=\"2025-12-15T17:20:59+00:00\" \/>\n<meta property=\"og:image\" content=\"https:\/\/maritastore.ch\/wp-content\/uploads\/2024\/10\/nutriglow-removebg-preview.png\" \/>\n\t<meta property=\"og:image:width\" content=\"500\" \/>\n\t<meta property=\"og:image:height\" content=\"500\" \/>\n\t<meta property=\"og:image:type\" content=\"image\/png\" \/>\n<meta name=\"twitter:card\" content=\"summary_large_image\" \/>\n<meta name=\"twitter:label1\" content=\"Tempo estimado de leitura\" \/>\n\t<meta name=\"twitter:data1\" content=\"1 minuto\" \/>\n<script type=\"application\/ld+json\" class=\"yoast-schema-graph\">{\"@context\":\"https:\\\/\\\/schema.org\",\"@graph\":[{\"@type\":\"WebPage\",\"@id\":\"https:\\\/\\\/maritastore.ch\\\/produit\\\/nutriglow-30ml\\\/\",\"url\":\"https:\\\/\\\/maritastore.ch\\\/produit\\\/nutriglow-30ml\\\/\",\"name\":\"NutriGlow \u2013 Beaut\u00e9 peau, cheveux & ongles \u2013 30ml\",\"isPartOf\":{\"@id\":\"https:\\\/\\\/maritastore.ch\\\/#website\"},\"primaryImageOfPage\":{\"@id\":\"https:\\\/\\\/maritastore.ch\\\/produit\\\/nutriglow-30ml\\\/#primaryimage\"},\"image\":{\"@id\":\"https:\\\/\\\/maritastore.ch\\\/produit\\\/nutriglow-30ml\\\/#primaryimage\"},\"thumbnailUrl\":\"https:\\\/\\\/maritastore.ch\\\/wp-content\\\/uploads\\\/2024\\\/10\\\/nutriglow-removebg-preview.png\",\"datePublished\":\"2025-07-07T19:41:01+00:00\",\"dateModified\":\"2025-12-15T17:20:59+00:00\",\"description\":\"Compl\u00e9ment beaut\u00e9 pour peau, cheveux et ongles. NutriGlow nourrit de l'int\u00e9rieur avec biotine, zinc, acide hyaluronique. Go\u00fbt fraise.\",\"breadcrumb\":{\"@id\":\"https:\\\/\\\/maritastore.ch\\\/produit\\\/nutriglow-30ml\\\/#breadcrumb\"},\"inLanguage\":\"pt-PT\",\"potentialAction\":[{\"@type\":\"ReadAction\",\"target\":[\"https:\\\/\\\/maritastore.ch\\\/produit\\\/nutriglow-30ml\\\/\"]}]},{\"@type\":\"ImageObject\",\"inLanguage\":\"pt-PT\",\"@id\":\"https:\\\/\\\/maritastore.ch\\\/produit\\\/nutriglow-30ml\\\/#primaryimage\",\"url\":\"https:\\\/\\\/maritastore.ch\\\/wp-content\\\/uploads\\\/2024\\\/10\\\/nutriglow-removebg-preview.png\",\"contentUrl\":\"https:\\\/\\\/maritastore.ch\\\/wp-content\\\/uploads\\\/2024\\\/10\\\/nutriglow-removebg-preview.png\",\"width\":500,\"height\":500,\"caption\":\"NutriGlow 30ml \u2013 Pour une peau \u00e9clatante, des cheveux brillants et des ongles renforc\u00e9s\"},{\"@type\":\"BreadcrumbList\",\"@id\":\"https:\\\/\\\/maritastore.ch\\\/produit\\\/nutriglow-30ml\\\/#breadcrumb\",\"itemListElement\":[{\"@type\":\"ListItem\",\"position\":1,\"name\":\"Accueil\",\"item\":\"https:\\\/\\\/maritastore.ch\\\/\"},{\"@type\":\"ListItem\",\"position\":2,\"name\":\"Boutique\",\"item\":\"https:\\\/\\\/maritastore.ch\\\/boutique\\\/\"},{\"@type\":\"ListItem\",\"position\":3,\"name\":\"NUTRIGLOW (30ml)\"}]},{\"@type\":\"WebSite\",\"@id\":\"https:\\\/\\\/maritastore.ch\\\/#website\",\"url\":\"https:\\\/\\\/maritastore.ch\\\/\",\"name\":\"Marita\",\"description\":\"Boissons partenaire de votre sant\u00e9\",\"publisher\":{\"@id\":\"https:\\\/\\\/maritastore.ch\\\/#organization\"},\"potentialAction\":[{\"@type\":\"SearchAction\",\"target\":{\"@type\":\"EntryPoint\",\"urlTemplate\":\"https:\\\/\\\/maritastore.ch\\\/?s={search_term_string}\"},\"query-input\":{\"@type\":\"PropertyValueSpecification\",\"valueRequired\":true,\"valueName\":\"search_term_string\"}}],\"inLanguage\":\"pt-PT\"},{\"@type\":\"Organization\",\"@id\":\"https:\\\/\\\/maritastore.ch\\\/#organization\",\"name\":\"Marita\",\"url\":\"https:\\\/\\\/maritastore.ch\\\/\",\"logo\":{\"@type\":\"ImageObject\",\"inLanguage\":\"pt-PT\",\"@id\":\"https:\\\/\\\/maritastore.ch\\\/#\\\/schema\\\/logo\\\/image\\\/\",\"url\":\"https:\\\/\\\/maritastore.ch\\\/wp-content\\\/uploads\\\/2024\\\/04\\\/marita-store-network.png\",\"contentUrl\":\"https:\\\/\\\/maritastore.ch\\\/wp-content\\\/uploads\\\/2024\\\/04\\\/marita-store-network.png\",\"width\":322,\"height\":67,\"caption\":\"Marita\"},\"image\":{\"@id\":\"https:\\\/\\\/maritastore.ch\\\/#\\\/schema\\\/logo\\\/image\\\/\"}}]}<\/script>\n<!-- \/ Yoast SEO plugin. -->","yoast_head_json":{"title":"NutriGlow \u2013 Beaut\u00e9 peau, cheveux & ongles \u2013 30ml","description":"Compl\u00e9ment beaut\u00e9 pour peau, cheveux et ongles. NutriGlow nourrit de l'int\u00e9rieur avec biotine, zinc, acide hyaluronique. Go\u00fbt fraise.","robots":{"index":"index","follow":"follow","max-snippet":"max-snippet:-1","max-image-preview":"max-image-preview:large","max-video-preview":"max-video-preview:-1"},"canonical":"https:\/\/maritastore.ch\/pt\/produto\/nutriglow-30ml\/","og_locale":"pt_PT","og_type":"article","og_title":"NutriGlow \u2013 Beaut\u00e9 peau, cheveux & ongles \u2013 30ml","og_description":"Compl\u00e9ment beaut\u00e9 pour peau, cheveux et ongles. NutriGlow nourrit de l'int\u00e9rieur avec biotine, zinc, acide hyaluronique. Go\u00fbt fraise.","og_url":"https:\/\/maritastore.ch\/pt\/produto\/nutriglow-30ml\/","og_site_name":"Marita","article_modified_time":"2025-12-15T17:20:59+00:00","og_image":[{"width":500,"height":500,"url":"https:\/\/maritastore.ch\/wp-content\/uploads\/2024\/10\/nutriglow-removebg-preview.png","type":"image\/png"}],"twitter_card":"summary_large_image","twitter_misc":{"Tempo estimado de leitura":"1 minuto"},"schema":{"@context":"https:\/\/schema.org","@graph":[{"@type":"WebPage","@id":"https:\/\/maritastore.ch\/produit\/nutriglow-30ml\/","url":"https:\/\/maritastore.ch\/produit\/nutriglow-30ml\/","name":"NutriGlow \u2013 Beaut\u00e9 peau, cheveux & ongles \u2013 30ml","isPartOf":{"@id":"https:\/\/maritastore.ch\/#website"},"primaryImageOfPage":{"@id":"https:\/\/maritastore.ch\/produit\/nutriglow-30ml\/#primaryimage"},"image":{"@id":"https:\/\/maritastore.ch\/produit\/nutriglow-30ml\/#primaryimage"},"thumbnailUrl":"https:\/\/maritastore.ch\/wp-content\/uploads\/2024\/10\/nutriglow-removebg-preview.png","datePublished":"2025-07-07T19:41:01+00:00","dateModified":"2025-12-15T17:20:59+00:00","description":"Compl\u00e9ment beaut\u00e9 pour peau, cheveux et ongles. NutriGlow nourrit de l'int\u00e9rieur avec biotine, zinc, acide hyaluronique. Go\u00fbt fraise.","breadcrumb":{"@id":"https:\/\/maritastore.ch\/produit\/nutriglow-30ml\/#breadcrumb"},"inLanguage":"pt-PT","potentialAction":[{"@type":"ReadAction","target":["https:\/\/maritastore.ch\/produit\/nutriglow-30ml\/"]}]},{"@type":"ImageObject","inLanguage":"pt-PT","@id":"https:\/\/maritastore.ch\/produit\/nutriglow-30ml\/#primaryimage","url":"https:\/\/maritastore.ch\/wp-content\/uploads\/2024\/10\/nutriglow-removebg-preview.png","contentUrl":"https:\/\/maritastore.ch\/wp-content\/uploads\/2024\/10\/nutriglow-removebg-preview.png","width":500,"height":500,"caption":"NutriGlow 30ml \u2013 Pour une peau \u00e9clatante, des cheveux brillants et des ongles renforc\u00e9s"},{"@type":"BreadcrumbList","@id":"https:\/\/maritastore.ch\/produit\/nutriglow-30ml\/#breadcrumb","itemListElement":[{"@type":"ListItem","position":1,"name":"Accueil","item":"https:\/\/maritastore.ch\/"},{"@type":"ListItem","position":2,"name":"Boutique","item":"https:\/\/maritastore.ch\/boutique\/"},{"@type":"ListItem","position":3,"name":"NUTRIGLOW (30ml)"}]},{"@type":"WebSite","@id":"https:\/\/maritastore.ch\/#website","url":"https:\/\/maritastore.ch\/","name":"Marita","description":"Bebidas, sua parceira para a sa\u00fade","publisher":{"@id":"https:\/\/maritastore.ch\/#organization"},"potentialAction":[{"@type":"SearchAction","target":{"@type":"EntryPoint","urlTemplate":"https:\/\/maritastore.ch\/?s={search_term_string}"},"query-input":{"@type":"PropertyValueSpecification","valueRequired":true,"valueName":"search_term_string"}}],"inLanguage":"pt-PT"},{"@type":"Organization","@id":"https:\/\/maritastore.ch\/#organization","name":"Marita","url":"https:\/\/maritastore.ch\/","logo":{"@type":"ImageObject","inLanguage":"pt-PT","@id":"https:\/\/maritastore.ch\/#\/schema\/logo\/image\/","url":"https:\/\/maritastore.ch\/wp-content\/uploads\/2024\/04\/marita-store-network.png","contentUrl":"https:\/\/maritastore.ch\/wp-content\/uploads\/2024\/04\/marita-store-network.png","width":322,"height":67,"caption":"Marita"},"image":{"@id":"https:\/\/maritastore.ch\/#\/schema\/logo\/image\/"}}]}},"_links":{"self":[{"href":"https:\/\/maritastore.ch\/pt\/wp-json\/wp\/v2\/product\/775","targetHints":{"allow":["GET"]}}],"collection":[{"href":"https:\/\/maritastore.ch\/pt\/wp-json\/wp\/v2\/product"}],"about":[{"href":"https:\/\/maritastore.ch\/pt\/wp-json\/wp\/v2\/types\/product"}],"wp:featuredmedia":[{"embeddable":true,"href":"https:\/\/maritastore.ch\/pt\/wp-json\/wp\/v2\/media\/472"}],"wp:attachment":[{"href":"https:\/\/maritastore.ch\/pt\/wp-json\/wp\/v2\/media?parent=775"}],"wp:term":[{"taxonomy":"product_brand","embeddable":true,"href":"https:\/\/maritastore.ch\/pt\/wp-json\/wp\/v2\/product_brand?post=775"},{"taxonomy":"product_cat","embeddable":true,"href":"https:\/\/maritastore.ch\/pt\/wp-json\/wp\/v2\/product_cat?post=775"},{"taxonomy":"product_tag","embeddable":true,"href":"https:\/\/maritastore.ch\/pt\/wp-json\/wp\/v2\/product_tag?post=775"}],"curies":[{"name":"wp","href":"https:\/\/api.w.org\/{rel}","templated":true}]}}