{"id":749,"date":"2025-07-04T13:03:14","date_gmt":"2025-07-04T11:03:14","guid":{"rendered":"https:\/\/maritastore.ch\/?post_type=product&#038;p=749"},"modified":"2025-12-15T18:19:49","modified_gmt":"2025-12-15T17:19:49","slug":"marita-t-seca-burn-2","status":"publish","type":"product","link":"https:\/\/maritastore.ch\/pt\/produto\/marita-t-seca-burn-2\/","title":{"rendered":"QUEIMADURA T-SECA"},"content":{"rendered":"<p data-start=\"170\" data-end=\"476\">O <strong data-start=\"173\" data-end=\"192\">Ch\u00e1 T-Seca BURN<\/strong> \u00e9 uma f\u00f3rmula poderosa e natural baseada em <strong data-start=\"242\" data-end=\"252\">groselha preta<\/strong>, <strong data-start=\"254\" data-end=\"267\">ch\u00e1 branco<\/strong>, <strong data-start=\"269\" data-end=\"285\">laranja amarga<\/strong> E <strong data-start=\"289\" data-end=\"300\">guaran\u00e1<\/strong>.<br data-start=\"301\" data-end=\"304\" \/>Especialmente projetado para <strong data-start=\"328\" data-end=\"356\">acelerar o metabolismo<\/strong>, promover o <strong data-start=\"371\" data-end=\"398\">queima de gordura<\/strong> e estimular o <strong data-start=\"414\" data-end=\"430\">termog\u00eanese<\/strong>, este ch\u00e1 \u00e9 seu aliado di\u00e1rio para emagrecer.<\/p>\n<p data-start=\"478\" data-end=\"717\">Gra\u00e7as \u00e0 sua combina\u00e7\u00e3o exclusiva de ingredientes ativos naturais, incluindo <strong data-start=\"535\" data-end=\"553\">epicatequina<\/strong> (flavon\u00f3ide queimador de gordura) e o <strong data-start=\"587\" data-end=\"601\">sinefrina<\/strong> (alcaloide estimulante), T-Seca BURN atua profundamente na silhueta trazendo energia e leveza.<\/p>","protected":false},"excerpt":{"rendered":"<p>O ch\u00e1 T-Seca BURN \u00e9 uma f\u00f3rmula \u00e0 base de groselha preta, ch\u00e1 branco, laranja amarga e guaran\u00e1.<\/p>\n<ul>\n<li data-start=\"749\" data-end=\"810\"><strong data-start=\"749\" data-end=\"772\">Efeito termog\u00eanico<\/strong> : ativa a queima de gordura<\/li>\n<li data-start=\"811\" data-end=\"870\">\n<p data-start=\"813\" data-end=\"870\"><strong data-start=\"813\" data-end=\"842\">Redu\u00e7\u00e3o do incha\u00e7o<\/strong> : efeito drenante e desintoxicante<\/p>\n<\/li>\n<li data-start=\"871\" data-end=\"919\">\n<p data-start=\"873\" data-end=\"919\"><strong data-start=\"873\" data-end=\"917\">Melhora do humor e da energia<\/strong><\/p>\n<\/li>\n<\/ul>","protected":false},"featured_media":783,"template":"","meta":{"_et_pb_use_builder":"","_et_pb_old_content":"","_et_gb_content_width":""},"product_brand":[],"product_cat":[16],"product_tag":[127,123,68,122,121,126,125,129,124,119,120,128],"class_list":{"0":"post-749","1":"product","2":"type-product","3":"status-publish","4":"has-post-thumbnail","6":"product_cat-gd-public","7":"product_tag-boisson-energisante-naturelle","8":"product_tag-cassis","9":"product_tag-complement-naturel","10":"product_tag-guarana","11":"product_tag-infusion-drainante","12":"product_tag-marita","13":"product_tag-orange-amere","14":"product_tag-silhouette","15":"product_tag-the-blanc","16":"product_tag-the-brule-graisse","17":"product_tag-the-minceur","18":"product_tag-thermogenese","20":"first","21":"instock","22":"taxable","23":"shipping-taxable","24":"purchasable","25":"product-type-simple"},"yoast_head":"<!-- This site is optimized with the Yoast SEO plugin v27.4 - https:\/\/yoast.com\/product\/yoast-seo-wordpress\/ -->\n<title>T-Seca Burn \u2013 Th\u00e9 br\u00fble graisse au cassis et guarana<\/title>\n<meta name=\"description\" content=\"Infusion br\u00fble graisse naturelle \u00e0 base de cassis, guarana et th\u00e9 blanc. Active la combustion des graisses et booste l\u2019\u00e9nergie.\" \/>\n<meta name=\"robots\" content=\"index, follow, max-snippet:-1, max-image-preview:large, max-video-preview:-1\" \/>\n<link rel=\"canonical\" href=\"https:\/\/maritastore.ch\/pt\/produto\/marita-t-seca-burn-2\/\" \/>\n<meta property=\"og:locale\" content=\"pt_PT\" \/>\n<meta property=\"og:type\" content=\"article\" \/>\n<meta property=\"og:title\" content=\"T-Seca Burn \u2013 Th\u00e9 br\u00fble graisse au cassis et guarana\" \/>\n<meta property=\"og:description\" content=\"Infusion br\u00fble graisse naturelle \u00e0 base de cassis, guarana et th\u00e9 blanc. Active la combustion des graisses et booste l\u2019\u00e9nergie.\" \/>\n<meta property=\"og:url\" content=\"https:\/\/maritastore.ch\/pt\/produto\/marita-t-seca-burn-2\/\" \/>\n<meta property=\"og:site_name\" content=\"Marita\" \/>\n<meta property=\"article:modified_time\" content=\"2025-12-15T17:19:49+00:00\" \/>\n<meta property=\"og:image\" content=\"https:\/\/maritastore.ch\/wp-content\/uploads\/2025\/07\/tisane-burn-marita-the-blanc-guarana-100g.jpg-2.png\" \/>\n\t<meta property=\"og:image:width\" content=\"1080\" \/>\n\t<meta property=\"og:image:height\" content=\"1080\" \/>\n\t<meta property=\"og:image:type\" content=\"image\/png\" \/>\n<meta name=\"twitter:card\" content=\"summary_large_image\" \/>\n<meta name=\"twitter:label1\" content=\"Tempo estimado de leitura\" \/>\n\t<meta name=\"twitter:data1\" content=\"1 minuto\" \/>\n<script type=\"application\/ld+json\" class=\"yoast-schema-graph\">{\"@context\":\"https:\\\/\\\/schema.org\",\"@graph\":[{\"@type\":\"WebPage\",\"@id\":\"https:\\\/\\\/maritastore.ch\\\/produit\\\/marita-t-seca-burn-2\\\/\",\"url\":\"https:\\\/\\\/maritastore.ch\\\/produit\\\/marita-t-seca-burn-2\\\/\",\"name\":\"T-Seca Burn \u2013 Th\u00e9 br\u00fble graisse au cassis et guarana\",\"isPartOf\":{\"@id\":\"https:\\\/\\\/maritastore.ch\\\/#website\"},\"primaryImageOfPage\":{\"@id\":\"https:\\\/\\\/maritastore.ch\\\/produit\\\/marita-t-seca-burn-2\\\/#primaryimage\"},\"image\":{\"@id\":\"https:\\\/\\\/maritastore.ch\\\/produit\\\/marita-t-seca-burn-2\\\/#primaryimage\"},\"thumbnailUrl\":\"https:\\\/\\\/maritastore.ch\\\/wp-content\\\/uploads\\\/2025\\\/07\\\/tisane-burn-marita-the-blanc-guarana-100g.jpg-2.png\",\"datePublished\":\"2025-07-04T11:03:14+00:00\",\"dateModified\":\"2025-12-15T17:19:49+00:00\",\"description\":\"Infusion br\u00fble graisse naturelle \u00e0 base de cassis, guarana et th\u00e9 blanc. Active la combustion des graisses et booste l\u2019\u00e9nergie.\",\"breadcrumb\":{\"@id\":\"https:\\\/\\\/maritastore.ch\\\/produit\\\/marita-t-seca-burn-2\\\/#breadcrumb\"},\"inLanguage\":\"pt-PT\",\"potentialAction\":[{\"@type\":\"ReadAction\",\"target\":[\"https:\\\/\\\/maritastore.ch\\\/produit\\\/marita-t-seca-burn-2\\\/\"]}]},{\"@type\":\"ImageObject\",\"inLanguage\":\"pt-PT\",\"@id\":\"https:\\\/\\\/maritastore.ch\\\/produit\\\/marita-t-seca-burn-2\\\/#primaryimage\",\"url\":\"https:\\\/\\\/maritastore.ch\\\/wp-content\\\/uploads\\\/2025\\\/07\\\/tisane-burn-marita-the-blanc-guarana-100g.jpg-2.png\",\"contentUrl\":\"https:\\\/\\\/maritastore.ch\\\/wp-content\\\/uploads\\\/2025\\\/07\\\/tisane-burn-marita-the-blanc-guarana-100g.jpg-2.png\",\"width\":1080,\"height\":1080,\"caption\":\"T-Seca Burn aide \u00e0 br\u00fbler les graisses et \u00e0 stimuler l\u2019\u00e9nergie au quotidien.\"},{\"@type\":\"BreadcrumbList\",\"@id\":\"https:\\\/\\\/maritastore.ch\\\/produit\\\/marita-t-seca-burn-2\\\/#breadcrumb\",\"itemListElement\":[{\"@type\":\"ListItem\",\"position\":1,\"name\":\"Accueil\",\"item\":\"https:\\\/\\\/maritastore.ch\\\/\"},{\"@type\":\"ListItem\",\"position\":2,\"name\":\"Boutique\",\"item\":\"https:\\\/\\\/maritastore.ch\\\/boutique\\\/\"},{\"@type\":\"ListItem\",\"position\":3,\"name\":\"T-SECA BURN\"}]},{\"@type\":\"WebSite\",\"@id\":\"https:\\\/\\\/maritastore.ch\\\/#website\",\"url\":\"https:\\\/\\\/maritastore.ch\\\/\",\"name\":\"Marita\",\"description\":\"Boissons partenaire de votre sant\u00e9\",\"publisher\":{\"@id\":\"https:\\\/\\\/maritastore.ch\\\/#organization\"},\"potentialAction\":[{\"@type\":\"SearchAction\",\"target\":{\"@type\":\"EntryPoint\",\"urlTemplate\":\"https:\\\/\\\/maritastore.ch\\\/?s={search_term_string}\"},\"query-input\":{\"@type\":\"PropertyValueSpecification\",\"valueRequired\":true,\"valueName\":\"search_term_string\"}}],\"inLanguage\":\"pt-PT\"},{\"@type\":\"Organization\",\"@id\":\"https:\\\/\\\/maritastore.ch\\\/#organization\",\"name\":\"Marita\",\"url\":\"https:\\\/\\\/maritastore.ch\\\/\",\"logo\":{\"@type\":\"ImageObject\",\"inLanguage\":\"pt-PT\",\"@id\":\"https:\\\/\\\/maritastore.ch\\\/#\\\/schema\\\/logo\\\/image\\\/\",\"url\":\"https:\\\/\\\/maritastore.ch\\\/wp-content\\\/uploads\\\/2024\\\/04\\\/marita-store-network.png\",\"contentUrl\":\"https:\\\/\\\/maritastore.ch\\\/wp-content\\\/uploads\\\/2024\\\/04\\\/marita-store-network.png\",\"width\":322,\"height\":67,\"caption\":\"Marita\"},\"image\":{\"@id\":\"https:\\\/\\\/maritastore.ch\\\/#\\\/schema\\\/logo\\\/image\\\/\"}}]}<\/script>\n<!-- \/ Yoast SEO plugin. -->","yoast_head_json":{"title":"T-Seca Burn \u2013 Th\u00e9 br\u00fble graisse au cassis et guarana","description":"Infusion br\u00fble graisse naturelle \u00e0 base de cassis, guarana et th\u00e9 blanc. Active la combustion des graisses et booste l\u2019\u00e9nergie.","robots":{"index":"index","follow":"follow","max-snippet":"max-snippet:-1","max-image-preview":"max-image-preview:large","max-video-preview":"max-video-preview:-1"},"canonical":"https:\/\/maritastore.ch\/pt\/produto\/marita-t-seca-burn-2\/","og_locale":"pt_PT","og_type":"article","og_title":"T-Seca Burn \u2013 Th\u00e9 br\u00fble graisse au cassis et guarana","og_description":"Infusion br\u00fble graisse naturelle \u00e0 base de cassis, guarana et th\u00e9 blanc. Active la combustion des graisses et booste l\u2019\u00e9nergie.","og_url":"https:\/\/maritastore.ch\/pt\/produto\/marita-t-seca-burn-2\/","og_site_name":"Marita","article_modified_time":"2025-12-15T17:19:49+00:00","og_image":[{"width":1080,"height":1080,"url":"https:\/\/maritastore.ch\/wp-content\/uploads\/2025\/07\/tisane-burn-marita-the-blanc-guarana-100g.jpg-2.png","type":"image\/png"}],"twitter_card":"summary_large_image","twitter_misc":{"Tempo estimado de leitura":"1 minuto"},"schema":{"@context":"https:\/\/schema.org","@graph":[{"@type":"WebPage","@id":"https:\/\/maritastore.ch\/produit\/marita-t-seca-burn-2\/","url":"https:\/\/maritastore.ch\/produit\/marita-t-seca-burn-2\/","name":"T-Seca Burn \u2013 Th\u00e9 br\u00fble graisse au cassis et guarana","isPartOf":{"@id":"https:\/\/maritastore.ch\/#website"},"primaryImageOfPage":{"@id":"https:\/\/maritastore.ch\/produit\/marita-t-seca-burn-2\/#primaryimage"},"image":{"@id":"https:\/\/maritastore.ch\/produit\/marita-t-seca-burn-2\/#primaryimage"},"thumbnailUrl":"https:\/\/maritastore.ch\/wp-content\/uploads\/2025\/07\/tisane-burn-marita-the-blanc-guarana-100g.jpg-2.png","datePublished":"2025-07-04T11:03:14+00:00","dateModified":"2025-12-15T17:19:49+00:00","description":"Infusion br\u00fble graisse naturelle \u00e0 base de cassis, guarana et th\u00e9 blanc. Active la combustion des graisses et booste l\u2019\u00e9nergie.","breadcrumb":{"@id":"https:\/\/maritastore.ch\/produit\/marita-t-seca-burn-2\/#breadcrumb"},"inLanguage":"pt-PT","potentialAction":[{"@type":"ReadAction","target":["https:\/\/maritastore.ch\/produit\/marita-t-seca-burn-2\/"]}]},{"@type":"ImageObject","inLanguage":"pt-PT","@id":"https:\/\/maritastore.ch\/produit\/marita-t-seca-burn-2\/#primaryimage","url":"https:\/\/maritastore.ch\/wp-content\/uploads\/2025\/07\/tisane-burn-marita-the-blanc-guarana-100g.jpg-2.png","contentUrl":"https:\/\/maritastore.ch\/wp-content\/uploads\/2025\/07\/tisane-burn-marita-the-blanc-guarana-100g.jpg-2.png","width":1080,"height":1080,"caption":"T-Seca Burn aide \u00e0 br\u00fbler les graisses et \u00e0 stimuler l\u2019\u00e9nergie au quotidien."},{"@type":"BreadcrumbList","@id":"https:\/\/maritastore.ch\/produit\/marita-t-seca-burn-2\/#breadcrumb","itemListElement":[{"@type":"ListItem","position":1,"name":"Accueil","item":"https:\/\/maritastore.ch\/"},{"@type":"ListItem","position":2,"name":"Boutique","item":"https:\/\/maritastore.ch\/boutique\/"},{"@type":"ListItem","position":3,"name":"T-SECA BURN"}]},{"@type":"WebSite","@id":"https:\/\/maritastore.ch\/#website","url":"https:\/\/maritastore.ch\/","name":"Marita","description":"Bebidas, sua parceira para a sa\u00fade","publisher":{"@id":"https:\/\/maritastore.ch\/#organization"},"potentialAction":[{"@type":"SearchAction","target":{"@type":"EntryPoint","urlTemplate":"https:\/\/maritastore.ch\/?s={search_term_string}"},"query-input":{"@type":"PropertyValueSpecification","valueRequired":true,"valueName":"search_term_string"}}],"inLanguage":"pt-PT"},{"@type":"Organization","@id":"https:\/\/maritastore.ch\/#organization","name":"Marita","url":"https:\/\/maritastore.ch\/","logo":{"@type":"ImageObject","inLanguage":"pt-PT","@id":"https:\/\/maritastore.ch\/#\/schema\/logo\/image\/","url":"https:\/\/maritastore.ch\/wp-content\/uploads\/2024\/04\/marita-store-network.png","contentUrl":"https:\/\/maritastore.ch\/wp-content\/uploads\/2024\/04\/marita-store-network.png","width":322,"height":67,"caption":"Marita"},"image":{"@id":"https:\/\/maritastore.ch\/#\/schema\/logo\/image\/"}}]}},"_links":{"self":[{"href":"https:\/\/maritastore.ch\/pt\/wp-json\/wp\/v2\/product\/749","targetHints":{"allow":["GET"]}}],"collection":[{"href":"https:\/\/maritastore.ch\/pt\/wp-json\/wp\/v2\/product"}],"about":[{"href":"https:\/\/maritastore.ch\/pt\/wp-json\/wp\/v2\/types\/product"}],"wp:featuredmedia":[{"embeddable":true,"href":"https:\/\/maritastore.ch\/pt\/wp-json\/wp\/v2\/media\/783"}],"wp:attachment":[{"href":"https:\/\/maritastore.ch\/pt\/wp-json\/wp\/v2\/media?parent=749"}],"wp:term":[{"taxonomy":"product_brand","embeddable":true,"href":"https:\/\/maritastore.ch\/pt\/wp-json\/wp\/v2\/product_brand?post=749"},{"taxonomy":"product_cat","embeddable":true,"href":"https:\/\/maritastore.ch\/pt\/wp-json\/wp\/v2\/product_cat?post=749"},{"taxonomy":"product_tag","embeddable":true,"href":"https:\/\/maritastore.ch\/pt\/wp-json\/wp\/v2\/product_tag?post=749"}],"curies":[{"name":"wp","href":"https:\/\/api.w.org\/{rel}","templated":true}]}}