{"id":532,"date":"2024-11-20T16:49:20","date_gmt":"2024-11-20T15:49:20","guid":{"rendered":"https:\/\/maritastore.ch\/?page_id=532"},"modified":"2025-08-01T12:58:52","modified_gmt":"2025-08-01T10:58:52","slug":"avantages","status":"publish","type":"page","link":"https:\/\/maritastore.ch\/it\/avantages\/","title":{"rendered":"Vantaggi"},"content":{"rendered":"<p>[et_pb_section fb_built=\u00a0\u00bb1&Prime; _builder_version=\u00a0\u00bb4.24.3&Prime; _module_preset=\u00a0\u00bbdefault\u00a0\u00bb custom_padding=\u00a0\u00bb||0px|||\u00a0\u00bb global_colors_info=\u00a0\u00bb{}\u00a0\u00bb][et_pb_row _builder_version=\u00a0\u00bb4.24.3&Prime; _module_preset=\u00a0\u00bbdefault\u00a0\u00bb custom_padding=\u00a0\u00bb0px||0px|||\u00a0\u00bb border_width_bottom=\u00a0\u00bb1px\u00a0\u00bb global_colors_info=\u00a0\u00bb{}\u00a0\u00bb][et_pb_column type=\u00a0\u00bb4_4&Prime; _builder_version=\u00a0\u00bb4.24.3&Prime; _module_preset=\u00a0\u00bbdefault\u00a0\u00bb global_colors_info=\u00a0\u00bb{}\u00a0\u00bb][et_pb_text _builder_version=\u00a0\u00bb4.27.4&Prime; _module_preset=\u00a0\u00bbdefault\u00a0\u00bb text_font=\u00a0\u00bb|||on|||||\u00a0\u00bb header_2_font_size=\u00a0\u00bb40px\u00a0\u00bb text_orientation=\u00a0\u00bbcenter\u00a0\u00bb custom_padding=\u00a0\u00bb||20px||false|false\u00a0\u00bb hover_enabled=\u00a0\u00bb0&Prime; global_colors_info=\u00a0\u00bb{}\u00a0\u00bb sticky_enabled=\u00a0\u00bb0&Prime;]<\/p>\n<h1 class=\"g-layercontent-title\">LES AVANTAGES DE NOS INGR\u00c9DIENTS<\/h1>\n<div class=\"g-layercontent-subtitle\"><a href=\"#ing1\">Psyllium<\/a> | <a href=\"#ing2\">\u00c9tincelle asiatique<\/a> | <a href=\"#ing3\">Caf\u00e9 Arabica<\/a> | <a href=\"#ing4\">Bacopa Monnieri<\/a> | <a href=\"#ing5\">Yerba Mat\u00e9<\/a> | <a href=\"#ing6\">Garnicia Cambogia<\/a><\/div>\n<p>[\/et_pb_text][\/et_pb_column][\/et_pb_row][et_pb_row column_structure=\u00a0\u00bb1_3,1_3,1_3&Prime; _builder_version=\u00a0\u00bb4.24.3&Prime; _module_preset=\u00a0\u00bbdefault\u00a0\u00bb width_tablet=\u00a0\u00bb\u00a0\u00bb width_phone=\u00a0\u00bb90%\u00a0\u00bb width_last_edited=\u00a0\u00bbon|phone\u00a0\u00bb global_colors_info=\u00a0\u00bb{}\u00a0\u00bb][et_pb_column type=\u00a0\u00bb1_3&Prime; _builder_version=\u00a0\u00bb4.24.3&Prime; _module_preset=\u00a0\u00bbdefault\u00a0\u00bb global_colors_info=\u00a0\u00bb{}\u00a0\u00bb][et_pb_blurb title=\u00a0\u00bbPsyllium\u00a0\u00bb image=\u00a0\u00bbhttps:\/\/maritastore.ch\/wp-content\/uploads\/2024\/11\/ing1.png\u00a0\u00bb alt=\u00a0\u00bbing1&Prime; module_id=\u00a0\u00bbing1&Prime; _builder_version=\u00a0\u00bb4.27.4&Prime; _module_preset=\u00a0\u00bbdefault\u00a0\u00bb header_text_align=\u00a0\u00bbcenter\u00a0\u00bb header_font_size=\u00a0\u00bb40px\u00a0\u00bb text_orientation=\u00a0\u00bbcenter\u00a0\u00bb hover_enabled=\u00a0\u00bb0&Prime; global_colors_info=\u00a0\u00bb{}\u00a0\u00bb sticky_enabled=\u00a0\u00bb0&Prime;]<\/p>\n<p>Agit comme un bloqueur de graisse, favorisant la perte de poids, contribue \u00e0 r\u00e9duire le cholest\u00e9rol, favorise la sati\u00e9t\u00e9, am\u00e9liore le fonctionnement de la flore intestinale, aide au traitement de l&rsquo;hypertension, a une action antioxydante, r\u00e9duit la glyc\u00e9mie.<\/p>\n<p>[\/et_pb_blurb][\/et_pb_column][et_pb_column type=\u00a0\u00bb1_3&Prime; _builder_version=\u00a0\u00bb4.24.3&Prime; _module_preset=\u00a0\u00bbdefault\u00a0\u00bb global_colors_info=\u00a0\u00bb{}\u00a0\u00bb][et_pb_blurb title=\u00a0\u00bb\u00c9tincelle asiatique\u00a0\u00bb image=\u00a0\u00bbhttps:\/\/maritastore.ch\/wp-content\/uploads\/2024\/11\/ing2.png\u00a0\u00bb alt=\u00a0\u00bbing2&Prime; module_id=\u00a0\u00bbing2&Prime; _builder_version=\u00a0\u00bb4.24.3&Prime; _module_preset=\u00a0\u00bbdefault\u00a0\u00bb header_text_align=\u00a0\u00bbcenter\u00a0\u00bb header_font_size=\u00a0\u00bb40px\u00a0\u00bb text_orientation=\u00a0\u00bbcenter\u00a0\u00bb global_colors_info=\u00a0\u00bb{}\u00a0\u00bb]<\/p>\n<p>Cette plante r\u00e9duit les amas graisseux dans les adipocytes, r\u00e9duit l&rsquo;anxi\u00e9t\u00e9 et aide \u00e0 contr\u00f4ler l&rsquo;app\u00e9tit, avec une action diur\u00e9tique, combat l&rsquo;inflammation, d\u00e9toxifie et am\u00e9liore la peau.<\/p>\n<p>[\/et_pb_blurb][\/et_pb_column][et_pb_column type=\u00a0\u00bb1_3&Prime; _builder_version=\u00a0\u00bb4.24.3&Prime; _module_preset=\u00a0\u00bbdefault\u00a0\u00bb global_colors_info=\u00a0\u00bb{}\u00a0\u00bb][et_pb_blurb title=\u00a0\u00bbCaf\u00e9 Arabica\u00a0\u00bb image=\u00a0\u00bbhttps:\/\/maritastore.ch\/wp-content\/uploads\/2024\/11\/ing3.png\u00a0\u00bb alt=\u00a0\u00bbing3&Prime; module_id=\u00a0\u00bbing3&Prime; _builder_version=\u00a0\u00bb4.24.3&Prime; _module_preset=\u00a0\u00bbdefault\u00a0\u00bb header_text_align=\u00a0\u00bbcenter\u00a0\u00bb header_font_size=\u00a0\u00bb40px\u00a0\u00bb text_orientation=\u00a0\u00bbcenter\u00a0\u00bb global_colors_info=\u00a0\u00bb{}\u00a0\u00bb]<\/p>\n<p>Aide \u00e0 br\u00fbler des calories, r\u00e9gule le foie, aide \u00e0 combattre le diab\u00e8te de type 2, augmente la sensibilit\u00e9 \u00e0 l&rsquo;insuline, r\u00e9duit la sensation de faim, aide \u00e0 r\u00e9duire l&rsquo;hypertension.<\/p>\n<p>[\/et_pb_blurb][\/et_pb_column][\/et_pb_row][et_pb_row column_structure=\u00a0\u00bb1_3,1_3,1_3&Prime; _builder_version=\u00a0\u00bb4.24.3&Prime; _module_preset=\u00a0\u00bbdefault\u00a0\u00bb width_tablet=\u00a0\u00bb\u00a0\u00bb width_phone=\u00a0\u00bb90%\u00a0\u00bb width_last_edited=\u00a0\u00bbon|phone\u00a0\u00bb global_colors_info=\u00a0\u00bb{}\u00a0\u00bb][et_pb_column type=\u00a0\u00bb1_3&Prime; _builder_version=\u00a0\u00bb4.24.3&Prime; _module_preset=\u00a0\u00bbdefault\u00a0\u00bb global_colors_info=\u00a0\u00bb{}\u00a0\u00bb][et_pb_blurb title=\u00a0\u00bbBacopa Monnieri\u00a0\u00bb image=\u00a0\u00bbhttps:\/\/maritastore.ch\/wp-content\/uploads\/2024\/11\/ing4.png\u00a0\u00bb alt=\u00a0\u00bbing4&Prime; module_id=\u00a0\u00bbing4&Prime; _builder_version=\u00a0\u00bb4.24.3&Prime; _module_preset=\u00a0\u00bbdefault\u00a0\u00bb header_text_align=\u00a0\u00bbcenter\u00a0\u00bb header_font_size=\u00a0\u00bb40px\u00a0\u00bb text_orientation=\u00a0\u00bbcenter\u00a0\u00bb global_colors_info=\u00a0\u00bb{}\u00a0\u00bb]<\/p>\n<p>Cette plante am\u00e9liore la m\u00e9moire, contr\u00f4le l&rsquo;anxi\u00e9t\u00e9, la fatigue mentale, est efficace contre l&rsquo;asthme, efficace contre la d\u00e9pression et le stress.<\/p>\n<p>[\/et_pb_blurb][\/et_pb_column][et_pb_column type=\u00a0\u00bb1_3&Prime; _builder_version=\u00a0\u00bb4.24.3&Prime; _module_preset=\u00a0\u00bbdefault\u00a0\u00bb global_colors_info=\u00a0\u00bb{}\u00a0\u00bb][et_pb_blurb title=\u00a0\u00bbYerba Mat\u00e9\u00a0\u00bb image=\u00a0\u00bbhttps:\/\/maritastore.ch\/wp-content\/uploads\/2024\/11\/ing5.png\u00a0\u00bb alt=\u00a0\u00bbing5&Prime; module_id=\u00a0\u00bbing5&Prime; _builder_version=\u00a0\u00bb4.24.3&Prime; _module_preset=\u00a0\u00bbdefault\u00a0\u00bb header_text_align=\u00a0\u00bbcenter\u00a0\u00bb header_font_size=\u00a0\u00bb40px\u00a0\u00bb text_orientation=\u00a0\u00bbcenter\u00a0\u00bb global_colors_info=\u00a0\u00bb{}\u00a0\u00bb]<\/p>\n<p>Cette plante est utile pour perdre du poids, combattre le mauvais cholest\u00e9rol (LDL) et augmenter le bon cholest\u00e9rol (HDL), abaisser la glyc\u00e9mie, satisfaire la faim, stimuler les fonctions c\u00e9r\u00e9brales, am\u00e9liorer la circulation sanguine, faciliter la digestion, nettoyer la peau et, en plus, \u00e9galement contribue \u00e0 un syst\u00e8me cardiovasculaire et respiratoire sain.<\/p>\n<p>[\/et_pb_blurb][\/et_pb_column][et_pb_column type=\u00a0\u00bb1_3&Prime; _builder_version=\u00a0\u00bb4.24.3&Prime; _module_preset=\u00a0\u00bbdefault\u00a0\u00bb global_colors_info=\u00a0\u00bb{}\u00a0\u00bb][et_pb_blurb title=\u00a0\u00bbGarnicia Cambogia\u00a0\u00bb image=\u00a0\u00bbhttps:\/\/maritastore.ch\/wp-content\/uploads\/2024\/11\/ing6.png\u00a0\u00bb alt=\u00a0\u00bbing6&Prime; module_id=\u00a0\u00bbing6&Prime; _builder_version=\u00a0\u00bb4.24.3&Prime; _module_preset=\u00a0\u00bbdefault\u00a0\u00bb header_text_align=\u00a0\u00bbcenter\u00a0\u00bb header_font_size=\u00a0\u00bb40px\u00a0\u00bb text_orientation=\u00a0\u00bbcenter\u00a0\u00bb global_colors_info=\u00a0\u00bb{}\u00a0\u00bb]<\/p>\n<p>Cette substance contribue \u00e0 la perte de poids \u00e0 travers deux m\u00e9canismes : elle aide \u00e0 bloquer la conversion des glucides en graisses, c&rsquo;est-\u00e0-dire qu&rsquo;elle inhibe la production de graisses ; et aide \u00e0 r\u00e9duire l\u2019app\u00e9tit.<\/p>\n<p>[\/et_pb_blurb][\/et_pb_column][\/et_pb_row][\/et_pb_section]<\/p>\n","protected":false},"excerpt":{"rendered":"<p>LES AVANTAGES DE NOS INGR\u00c9DIENTS Psyllium | \u00c9tincelle asiatique | Caf\u00e9 Arabica | Bacopa Monnieri | Yerba Mat\u00e9 | Garnicia CambogiaAgit comme un bloqueur de graisse, favorisant la perte de poids, contribue \u00e0 r\u00e9duire le cholest\u00e9rol, favorise la sati\u00e9t\u00e9, am\u00e9liore le fonctionnement de la flore intestinale, aide au traitement de l&rsquo;hypertension, a une action antioxydante, [&hellip;]<\/p>\n","protected":false},"author":1,"featured_media":0,"parent":0,"menu_order":55,"comment_status":"closed","ping_status":"closed","template":"","meta":{"_et_pb_use_builder":"on","_et_pb_old_content":"<!-- wp:divi\/placeholder \/-->","_et_gb_content_width":"","footnotes":""},"class_list":["post-532","page","type-page","status-publish","hentry"],"yoast_head":"<!-- This site is optimized with the Yoast SEO plugin v27.3 - https:\/\/yoast.com\/product\/yoast-seo-wordpress\/ -->\n<title>Avantages des ingr\u00e9dients Marita \u2013 Sant\u00e9, \u00e9nergie, digestion<\/title>\n<meta name=\"description\" content=\"D\u00e9couvrez les bienfaits des ingr\u00e9dients Marita : psyllium, mat\u00e9, bacopa, Garcinia\u2026 pour la perte de poids, la m\u00e9moire, le c\u0153ur et la vitalit\u00e9.\" \/>\n<meta name=\"robots\" content=\"index, follow, max-snippet:-1, max-image-preview:large, max-video-preview:-1\" \/>\n<link rel=\"canonical\" href=\"https:\/\/maritastore.ch\/it\/avantages\/\" \/>\n<meta property=\"og:locale\" content=\"it_IT\" \/>\n<meta property=\"og:type\" content=\"article\" \/>\n<meta property=\"og:title\" content=\"Avantages des ingr\u00e9dients Marita \u2013 Sant\u00e9, \u00e9nergie, digestion\" \/>\n<meta property=\"og:description\" content=\"D\u00e9couvrez les bienfaits des ingr\u00e9dients Marita : psyllium, mat\u00e9, bacopa, Garcinia\u2026 pour la perte de poids, la m\u00e9moire, le c\u0153ur et la vitalit\u00e9.\" \/>\n<meta property=\"og:url\" content=\"https:\/\/maritastore.ch\/it\/avantages\/\" \/>\n<meta property=\"og:site_name\" content=\"Marita\" \/>\n<meta property=\"article:modified_time\" content=\"2025-08-01T10:58:52+00:00\" \/>\n<meta property=\"og:image\" content=\"https:\/\/maritastore.ch\/wp-content\/uploads\/2025\/05\/MARITA-Home-page-1.png\" \/>\n\t<meta property=\"og:image:width\" content=\"1920\" \/>\n\t<meta property=\"og:image:height\" content=\"1000\" \/>\n\t<meta property=\"og:image:type\" content=\"image\/png\" \/>\n<meta name=\"twitter:card\" content=\"summary_large_image\" \/>\n<meta name=\"twitter:label1\" content=\"Tempo di lettura stimato\" \/>\n\t<meta name=\"twitter:data1\" content=\"3 minuti\" \/>\n<script type=\"application\/ld+json\" class=\"yoast-schema-graph\">{\"@context\":\"https:\\\/\\\/schema.org\",\"@graph\":[{\"@type\":\"WebPage\",\"@id\":\"https:\\\/\\\/maritastore.ch\\\/avantages\\\/\",\"url\":\"https:\\\/\\\/maritastore.ch\\\/avantages\\\/\",\"name\":\"Avantages des ingr\u00e9dients Marita \u2013 Sant\u00e9, \u00e9nergie, digestion\",\"isPartOf\":{\"@id\":\"https:\\\/\\\/maritastore.ch\\\/#website\"},\"datePublished\":\"2024-11-20T15:49:20+00:00\",\"dateModified\":\"2025-08-01T10:58:52+00:00\",\"description\":\"D\u00e9couvrez les bienfaits des ingr\u00e9dients Marita : psyllium, mat\u00e9, bacopa, Garcinia\u2026 pour la perte de poids, la m\u00e9moire, le c\u0153ur et la vitalit\u00e9.\",\"breadcrumb\":{\"@id\":\"https:\\\/\\\/maritastore.ch\\\/avantages\\\/#breadcrumb\"},\"inLanguage\":\"it-IT\",\"potentialAction\":[{\"@type\":\"ReadAction\",\"target\":[\"https:\\\/\\\/maritastore.ch\\\/avantages\\\/\"]}]},{\"@type\":\"BreadcrumbList\",\"@id\":\"https:\\\/\\\/maritastore.ch\\\/avantages\\\/#breadcrumb\",\"itemListElement\":[{\"@type\":\"ListItem\",\"position\":1,\"name\":\"Accueil\",\"item\":\"https:\\\/\\\/maritastore.ch\\\/\"},{\"@type\":\"ListItem\",\"position\":2,\"name\":\"Avantages\"}]},{\"@type\":\"WebSite\",\"@id\":\"https:\\\/\\\/maritastore.ch\\\/#website\",\"url\":\"https:\\\/\\\/maritastore.ch\\\/\",\"name\":\"Marita\",\"description\":\"Boissons partenaire de votre sant\u00e9\",\"publisher\":{\"@id\":\"https:\\\/\\\/maritastore.ch\\\/#organization\"},\"potentialAction\":[{\"@type\":\"SearchAction\",\"target\":{\"@type\":\"EntryPoint\",\"urlTemplate\":\"https:\\\/\\\/maritastore.ch\\\/?s={search_term_string}\"},\"query-input\":{\"@type\":\"PropertyValueSpecification\",\"valueRequired\":true,\"valueName\":\"search_term_string\"}}],\"inLanguage\":\"it-IT\"},{\"@type\":\"Organization\",\"@id\":\"https:\\\/\\\/maritastore.ch\\\/#organization\",\"name\":\"Marita\",\"url\":\"https:\\\/\\\/maritastore.ch\\\/\",\"logo\":{\"@type\":\"ImageObject\",\"inLanguage\":\"it-IT\",\"@id\":\"https:\\\/\\\/maritastore.ch\\\/#\\\/schema\\\/logo\\\/image\\\/\",\"url\":\"https:\\\/\\\/maritastore.ch\\\/wp-content\\\/uploads\\\/2024\\\/04\\\/marita-store-network.png\",\"contentUrl\":\"https:\\\/\\\/maritastore.ch\\\/wp-content\\\/uploads\\\/2024\\\/04\\\/marita-store-network.png\",\"width\":322,\"height\":67,\"caption\":\"Marita\"},\"image\":{\"@id\":\"https:\\\/\\\/maritastore.ch\\\/#\\\/schema\\\/logo\\\/image\\\/\"}}]}<\/script>\n<!-- \/ Yoast SEO plugin. -->","yoast_head_json":{"title":"Benefici degli ingredienti Marita: salute, energia, digestione","description":"Scopri i benefici degli ingredienti di Marita: psillio, mate, bacopa, Garcinia\u2026 per la perdita di peso, la memoria, il cuore e la vitalit\u00e0.","robots":{"index":"index","follow":"follow","max-snippet":"max-snippet:-1","max-image-preview":"max-image-preview:large","max-video-preview":"max-video-preview:-1"},"canonical":"https:\/\/maritastore.ch\/it\/avantages\/","og_locale":"it_IT","og_type":"article","og_title":"Avantages des ingr\u00e9dients Marita \u2013 Sant\u00e9, \u00e9nergie, digestion","og_description":"D\u00e9couvrez les bienfaits des ingr\u00e9dients Marita : psyllium, mat\u00e9, bacopa, Garcinia\u2026 pour la perte de poids, la m\u00e9moire, le c\u0153ur et la vitalit\u00e9.","og_url":"https:\/\/maritastore.ch\/it\/avantages\/","og_site_name":"Marita","article_modified_time":"2025-08-01T10:58:52+00:00","og_image":[{"width":1920,"height":1000,"url":"https:\/\/maritastore.ch\/wp-content\/uploads\/2025\/05\/MARITA-Home-page-1.png","type":"image\/png"}],"twitter_card":"summary_large_image","twitter_misc":{"Tempo di lettura stimato":"3 minuti"},"schema":{"@context":"https:\/\/schema.org","@graph":[{"@type":"WebPage","@id":"https:\/\/maritastore.ch\/avantages\/","url":"https:\/\/maritastore.ch\/avantages\/","name":"Benefici degli ingredienti Marita: salute, energia, digestione","isPartOf":{"@id":"https:\/\/maritastore.ch\/#website"},"datePublished":"2024-11-20T15:49:20+00:00","dateModified":"2025-08-01T10:58:52+00:00","description":"Scopri i benefici degli ingredienti di Marita: psillio, mate, bacopa, Garcinia\u2026 per la perdita di peso, la memoria, il cuore e la vitalit\u00e0.","breadcrumb":{"@id":"https:\/\/maritastore.ch\/avantages\/#breadcrumb"},"inLanguage":"it-IT","potentialAction":[{"@type":"ReadAction","target":["https:\/\/maritastore.ch\/avantages\/"]}]},{"@type":"BreadcrumbList","@id":"https:\/\/maritastore.ch\/avantages\/#breadcrumb","itemListElement":[{"@type":"ListItem","position":1,"name":"Accueil","item":"https:\/\/maritastore.ch\/"},{"@type":"ListItem","position":2,"name":"Avantages"}]},{"@type":"WebSite","@id":"https:\/\/maritastore.ch\/#website","url":"https:\/\/maritastore.ch\/","name":"Marita","description":"Le bevande, il tuo alleato per la salute","publisher":{"@id":"https:\/\/maritastore.ch\/#organization"},"potentialAction":[{"@type":"SearchAction","target":{"@type":"EntryPoint","urlTemplate":"https:\/\/maritastore.ch\/?s={search_term_string}"},"query-input":{"@type":"PropertyValueSpecification","valueRequired":true,"valueName":"search_term_string"}}],"inLanguage":"it-IT"},{"@type":"Organization","@id":"https:\/\/maritastore.ch\/#organization","name":"Marita","url":"https:\/\/maritastore.ch\/","logo":{"@type":"ImageObject","inLanguage":"it-IT","@id":"https:\/\/maritastore.ch\/#\/schema\/logo\/image\/","url":"https:\/\/maritastore.ch\/wp-content\/uploads\/2024\/04\/marita-store-network.png","contentUrl":"https:\/\/maritastore.ch\/wp-content\/uploads\/2024\/04\/marita-store-network.png","width":322,"height":67,"caption":"Marita"},"image":{"@id":"https:\/\/maritastore.ch\/#\/schema\/logo\/image\/"}}]}},"_links":{"self":[{"href":"https:\/\/maritastore.ch\/it\/wp-json\/wp\/v2\/pages\/532","targetHints":{"allow":["GET"]}}],"collection":[{"href":"https:\/\/maritastore.ch\/it\/wp-json\/wp\/v2\/pages"}],"about":[{"href":"https:\/\/maritastore.ch\/it\/wp-json\/wp\/v2\/types\/page"}],"author":[{"embeddable":true,"href":"https:\/\/maritastore.ch\/it\/wp-json\/wp\/v2\/users\/1"}],"replies":[{"embeddable":true,"href":"https:\/\/maritastore.ch\/it\/wp-json\/wp\/v2\/comments?post=532"}],"version-history":[{"count":5,"href":"https:\/\/maritastore.ch\/it\/wp-json\/wp\/v2\/pages\/532\/revisions"}],"predecessor-version":[{"id":930,"href":"https:\/\/maritastore.ch\/it\/wp-json\/wp\/v2\/pages\/532\/revisions\/930"}],"wp:attachment":[{"href":"https:\/\/maritastore.ch\/it\/wp-json\/wp\/v2\/media?parent=532"}],"curies":[{"name":"parola chiave","href":"https:\/\/api.w.org\/{rel}","templated":true}]}}