{"id":782,"date":"2025-07-09T17:52:05","date_gmt":"2025-07-09T15:52:05","guid":{"rendered":"https:\/\/maritastore.ch\/?post_type=product&#038;p=782"},"modified":"2025-12-15T18:18:05","modified_gmt":"2025-12-15T17:18:05","slug":"stevia","status":"publish","type":"product","link":"https:\/\/maritastore.ch\/es\/producto\/stevia\/","title":{"rendered":"STEVIA"},"content":{"rendered":"<div><strong>marita estevia<\/strong><\/div>\n<div>Son action hypoglyc\u00e9miante stimule la s\u00e9cr\u00e9tion d&rsquo;insuline, r\u00e9duisant le niveau de glucose dans le sang, de sorte que les aliments et les boissons sucr\u00e9s \u00e0 la st\u00e9via peuvent \u00eatre tr\u00e8s importants dans l&rsquo;alimentation des diab\u00e9tiques. Les feuilles de Stevia contiennent des sels min\u00e9raux : Aluminium, Calcium, Chrome, Cobalt, Fluor, Fer, Magn\u00e9sium, Mangan\u00e8se, Phosphore, Potassium, S\u00e9l\u00e9nium, Sodium, Etain, Zinc et des Vitamines : Acide ascorbique (vitamine C), B\u00eata-carot\u00e8ne (pr\u00e9curseur de la Vitamine A ), Niacine, Riboflavine, Thiamine (vitamines du complexe B).<\/div>\n<div>\n<div><\/div>\n<\/div>","protected":false},"excerpt":{"rendered":"<h3 data-start=\"113\" data-end=\"186\">100 % edulcorante natural con m\u00faltiples beneficios<\/h3>\n<p data-start=\"188\" data-end=\"456\">Marita Stevia es mucho m\u00e1s que un simple edulcorante. Gracias a su <strong data-start=\"253\" data-end=\"300\">poder edulcorante 300 veces mayor que el az\u00facar<\/strong> y a su <strong data-start=\"310\" data-end=\"347\">virtudes naturales excepcionales<\/strong>, es ideal para cualquier persona que quiera <strong data-start=\"395\" data-end=\"433\">reducir su consumo de az\u00facar<\/strong> Sin sacrificar el sabor.<\/p>\n<p data-start=\"458\" data-end=\"710\">Formulado a partir de hojas de stevia ricas en <strong data-start=\"508\" data-end=\"544\">vitaminas y minerales esenciales<\/strong> (vitamina C, Betacaroteno, Cromo, Magnesio, Zinc\u2026), Marita Stevia es particularmente <strong data-start=\"637\" data-end=\"681\">beneficioso para las personas con diabetes<\/strong> o conscientes de la salud.<\/p>","protected":false},"featured_media":137,"template":"","meta":{"_et_pb_use_builder":"","_et_pb_old_content":"","_et_gb_content_width":""},"product_brand":[],"product_cat":[16],"product_tag":[42,59,63,47,48,44,61,62,32,51,60,58,52,57,64,56],"class_list":{"0":"post-782","1":"product","2":"type-product","3":"status-publish","4":"has-post-thumbnail","6":"product_cat-gd-public","7":"product_tag-antioxydant","8":"product_tag-diabetique","9":"product_tag-digestion","10":"product_tag-edulcorant-naturel","11":"product_tag-hyperactivite","12":"product_tag-hypertension","13":"product_tag-hypoglycemie","14":"product_tag-indice-glycemique-bas","15":"product_tag-minceur","16":"product_tag-obesite","17":"product_tag-regime-cetogene","18":"product_tag-sans-calories","19":"product_tag-sans-gluten","20":"product_tag-sans-sucre","21":"product_tag-sante-bucco-dentaire","22":"product_tag-stevia-pure","24":"first","25":"instock","26":"taxable","27":"shipping-taxable","28":"purchasable","29":"product-type-simple"},"yoast_head":"<!-- This site is optimized with the Yoast SEO plugin v27.3 - https:\/\/yoast.com\/product\/yoast-seo-wordpress\/ -->\n<title>St\u00e9via Marita \u2013 \u00c9dulcorant naturel sans sucre ni calories<\/title>\n<meta name=\"description\" content=\"St\u00e9via Marita, \u00e9dulcorant naturel sans sucre ni calories, parfait pour diab\u00e9tiques. En vente sur MaritaStore.ch avec livraison rapide en Suisse.\" \/>\n<meta name=\"robots\" content=\"index, follow, max-snippet:-1, max-image-preview:large, max-video-preview:-1\" \/>\n<link rel=\"canonical\" href=\"https:\/\/maritastore.ch\/es\/producto\/stevia\/\" \/>\n<meta property=\"og:locale\" content=\"es_ES\" \/>\n<meta property=\"og:type\" content=\"article\" \/>\n<meta property=\"og:title\" content=\"St\u00e9via Marita \u2013 \u00c9dulcorant naturel sans sucre ni calories\" \/>\n<meta property=\"og:description\" content=\"St\u00e9via Marita, \u00e9dulcorant naturel sans sucre ni calories, parfait pour diab\u00e9tiques. En vente sur MaritaStore.ch avec livraison rapide en Suisse.\" \/>\n<meta property=\"og:url\" content=\"https:\/\/maritastore.ch\/es\/producto\/stevia\/\" \/>\n<meta property=\"og:site_name\" content=\"Marita\" \/>\n<meta property=\"article:modified_time\" content=\"2025-12-15T17:18:05+00:00\" \/>\n<meta property=\"og:image\" content=\"https:\/\/maritastore.ch\/wp-content\/uploads\/2024\/04\/marita-stevia.png\" \/>\n\t<meta property=\"og:image:width\" content=\"450\" \/>\n\t<meta property=\"og:image:height\" content=\"600\" \/>\n\t<meta property=\"og:image:type\" content=\"image\/png\" \/>\n<meta name=\"twitter:card\" content=\"summary_large_image\" \/>\n<meta name=\"twitter:label1\" content=\"Tiempo de lectura\" \/>\n\t<meta name=\"twitter:data1\" content=\"1 minuto\" \/>\n<script type=\"application\/ld+json\" class=\"yoast-schema-graph\">{\"@context\":\"https:\\\/\\\/schema.org\",\"@graph\":[{\"@type\":\"WebPage\",\"@id\":\"https:\\\/\\\/maritastore.ch\\\/produit\\\/stevia\\\/\",\"url\":\"https:\\\/\\\/maritastore.ch\\\/produit\\\/stevia\\\/\",\"name\":\"St\u00e9via Marita \u2013 \u00c9dulcorant naturel sans sucre ni calories\",\"isPartOf\":{\"@id\":\"https:\\\/\\\/maritastore.ch\\\/#website\"},\"primaryImageOfPage\":{\"@id\":\"https:\\\/\\\/maritastore.ch\\\/produit\\\/stevia\\\/#primaryimage\"},\"image\":{\"@id\":\"https:\\\/\\\/maritastore.ch\\\/produit\\\/stevia\\\/#primaryimage\"},\"thumbnailUrl\":\"https:\\\/\\\/maritastore.ch\\\/wp-content\\\/uploads\\\/2024\\\/04\\\/marita-stevia.png\",\"datePublished\":\"2025-07-09T15:52:05+00:00\",\"dateModified\":\"2025-12-15T17:18:05+00:00\",\"description\":\"St\u00e9via Marita, \u00e9dulcorant naturel sans sucre ni calories, parfait pour diab\u00e9tiques. En vente sur MaritaStore.ch avec livraison rapide en Suisse.\",\"breadcrumb\":{\"@id\":\"https:\\\/\\\/maritastore.ch\\\/produit\\\/stevia\\\/#breadcrumb\"},\"inLanguage\":\"es\",\"potentialAction\":[{\"@type\":\"ReadAction\",\"target\":[\"https:\\\/\\\/maritastore.ch\\\/produit\\\/stevia\\\/\"]}]},{\"@type\":\"ImageObject\",\"inLanguage\":\"es\",\"@id\":\"https:\\\/\\\/maritastore.ch\\\/produit\\\/stevia\\\/#primaryimage\",\"url\":\"https:\\\/\\\/maritastore.ch\\\/wp-content\\\/uploads\\\/2024\\\/04\\\/marita-stevia.png\",\"contentUrl\":\"https:\\\/\\\/maritastore.ch\\\/wp-content\\\/uploads\\\/2024\\\/04\\\/marita-stevia.png\",\"width\":450,\"height\":600,\"caption\":\"\u00c9dulcorant naturel issu de la stevia \u2013 sans sucre, sans lactose, sans gluten. Parfait pour les diab\u00e9tiques et les r\u00e9gimes sans sucre.\"},{\"@type\":\"BreadcrumbList\",\"@id\":\"https:\\\/\\\/maritastore.ch\\\/produit\\\/stevia\\\/#breadcrumb\",\"itemListElement\":[{\"@type\":\"ListItem\",\"position\":1,\"name\":\"Accueil\",\"item\":\"https:\\\/\\\/maritastore.ch\\\/\"},{\"@type\":\"ListItem\",\"position\":2,\"name\":\"Boutique\",\"item\":\"https:\\\/\\\/maritastore.ch\\\/boutique\\\/\"},{\"@type\":\"ListItem\",\"position\":3,\"name\":\"ST\u00c9VIA\"}]},{\"@type\":\"WebSite\",\"@id\":\"https:\\\/\\\/maritastore.ch\\\/#website\",\"url\":\"https:\\\/\\\/maritastore.ch\\\/\",\"name\":\"Marita\",\"description\":\"Boissons partenaire de votre sant\u00e9\",\"publisher\":{\"@id\":\"https:\\\/\\\/maritastore.ch\\\/#organization\"},\"potentialAction\":[{\"@type\":\"SearchAction\",\"target\":{\"@type\":\"EntryPoint\",\"urlTemplate\":\"https:\\\/\\\/maritastore.ch\\\/?s={search_term_string}\"},\"query-input\":{\"@type\":\"PropertyValueSpecification\",\"valueRequired\":true,\"valueName\":\"search_term_string\"}}],\"inLanguage\":\"es\"},{\"@type\":\"Organization\",\"@id\":\"https:\\\/\\\/maritastore.ch\\\/#organization\",\"name\":\"Marita\",\"url\":\"https:\\\/\\\/maritastore.ch\\\/\",\"logo\":{\"@type\":\"ImageObject\",\"inLanguage\":\"es\",\"@id\":\"https:\\\/\\\/maritastore.ch\\\/#\\\/schema\\\/logo\\\/image\\\/\",\"url\":\"https:\\\/\\\/maritastore.ch\\\/wp-content\\\/uploads\\\/2024\\\/04\\\/marita-store-network.png\",\"contentUrl\":\"https:\\\/\\\/maritastore.ch\\\/wp-content\\\/uploads\\\/2024\\\/04\\\/marita-store-network.png\",\"width\":322,\"height\":67,\"caption\":\"Marita\"},\"image\":{\"@id\":\"https:\\\/\\\/maritastore.ch\\\/#\\\/schema\\\/logo\\\/image\\\/\"}}]}<\/script>\n<!-- \/ Yoast SEO plugin. -->","yoast_head_json":{"title":"St\u00e9via Marita \u2013 \u00c9dulcorant naturel sans sucre ni calories","description":"St\u00e9via Marita, \u00e9dulcorant naturel sans sucre ni calories, parfait pour diab\u00e9tiques. En vente sur MaritaStore.ch avec livraison rapide en Suisse.","robots":{"index":"index","follow":"follow","max-snippet":"max-snippet:-1","max-image-preview":"max-image-preview:large","max-video-preview":"max-video-preview:-1"},"canonical":"https:\/\/maritastore.ch\/es\/producto\/stevia\/","og_locale":"es_ES","og_type":"article","og_title":"St\u00e9via Marita \u2013 \u00c9dulcorant naturel sans sucre ni calories","og_description":"St\u00e9via Marita, \u00e9dulcorant naturel sans sucre ni calories, parfait pour diab\u00e9tiques. En vente sur MaritaStore.ch avec livraison rapide en Suisse.","og_url":"https:\/\/maritastore.ch\/es\/producto\/stevia\/","og_site_name":"Marita","article_modified_time":"2025-12-15T17:18:05+00:00","og_image":[{"width":450,"height":600,"url":"https:\/\/maritastore.ch\/wp-content\/uploads\/2024\/04\/marita-stevia.png","type":"image\/png"}],"twitter_card":"summary_large_image","twitter_misc":{"Tiempo de lectura":"1 minuto"},"schema":{"@context":"https:\/\/schema.org","@graph":[{"@type":"WebPage","@id":"https:\/\/maritastore.ch\/produit\/stevia\/","url":"https:\/\/maritastore.ch\/produit\/stevia\/","name":"St\u00e9via Marita \u2013 \u00c9dulcorant naturel sans sucre ni calories","isPartOf":{"@id":"https:\/\/maritastore.ch\/#website"},"primaryImageOfPage":{"@id":"https:\/\/maritastore.ch\/produit\/stevia\/#primaryimage"},"image":{"@id":"https:\/\/maritastore.ch\/produit\/stevia\/#primaryimage"},"thumbnailUrl":"https:\/\/maritastore.ch\/wp-content\/uploads\/2024\/04\/marita-stevia.png","datePublished":"2025-07-09T15:52:05+00:00","dateModified":"2025-12-15T17:18:05+00:00","description":"St\u00e9via Marita, \u00e9dulcorant naturel sans sucre ni calories, parfait pour diab\u00e9tiques. En vente sur MaritaStore.ch avec livraison rapide en Suisse.","breadcrumb":{"@id":"https:\/\/maritastore.ch\/produit\/stevia\/#breadcrumb"},"inLanguage":"es","potentialAction":[{"@type":"ReadAction","target":["https:\/\/maritastore.ch\/produit\/stevia\/"]}]},{"@type":"ImageObject","inLanguage":"es","@id":"https:\/\/maritastore.ch\/produit\/stevia\/#primaryimage","url":"https:\/\/maritastore.ch\/wp-content\/uploads\/2024\/04\/marita-stevia.png","contentUrl":"https:\/\/maritastore.ch\/wp-content\/uploads\/2024\/04\/marita-stevia.png","width":450,"height":600,"caption":"\u00c9dulcorant naturel issu de la stevia \u2013 sans sucre, sans lactose, sans gluten. Parfait pour les diab\u00e9tiques et les r\u00e9gimes sans sucre."},{"@type":"BreadcrumbList","@id":"https:\/\/maritastore.ch\/produit\/stevia\/#breadcrumb","itemListElement":[{"@type":"ListItem","position":1,"name":"Accueil","item":"https:\/\/maritastore.ch\/"},{"@type":"ListItem","position":2,"name":"Boutique","item":"https:\/\/maritastore.ch\/boutique\/"},{"@type":"ListItem","position":3,"name":"ST\u00c9VIA"}]},{"@type":"WebSite","@id":"https:\/\/maritastore.ch\/#website","url":"https:\/\/maritastore.ch\/","name":"Marita","description":"Bebidas, tu aliado de salud","publisher":{"@id":"https:\/\/maritastore.ch\/#organization"},"potentialAction":[{"@type":"SearchAction","target":{"@type":"EntryPoint","urlTemplate":"https:\/\/maritastore.ch\/?s={search_term_string}"},"query-input":{"@type":"PropertyValueSpecification","valueRequired":true,"valueName":"search_term_string"}}],"inLanguage":"es"},{"@type":"Organization","@id":"https:\/\/maritastore.ch\/#organization","name":"Marita","url":"https:\/\/maritastore.ch\/","logo":{"@type":"ImageObject","inLanguage":"es","@id":"https:\/\/maritastore.ch\/#\/schema\/logo\/image\/","url":"https:\/\/maritastore.ch\/wp-content\/uploads\/2024\/04\/marita-store-network.png","contentUrl":"https:\/\/maritastore.ch\/wp-content\/uploads\/2024\/04\/marita-store-network.png","width":322,"height":67,"caption":"Marita"},"image":{"@id":"https:\/\/maritastore.ch\/#\/schema\/logo\/image\/"}}]}},"_links":{"self":[{"href":"https:\/\/maritastore.ch\/es\/wp-json\/wp\/v2\/product\/782","targetHints":{"allow":["GET"]}}],"collection":[{"href":"https:\/\/maritastore.ch\/es\/wp-json\/wp\/v2\/product"}],"about":[{"href":"https:\/\/maritastore.ch\/es\/wp-json\/wp\/v2\/types\/product"}],"wp:featuredmedia":[{"embeddable":true,"href":"https:\/\/maritastore.ch\/es\/wp-json\/wp\/v2\/media\/137"}],"wp:attachment":[{"href":"https:\/\/maritastore.ch\/es\/wp-json\/wp\/v2\/media?parent=782"}],"wp:term":[{"taxonomy":"product_brand","embeddable":true,"href":"https:\/\/maritastore.ch\/es\/wp-json\/wp\/v2\/product_brand?post=782"},{"taxonomy":"product_cat","embeddable":true,"href":"https:\/\/maritastore.ch\/es\/wp-json\/wp\/v2\/product_cat?post=782"},{"taxonomy":"product_tag","embeddable":true,"href":"https:\/\/maritastore.ch\/es\/wp-json\/wp\/v2\/product_tag?post=782"}],"curies":[{"name":"gracias","href":"https:\/\/api.w.org\/{rel}","templated":true}]}}