{"id":26,"date":"2024-04-08T18:53:23","date_gmt":"2024-04-08T16:53:23","guid":{"rendered":"https:\/\/marita.provisoire.ch\/mon-compte\/"},"modified":"2024-04-14T11:24:52","modified_gmt":"2024-04-14T09:24:52","slug":"mon-compte","status":"publish","type":"page","link":"https:\/\/maritastore.ch\/es\/mon-compte\/","title":{"rendered":"mi cuenta"},"content":{"rendered":"[et_pb_section fb_built=\u00a0\u00bb1&Prime; _builder_version=\u00a0\u00bb4.24.2&Prime; background_color=\u00a0\u00bbRGBA(255,255,255,0)\u00a0\u00bb global_colors_info=\u00a0\u00bb{}\u00a0\u00bb theme_builder_area=\u00a0\u00bbpost_content\u00a0\u00bb][et_pb_row _builder_version=\u00a0\u00bb4.24.2&Prime; background_color=\u00a0\u00bbRGBA(255,255,255,0)\u00a0\u00bb background_size=\u00a0\u00bbinitial\u00a0\u00bb background_position=\u00a0\u00bbtop_left\u00a0\u00bb background_repeat=\u00a0\u00bbrepeat\u00a0\u00bb width=\u00a0\u00bb60%\u00a0\u00bb width_tablet=\u00a0\u00bb60%\u00a0\u00bb width_phone=\u00a0\u00bb60%\u00a0\u00bb width_last_edited=\u00a0\u00bbon|phone\u00a0\u00bb custom_padding=\u00a0\u00bb20px|40px|20px|40px|true|true\u00a0\u00bb border_width_bottom=\u00a0\u00bb1px\u00a0\u00bb border_color_bottom=\u00a0\u00bb#FFFFFF\u00a0\u00bb global_colors_info=\u00a0\u00bb{}\u00a0\u00bb theme_builder_area=\u00a0\u00bbpost_content\u00a0\u00bb][et_pb_column type=\u00a0\u00bb4_4&Prime; _builder_version=\u00a0\u00bb4.16&Prime; custom_padding=\u00a0\u00bb|||\u00a0\u00bb global_colors_info=\u00a0\u00bb{}\u00a0\u00bb custom_padding__hover=\u00a0\u00bb|||\u00a0\u00bb theme_builder_area=\u00a0\u00bbpost_content\u00a0\u00bb][et_pb_text _builder_version=\u00a0\u00bb4.24.3&Prime; header_font=\u00a0\u00bb|300|||||||\u00a0\u00bb header_text_align=\u00a0\u00bbcenter\u00a0\u00bb header_text_color=\u00a0\u00bb#000000&Prime; header_3_font=\u00a0\u00bbComfortaa|600|||||||\u00a0\u00bb header_3_text_align=\u00a0\u00bbcenter\u00a0\u00bb header_3_font_size=\u00a0\u00bb30px\u00a0\u00bb background_size=\u00a0\u00bbinitial\u00a0\u00bb background_position=\u00a0\u00bbtop_left\u00a0\u00bb background_repeat=\u00a0\u00bbrepeat\u00a0\u00bb hover_enabled=\u00a0\u00bb0&Prime; header_font_size_tablet=\u00a0\u00bb\u00a0\u00bb header_font_size_phone=\u00a0\u00bb20px\u00a0\u00bb header_font_size_last_edited=\u00a0\u00bbon|phone\u00a0\u00bb global_colors_info=\u00a0\u00bb{}\u00a0\u00bb theme_builder_area=\u00a0\u00bbpost_content\u00a0\u00bb header_3_text_color=\u00a0\u00bb#000000&Prime; sticky_enabled=\u00a0\u00bb0&Prime;]<h1>D\u00e9tail de votre compte sur notre site<\/h1>\n<p><!-- \/wp:post-content --><\/p>[\/et_pb_text][\/et_pb_column][\/et_pb_row][et_pb_row column_structure=\u00a0\u00bb1_6,1_6,1_6,1_6,1_6,1_6&Prime; _builder_version=\u00a0\u00bb4.24.3&Prime; _module_preset=\u00a0\u00bbdefault\u00a0\u00bb width=\u00a0\u00bb60%\u00a0\u00bb width_tablet=\u00a0\u00bb80%\u00a0\u00bb width_phone=\u00a0\u00bb96%\u00a0\u00bb width_last_edited=\u00a0\u00bbon|tablet\u00a0\u00bb module_alignment=\u00a0\u00bbcenter\u00a0\u00bb custom_padding=\u00a0\u00bb||10px||false|false\u00a0\u00bb hover_enabled=\u00a0\u00bb0&Prime; global_colors_info=\u00a0\u00bb{}\u00a0\u00bb theme_builder_area=\u00a0\u00bbpost_content\u00a0\u00bb sticky_enabled=\u00a0\u00bb0&Prime;][et_pb_column type=\u00a0\u00bb1_6&Prime; _builder_version=\u00a0\u00bb4.17.6&Prime; _module_preset=\u00a0\u00bbdefault\u00a0\u00bb global_colors_info=\u00a0\u00bb{}\u00a0\u00bb theme_builder_area=\u00a0\u00bbpost_content\u00a0\u00bb][\/et_pb_column][et_pb_column type=\u00a0\u00bb1_6&Prime; _builder_version=\u00a0\u00bb4.17.6&Prime; _module_preset=\u00a0\u00bbdefault\u00a0\u00bb global_colors_info=\u00a0\u00bb{}\u00a0\u00bb theme_builder_area=\u00a0\u00bbpost_content\u00a0\u00bb][et_pb_blurb title=\u00a0\u00bbMes donn\u00e9es\u00a0\u00bb use_icon=\u00a0\u00bbon\u00a0\u00bb font_icon=\u00a0\u00bb&#xf007;||fa||400&Prime; icon_color=\u00a0\u00bb#6E5D4F\u00a0\u00bb image_icon_width=\u00a0\u00bb30px\u00a0\u00bb _builder_version=\u00a0\u00bb4.24.3&Prime; _module_preset=\u00a0\u00bbdefault\u00a0\u00bb header_font=\u00a0\u00bb|300|||||||\u00a0\u00bb header_text_align=\u00a0\u00bbcenter\u00a0\u00bb header_text_color=\u00a0\u00bb#6E5D4F\u00a0\u00bb header_font_size=\u00a0\u00bb25px\u00a0\u00bb link_option_url=\u00a0\u00bb\/mon-compte\/edit-account\/\u00a0\u00bb global_colors_info=\u00a0\u00bb{}\u00a0\u00bb theme_builder_area=\u00a0\u00bbpost_content\u00a0\u00bb sticky_enabled=\u00a0\u00bb0&Prime;][\/et_pb_blurb][\/et_pb_column][et_pb_column type=\u00a0\u00bb1_6&Prime; _builder_version=\u00a0\u00bb4.17.6&Prime; _module_preset=\u00a0\u00bbdefault\u00a0\u00bb global_colors_info=\u00a0\u00bb{}\u00a0\u00bb theme_builder_area=\u00a0\u00bbpost_content\u00a0\u00bb][et_pb_blurb title=\u00a0\u00bbMes adresses\u00a0\u00bb use_icon=\u00a0\u00bbon\u00a0\u00bb font_icon=\u00a0\u00bb&#xe074;||divi||400&Prime; icon_color=\u00a0\u00bb#6E5D4F\u00a0\u00bb image_icon_width=\u00a0\u00bb30px\u00a0\u00bb _builder_version=\u00a0\u00bb4.24.2&Prime; _module_preset=\u00a0\u00bbdefault\u00a0\u00bb header_font=\u00a0\u00bb|300|||||||\u00a0\u00bb header_text_align=\u00a0\u00bbcenter\u00a0\u00bb header_text_color=\u00a0\u00bb#6E5D4F\u00a0\u00bb header_font_size=\u00a0\u00bb25px\u00a0\u00bb link_option_url=\u00a0\u00bb\/mon-compte\/edit-address\/\u00a0\u00bb global_colors_info=\u00a0\u00bb{}\u00a0\u00bb theme_builder_area=\u00a0\u00bbpost_content\u00a0\u00bb][\/et_pb_blurb][\/et_pb_column][et_pb_column type=\u00a0\u00bb1_6&Prime; _builder_version=\u00a0\u00bb4.17.6&Prime; _module_preset=\u00a0\u00bbdefault\u00a0\u00bb global_colors_info=\u00a0\u00bb{}\u00a0\u00bb theme_builder_area=\u00a0\u00bbpost_content\u00a0\u00bb][et_pb_blurb title=\u00a0\u00bbMes commandes\u00a0\u00bb use_icon=\u00a0\u00bbon\u00a0\u00bb font_icon=\u00a0\u00bb&#xf233;||fa||900&Prime; icon_color=\u00a0\u00bb#6E5D4F\u00a0\u00bb image_icon_width=\u00a0\u00bb30px\u00a0\u00bb _builder_version=\u00a0\u00bb4.24.2&Prime; _module_preset=\u00a0\u00bbdefault\u00a0\u00bb header_font=\u00a0\u00bb|300|||||||\u00a0\u00bb header_text_align=\u00a0\u00bbcenter\u00a0\u00bb header_text_color=\u00a0\u00bb#6E5D4F\u00a0\u00bb header_font_size=\u00a0\u00bb25px\u00a0\u00bb link_option_url=\u00a0\u00bb\/mon-compte\/orders\/\u00a0\u00bb global_colors_info=\u00a0\u00bb{}\u00a0\u00bb theme_builder_area=\u00a0\u00bbpost_content\u00a0\u00bb][\/et_pb_blurb][\/et_pb_column][et_pb_column type=\u00a0\u00bb1_6&Prime; _builder_version=\u00a0\u00bb4.17.6&Prime; _module_preset=\u00a0\u00bbdefault\u00a0\u00bb global_colors_info=\u00a0\u00bb{}\u00a0\u00bb theme_builder_area=\u00a0\u00bbpost_content\u00a0\u00bb][et_pb_blurb title=\u00a0\u00bbMes moyens de paiement\u00a0\u00bb use_icon=\u00a0\u00bbon\u00a0\u00bb font_icon=\u00a0\u00bb&#xf1f0;||fa||400&Prime; icon_color=\u00a0\u00bb#6E5D4F\u00a0\u00bb image_icon_width=\u00a0\u00bb30px\u00a0\u00bb _builder_version=\u00a0\u00bb4.24.3&Prime; _module_preset=\u00a0\u00bbdefault\u00a0\u00bb header_font=\u00a0\u00bb|300|||||||\u00a0\u00bb header_text_align=\u00a0\u00bbcenter\u00a0\u00bb header_text_color=\u00a0\u00bb#6E5D4F\u00a0\u00bb header_font_size=\u00a0\u00bb25px\u00a0\u00bb link_option_url=\u00a0\u00bb\/mon-compte\/payment-methods\/\u00a0\u00bb global_colors_info=\u00a0\u00bb{}\u00a0\u00bb theme_builder_area=\u00a0\u00bbpost_content\u00a0\u00bb hover_enabled=\u00a0\u00bb0&Prime; sticky_enabled=\u00a0\u00bb0&Prime;][\/et_pb_blurb][\/et_pb_column][et_pb_column type=\u00a0\u00bb1_6&Prime; _builder_version=\u00a0\u00bb4.17.6&Prime; _module_preset=\u00a0\u00bbdefault\u00a0\u00bb global_colors_info=\u00a0\u00bb{}\u00a0\u00bb theme_builder_area=\u00a0\u00bbpost_content\u00a0\u00bb][\/et_pb_column][\/et_pb_row][et_pb_row custom_padding_last_edited=\u00a0\u00bbon|phone\u00a0\u00bb _builder_version=\u00a0\u00bb4.24.3&Prime; background_color=\u00a0\u00bb#FFFFFF\u00a0\u00bb background_size=\u00a0\u00bbinitial\u00a0\u00bb background_position=\u00a0\u00bbtop_left\u00a0\u00bb background_repeat=\u00a0\u00bbrepeat\u00a0\u00bb width=\u00a0\u00bb55%\u00a0\u00bb width_tablet=\u00a0\u00bb80%\u00a0\u00bb width_phone=\u00a0\u00bb88%\u00a0\u00bb width_last_edited=\u00a0\u00bbon|tablet\u00a0\u00bb custom_margin_tablet=\u00a0\u00bb\u00a0\u00bb custom_margin_phone=\u00a0\u00bb||||false|false\u00a0\u00bb custom_margin_last_edited=\u00a0\u00bbon|phone\u00a0\u00bb custom_padding=\u00a0\u00bb70px|100px|70px|100px|true|true\u00a0\u00bb custom_padding_tablet=\u00a0\u00bb70px|70px|70px|70px|true|true\u00a0\u00bb custom_padding_phone=\u00a0\u00bb40px|40px|40px|40px|true|true\u00a0\u00bb hover_enabled=\u00a0\u00bb0&Prime; border_width_all=\u00a0\u00bb1px\u00a0\u00bb border_color_top=\u00a0\u00bb#000000&Prime; border_color_bottom=\u00a0\u00bb#000000&Prime; box_shadow_style=\u00a0\u00bbpreset2&Prime; global_colors_info=\u00a0\u00bb{}\u00a0\u00bb theme_builder_area=\u00a0\u00bbpost_content\u00a0\u00bb sticky_enabled=\u00a0\u00bb0&Prime;][et_pb_column type=\u00a0\u00bb4_4&Prime; _builder_version=\u00a0\u00bb4.16&Prime; custom_padding=\u00a0\u00bb|||\u00a0\u00bb global_colors_info=\u00a0\u00bb{}\u00a0\u00bb custom_padding__hover=\u00a0\u00bb|||\u00a0\u00bb theme_builder_area=\u00a0\u00bbpost_content\u00a0\u00bb][et_pb_text _builder_version=\u00a0\u00bb4.24.3&Prime; text_font=\u00a0\u00bb|300|||||||\u00a0\u00bb text_text_color=\u00a0\u00bb#000000&Prime; text_font_size=\u00a0\u00bb17px\u00a0\u00bb text_line_height=\u00a0\u00bb1.5em\u00a0\u00bb link_text_color=\u00a0\u00bb#6E5D4F\u00a0\u00bb header_3_font=\u00a0\u00bbComfortaa|600|||||||\u00a0\u00bb header_3_font_size=\u00a0\u00bb30px\u00a0\u00bb background_color=\u00a0\u00bbRGBA(255,255,255,0)\u00a0\u00bb background_size=\u00a0\u00bbinitial\u00a0\u00bb background_position=\u00a0\u00bbtop_left\u00a0\u00bb background_repeat=\u00a0\u00bbrepeat\u00a0\u00bb hover_enabled=\u00a0\u00bb0&Prime; global_colors_info=\u00a0\u00bb{}\u00a0\u00bb theme_builder_area=\u00a0\u00bbpost_content\u00a0\u00bb link_font=\u00a0\u00bb||||on|||#6E5D4F|\u00a0\u00bb sticky_enabled=\u00a0\u00bb0&Prime;]<p><!-- wp:shortcode --><div class=\"woocommerce\"><\/div><\/p>\n<p><!-- \/wp:shortcode --><\/p>[\/et_pb_text][\/et_pb_column][\/et_pb_row][\/et_pb_section]","protected":false},"excerpt":{"rendered":"<p>Detalles de su cuenta en nuestro sitio <div class=\"woocommerce\"><\/div><\/p>","protected":false},"author":1,"featured_media":0,"parent":0,"menu_order":109,"comment_status":"closed","ping_status":"closed","template":"","meta":{"_et_pb_use_builder":"on","_et_pb_old_content":"<!-- wp:shortcode -->[woocommerce_my_account]<!-- \/wp:shortcode -->","_et_gb_content_width":"","footnotes":""},"class_list":["post-26","page","type-page","status-publish","hentry"],"yoast_head":"<!-- This site is optimized with the Yoast SEO plugin v27.4 - https:\/\/yoast.com\/product\/yoast-seo-wordpress\/ -->\n<title>Marita Store Suisse \u2013 Caf\u00e9s Minceur &amp; Bien-\u00eatre Naturel<\/title>\n<meta name=\"description\" content=\"D\u00e9couvrez les caf\u00e9s Marita, alli\u00e9s de votre sant\u00e9 : perte de poids, \u00e9nergie, m\u00e9moire. Boutique officielle en Suisse.\" \/>\n<meta name=\"robots\" content=\"index, follow, max-snippet:-1, max-image-preview:large, max-video-preview:-1\" \/>\n<link rel=\"canonical\" href=\"https:\/\/maritastore.ch\/es\/mon-compte\/\" \/>\n<meta property=\"og:locale\" content=\"es_ES\" \/>\n<meta property=\"og:type\" content=\"article\" \/>\n<meta property=\"og:title\" content=\"Marita Store Suisse \u2013 Caf\u00e9s Minceur &amp; Bien-\u00eatre Naturel\" \/>\n<meta property=\"og:description\" content=\"D\u00e9couvrez les caf\u00e9s Marita, alli\u00e9s de votre sant\u00e9 : perte de poids, \u00e9nergie, m\u00e9moire. Boutique officielle en Suisse.\" \/>\n<meta property=\"og:url\" content=\"https:\/\/maritastore.ch\/es\/mon-compte\/\" \/>\n<meta property=\"og:site_name\" content=\"Marita\" \/>\n<meta property=\"article:modified_time\" content=\"2024-04-14T09:24:52+00:00\" \/>\n<meta property=\"og:image\" content=\"https:\/\/maritastore.ch\/wp-content\/uploads\/2025\/05\/MARITA-Home-page-1.png\" \/>\n\t<meta property=\"og:image:width\" content=\"1920\" \/>\n\t<meta property=\"og:image:height\" content=\"1000\" \/>\n\t<meta property=\"og:image:type\" content=\"image\/png\" \/>\n<meta name=\"twitter:card\" content=\"summary_large_image\" \/>\n<meta name=\"twitter:label1\" content=\"Tiempo de lectura\" \/>\n\t<meta name=\"twitter:data1\" content=\"4 minutos\" \/>\n<script type=\"application\/ld+json\" class=\"yoast-schema-graph\">{\"@context\":\"https:\\\/\\\/schema.org\",\"@graph\":[{\"@type\":\"WebPage\",\"@id\":\"https:\\\/\\\/maritastore.ch\\\/mon-compte\\\/\",\"url\":\"https:\\\/\\\/maritastore.ch\\\/mon-compte\\\/\",\"name\":\"Marita Store Suisse \u2013 Caf\u00e9s Minceur & Bien-\u00eatre Naturel\",\"isPartOf\":{\"@id\":\"https:\\\/\\\/maritastore.ch\\\/#website\"},\"datePublished\":\"2024-04-08T16:53:23+00:00\",\"dateModified\":\"2024-04-14T09:24:52+00:00\",\"description\":\"D\u00e9couvrez les caf\u00e9s Marita, alli\u00e9s de votre sant\u00e9 : perte de poids, \u00e9nergie, m\u00e9moire. Boutique officielle en Suisse.\",\"breadcrumb\":{\"@id\":\"https:\\\/\\\/maritastore.ch\\\/mon-compte\\\/#breadcrumb\"},\"inLanguage\":\"es\",\"potentialAction\":[{\"@type\":\"ReadAction\",\"target\":[\"https:\\\/\\\/maritastore.ch\\\/mon-compte\\\/\"]}]},{\"@type\":\"BreadcrumbList\",\"@id\":\"https:\\\/\\\/maritastore.ch\\\/mon-compte\\\/#breadcrumb\",\"itemListElement\":[{\"@type\":\"ListItem\",\"position\":1,\"name\":\"Accueil\",\"item\":\"https:\\\/\\\/maritastore.ch\\\/\"},{\"@type\":\"ListItem\",\"position\":2,\"name\":\"Mon compte\"}]},{\"@type\":\"WebSite\",\"@id\":\"https:\\\/\\\/maritastore.ch\\\/#website\",\"url\":\"https:\\\/\\\/maritastore.ch\\\/\",\"name\":\"Marita\",\"description\":\"Boissons partenaire de votre sant\u00e9\",\"publisher\":{\"@id\":\"https:\\\/\\\/maritastore.ch\\\/#organization\"},\"potentialAction\":[{\"@type\":\"SearchAction\",\"target\":{\"@type\":\"EntryPoint\",\"urlTemplate\":\"https:\\\/\\\/maritastore.ch\\\/?s={search_term_string}\"},\"query-input\":{\"@type\":\"PropertyValueSpecification\",\"valueRequired\":true,\"valueName\":\"search_term_string\"}}],\"inLanguage\":\"es\"},{\"@type\":\"Organization\",\"@id\":\"https:\\\/\\\/maritastore.ch\\\/#organization\",\"name\":\"Marita\",\"url\":\"https:\\\/\\\/maritastore.ch\\\/\",\"logo\":{\"@type\":\"ImageObject\",\"inLanguage\":\"es\",\"@id\":\"https:\\\/\\\/maritastore.ch\\\/#\\\/schema\\\/logo\\\/image\\\/\",\"url\":\"https:\\\/\\\/maritastore.ch\\\/wp-content\\\/uploads\\\/2024\\\/04\\\/marita-store-network.png\",\"contentUrl\":\"https:\\\/\\\/maritastore.ch\\\/wp-content\\\/uploads\\\/2024\\\/04\\\/marita-store-network.png\",\"width\":322,\"height\":67,\"caption\":\"Marita\"},\"image\":{\"@id\":\"https:\\\/\\\/maritastore.ch\\\/#\\\/schema\\\/logo\\\/image\\\/\"}}]}<\/script>\n<!-- \/ Yoast SEO plugin. -->","yoast_head_json":{"title":"Marita Store Suiza \u2013 Cafeter\u00edas para adelgazar y bienestar natural","description":"Descubre los caf\u00e9s de Marita, aliados para tu salud: p\u00e9rdida de peso, energ\u00eda y memoria. Tienda oficial en Suiza.","robots":{"index":"index","follow":"follow","max-snippet":"max-snippet:-1","max-image-preview":"max-image-preview:large","max-video-preview":"max-video-preview:-1"},"canonical":"https:\/\/maritastore.ch\/es\/mon-compte\/","og_locale":"es_ES","og_type":"article","og_title":"Marita Store Suisse \u2013 Caf\u00e9s Minceur & Bien-\u00eatre Naturel","og_description":"D\u00e9couvrez les caf\u00e9s Marita, alli\u00e9s de votre sant\u00e9 : perte de poids, \u00e9nergie, m\u00e9moire. Boutique officielle en Suisse.","og_url":"https:\/\/maritastore.ch\/es\/mon-compte\/","og_site_name":"Marita","article_modified_time":"2024-04-14T09:24:52+00:00","og_image":[{"width":1920,"height":1000,"url":"https:\/\/maritastore.ch\/wp-content\/uploads\/2025\/05\/MARITA-Home-page-1.png","type":"image\/png"}],"twitter_card":"summary_large_image","twitter_misc":{"Tiempo de lectura":"4 minutos"},"schema":{"@context":"https:\/\/schema.org","@graph":[{"@type":"WebPage","@id":"https:\/\/maritastore.ch\/mon-compte\/","url":"https:\/\/maritastore.ch\/mon-compte\/","name":"Marita Store Suiza \u2013 Cafeter\u00edas para adelgazar y bienestar natural","isPartOf":{"@id":"https:\/\/maritastore.ch\/#website"},"datePublished":"2024-04-08T16:53:23+00:00","dateModified":"2024-04-14T09:24:52+00:00","description":"Descubre los caf\u00e9s de Marita, aliados para tu salud: p\u00e9rdida de peso, energ\u00eda y memoria. Tienda oficial en Suiza.","breadcrumb":{"@id":"https:\/\/maritastore.ch\/mon-compte\/#breadcrumb"},"inLanguage":"es","potentialAction":[{"@type":"ReadAction","target":["https:\/\/maritastore.ch\/mon-compte\/"]}]},{"@type":"BreadcrumbList","@id":"https:\/\/maritastore.ch\/mon-compte\/#breadcrumb","itemListElement":[{"@type":"ListItem","position":1,"name":"Accueil","item":"https:\/\/maritastore.ch\/"},{"@type":"ListItem","position":2,"name":"Mon compte"}]},{"@type":"WebSite","@id":"https:\/\/maritastore.ch\/#website","url":"https:\/\/maritastore.ch\/","name":"Marita","description":"Bebidas, tu aliado de salud","publisher":{"@id":"https:\/\/maritastore.ch\/#organization"},"potentialAction":[{"@type":"SearchAction","target":{"@type":"EntryPoint","urlTemplate":"https:\/\/maritastore.ch\/?s={search_term_string}"},"query-input":{"@type":"PropertyValueSpecification","valueRequired":true,"valueName":"search_term_string"}}],"inLanguage":"es"},{"@type":"Organization","@id":"https:\/\/maritastore.ch\/#organization","name":"Marita","url":"https:\/\/maritastore.ch\/","logo":{"@type":"ImageObject","inLanguage":"es","@id":"https:\/\/maritastore.ch\/#\/schema\/logo\/image\/","url":"https:\/\/maritastore.ch\/wp-content\/uploads\/2024\/04\/marita-store-network.png","contentUrl":"https:\/\/maritastore.ch\/wp-content\/uploads\/2024\/04\/marita-store-network.png","width":322,"height":67,"caption":"Marita"},"image":{"@id":"https:\/\/maritastore.ch\/#\/schema\/logo\/image\/"}}]}},"_links":{"self":[{"href":"https:\/\/maritastore.ch\/es\/wp-json\/wp\/v2\/pages\/26","targetHints":{"allow":["GET"]}}],"collection":[{"href":"https:\/\/maritastore.ch\/es\/wp-json\/wp\/v2\/pages"}],"about":[{"href":"https:\/\/maritastore.ch\/es\/wp-json\/wp\/v2\/types\/page"}],"author":[{"embeddable":true,"href":"https:\/\/maritastore.ch\/es\/wp-json\/wp\/v2\/users\/1"}],"replies":[{"embeddable":true,"href":"https:\/\/maritastore.ch\/es\/wp-json\/wp\/v2\/comments?post=26"}],"version-history":[{"count":3,"href":"https:\/\/maritastore.ch\/es\/wp-json\/wp\/v2\/pages\/26\/revisions"}],"predecessor-version":[{"id":362,"href":"https:\/\/maritastore.ch\/es\/wp-json\/wp\/v2\/pages\/26\/revisions\/362"}],"wp:attachment":[{"href":"https:\/\/maritastore.ch\/es\/wp-json\/wp\/v2\/media?parent=26"}],"curies":[{"name":"gracias","href":"https:\/\/api.w.org\/{rel}","templated":true}]}}