{"id":217,"date":"2024-04-14T07:19:21","date_gmt":"2024-04-14T05:19:21","guid":{"rendered":"https:\/\/maritastore.ch\/?page_id=217"},"modified":"2025-08-01T12:57:29","modified_gmt":"2025-08-01T10:57:29","slug":"preparation","status":"publish","type":"page","link":"https:\/\/maritastore.ch\/es\/preparation\/","title":{"rendered":"Preparaci\u00f3n"},"content":{"rendered":"\n[et_pb_section fb_built=\u00a0\u00bb1&Prime; _builder_version=\u00a0\u00bb4.24.3&Prime; _module_preset=\u00a0\u00bbdefault\u00a0\u00bb custom_padding=\u00a0\u00bb||0px|||\u00a0\u00bb global_colors_info=\u00a0\u00bb{}\u00a0\u00bb][et_pb_row _builder_version=\u00a0\u00bb4.24.3&Prime; _module_preset=\u00a0\u00bbdefault\u00a0\u00bb custom_padding=\u00a0\u00bb0px||0px|||\u00a0\u00bb global_colors_info=\u00a0\u00bb{}\u00a0\u00bb][et_pb_column type=\u00a0\u00bb4_4&Prime; _builder_version=\u00a0\u00bb4.24.3&Prime; _module_preset=\u00a0\u00bbdefault\u00a0\u00bb global_colors_info=\u00a0\u00bb{}\u00a0\u00bb][et_pb_text _builder_version=\u00a0\u00bb4.24.3&Prime; _module_preset=\u00a0\u00bbdefault\u00a0\u00bb header_2_font_size=\u00a0\u00bb40px\u00a0\u00bb text_orientation=\u00a0\u00bbcenter\u00a0\u00bb custom_padding=\u00a0\u00bb||40px||false|false\u00a0\u00bb border_width_bottom=\u00a0\u00bb2px\u00a0\u00bb global_colors_info=\u00a0\u00bb{}\u00a0\u00bb]<h2 class=\"g-layercontent-title\">M\u00c9THODES DE PR\u00c9PARATION<\/h2>\n<div class=\"g-layercontent-subtitle\">Pr\u00e9paration du Caf\u00e9 Marita Burn + Control au Psyllium<\/div>[\/et_pb_text][\/et_pb_column][\/et_pb_row][et_pb_row _builder_version=\u00a0\u00bb4.24.3&Prime; _module_preset=\u00a0\u00bbdefault\u00a0\u00bb hover_enabled=\u00a0\u00bb0&Prime; global_colors_info=\u00a0\u00bb{}\u00a0\u00bb width_last_edited=\u00a0\u00bbon|phone\u00a0\u00bb sticky_enabled=\u00a0\u00bb0&Prime; width_phone=\u00a0\u00bb90%\u00a0\u00bb][et_pb_column type=\u00a0\u00bb4_4&Prime; _builder_version=\u00a0\u00bb4.24.3&Prime; _module_preset=\u00a0\u00bbdefault\u00a0\u00bb global_colors_info=\u00a0\u00bb{}\u00a0\u00bb][et_pb_text _builder_version=\u00a0\u00bb4.24.3&Prime; _module_preset=\u00a0\u00bbdefault\u00a0\u00bb text_font=\u00a0\u00bb|300|||||||\u00a0\u00bb text_font_size=\u00a0\u00bb20px\u00a0\u00bb text_line_height=\u00a0\u00bb1.9em\u00a0\u00bb custom_padding=\u00a0\u00bb|8vw||8vw|false|true\u00a0\u00bb global_colors_info=\u00a0\u00bb{}\u00a0\u00bb]<section id=\"g-container-8586\" class=\"g-wrapper\">\n<div class=\"g-container\">\n<div class=\"g-grid\">\n<div class=\"g-block size-100\">\n<section id=\"g-mainbar\">\n<div class=\"g-grid\">\n<div class=\"g-block size-100\">\n<div class=\"g-content\">\n<div class=\"platform-content row-fluid\">\n<div class=\"span12\">\n<div class=\"item-page\">\n<div itemprop=\"articleBody\">\n<div>\n<div><strong>PORTION DE CAF\u00c9:<\/strong><\/div>\n<ul>\n<li>1 cuill\u00e8re \u00e0 caf\u00e9 pleine ou une cuill\u00e8re \u00e0 caf\u00e9 peu profonde de Caf\u00e9 Marita;<\/li>\n<li>250 ml d&rsquo;eau chaude ou froide (\u00e9viter l&rsquo;eau tr\u00e8s chaude);<\/li>\n<li>Sucrer avec Marita St\u00e9via (seulement s&rsquo;il est n\u00e9cessaire de sucrer);<\/li>\n<li><strong>CONSEIL<\/strong><span>\u00a0<\/span>&#8211; Prenez un verre d&rsquo;eau avant et apr\u00e8s le Caf\u00e9 Marita.<\/li>\n<\/ul>\n<div><strong>COMMENT BOIRE DU CAF\u00c9:<\/strong><\/div>\n<ul>\n<li>3x par jour pour la perte de poids (minimum de 2x).<\/li>\n<\/ul>\n<p><strong>HEURES DU CAF\u00c9:<\/strong><\/p>\n<ul>\n<li>Petit d\u00e9jeuner (remplacer le caf\u00e9 traditionnel par le Caf\u00e9 Marita);<\/li>\n<li>30 minutes avant le d\u00e9jeuner;<\/li>\n<li>Caf\u00e9 l&rsquo;apr\u00e8s-midi jusqu&rsquo;\u00e0 18h (\u00e9vitez d&rsquo;utiliser le caf\u00e9 le soir pour ne pas retarder votre sommeil).<\/li>\n<\/ul>\n<p><strong>OBSERVATIONS:<\/strong><\/p>\n<ul>\n<li>Si vous aimez le lait, le lait doit \u00eatre pris au moins 2 heures avant ou apr\u00e8s la consommation de Caf\u00e9 Marita pour un meilleur r\u00e9sultat.<\/li>\n<\/ul>\n<p><strong>ATTENTION:<\/strong><\/p>\n<ul>\n<li>Ne buvez pas de caf\u00e9 \u00e0 jeun pour \u00e9viter l&rsquo;hypoglyc\u00e9mie;<\/li>\n<li>Il est obligatoire de prendre au moins 2 litres d&rsquo;eau par jour, ou de calculer l&rsquo;apport quotidien en eau \u00e0 l&rsquo;aide de la formule en raison de l&rsquo;apport de fibres solubles.<\/li>\n<\/ul>\n<p><strong>CONSEIL:<\/strong><\/p>\n<ul>\n<li>Maintenez de saines habitudes alimentaires et pratiquez une activit\u00e9 physique pour que vos r\u00e9sultats soient meilleurs.<\/li>\n<\/ul>\n<p><strong>TEMPS D&rsquo;UTILISATION:<\/strong><\/p>\n<ul>\n<li>Nos produits offrent un traitement pour une utilisation continue, alors faites des produits Marita votre habitude quotidienne et utilisez-les correctement pour profiter de tous les avantages qu&rsquo;ils offrent pour votre sant\u00e9.<\/li>\n<\/ul>\n<\/div>\n<\/div>\n<\/div>\n<\/div>\n<\/div>\n<\/div>\n<\/div>\n<\/div>\n<\/section>\n<\/div>\n<\/div>\n<\/div>\n<\/section>[\/et_pb_text][\/et_pb_column][\/et_pb_row][\/et_pb_section]\n","protected":false},"excerpt":{"rendered":"<p>M\u00c9THODES DE PR\u00c9PARATION Pr\u00e9paration du Caf\u00e9 Marita Burn + Control au Psyllium PORTION DE CAF\u00c9: 1 cuill\u00e8re \u00e0 caf\u00e9 pleine ou une cuill\u00e8re \u00e0 caf\u00e9 peu profonde de Caf\u00e9 Marita; 250 ml d&rsquo;eau chaude ou froide (\u00e9viter l&rsquo;eau tr\u00e8s chaude); Sucrer avec Marita St\u00e9via (seulement s&rsquo;il est n\u00e9cessaire de sucrer); CONSEIL\u00a0&#8211; Prenez un verre d&rsquo;eau [&hellip;]<\/p>\n","protected":false},"author":1,"featured_media":0,"parent":0,"menu_order":40,"comment_status":"closed","ping_status":"closed","template":"","meta":{"_et_pb_use_builder":"on","_et_pb_old_content":"<!-- wp:divi\/placeholder \/-->","_et_gb_content_width":"","footnotes":""},"class_list":["post-217","page","type-page","status-publish","hentry"],"yoast_head":"<!-- This site is optimized with the Yoast SEO plugin v27.4 - https:\/\/yoast.com\/product\/yoast-seo-wordpress\/ -->\n<title>Pr\u00e9paration Caf\u00e9 Marita Burn+Control \u2013 Dosage et conseils<\/title>\n<meta name=\"description\" content=\"D\u00e9couvrez comment bien pr\u00e9parer et consommer le Caf\u00e9 Marita Burn+Control pour optimiser ses effets minceur. Dosage, moments cl\u00e9s, conseils et pr\u00e9cautions.\" \/>\n<meta name=\"robots\" content=\"index, follow, max-snippet:-1, max-image-preview:large, max-video-preview:-1\" \/>\n<link rel=\"canonical\" href=\"https:\/\/maritastore.ch\/es\/preparation\/\" \/>\n<meta property=\"og:locale\" content=\"es_ES\" \/>\n<meta property=\"og:type\" content=\"article\" \/>\n<meta property=\"og:title\" content=\"Pr\u00e9paration Caf\u00e9 Marita Burn+Control \u2013 Dosage et conseils\" \/>\n<meta property=\"og:description\" content=\"D\u00e9couvrez comment bien pr\u00e9parer et consommer le Caf\u00e9 Marita Burn+Control pour optimiser ses effets minceur. Dosage, moments cl\u00e9s, conseils et pr\u00e9cautions.\" \/>\n<meta property=\"og:url\" content=\"https:\/\/maritastore.ch\/es\/preparation\/\" \/>\n<meta property=\"og:site_name\" content=\"Marita\" \/>\n<meta property=\"article:modified_time\" content=\"2025-08-01T10:57:29+00:00\" \/>\n<meta property=\"og:image\" content=\"https:\/\/maritastore.ch\/wp-content\/uploads\/2025\/05\/MARITA-Home-page-1.png\" \/>\n\t<meta property=\"og:image:width\" content=\"1920\" \/>\n\t<meta property=\"og:image:height\" content=\"1000\" \/>\n\t<meta property=\"og:image:type\" content=\"image\/png\" \/>\n<meta name=\"twitter:card\" content=\"summary_large_image\" \/>\n<meta name=\"twitter:label1\" content=\"Tiempo de lectura\" \/>\n\t<meta name=\"twitter:data1\" content=\"2 minutos\" \/>\n<script type=\"application\/ld+json\" class=\"yoast-schema-graph\">{\"@context\":\"https:\\\/\\\/schema.org\",\"@graph\":[{\"@type\":\"WebPage\",\"@id\":\"https:\\\/\\\/maritastore.ch\\\/preparation\\\/\",\"url\":\"https:\\\/\\\/maritastore.ch\\\/preparation\\\/\",\"name\":\"Pr\u00e9paration Caf\u00e9 Marita Burn+Control \u2013 Dosage et conseils\",\"isPartOf\":{\"@id\":\"https:\\\/\\\/maritastore.ch\\\/#website\"},\"datePublished\":\"2024-04-14T05:19:21+00:00\",\"dateModified\":\"2025-08-01T10:57:29+00:00\",\"description\":\"D\u00e9couvrez comment bien pr\u00e9parer et consommer le Caf\u00e9 Marita Burn+Control pour optimiser ses effets minceur. Dosage, moments cl\u00e9s, conseils et pr\u00e9cautions.\",\"breadcrumb\":{\"@id\":\"https:\\\/\\\/maritastore.ch\\\/preparation\\\/#breadcrumb\"},\"inLanguage\":\"es\",\"potentialAction\":[{\"@type\":\"ReadAction\",\"target\":[\"https:\\\/\\\/maritastore.ch\\\/preparation\\\/\"]}]},{\"@type\":\"BreadcrumbList\",\"@id\":\"https:\\\/\\\/maritastore.ch\\\/preparation\\\/#breadcrumb\",\"itemListElement\":[{\"@type\":\"ListItem\",\"position\":1,\"name\":\"Accueil\",\"item\":\"https:\\\/\\\/maritastore.ch\\\/\"},{\"@type\":\"ListItem\",\"position\":2,\"name\":\"Pr\u00e9paration\"}]},{\"@type\":\"WebSite\",\"@id\":\"https:\\\/\\\/maritastore.ch\\\/#website\",\"url\":\"https:\\\/\\\/maritastore.ch\\\/\",\"name\":\"Marita\",\"description\":\"Boissons partenaire de votre sant\u00e9\",\"publisher\":{\"@id\":\"https:\\\/\\\/maritastore.ch\\\/#organization\"},\"potentialAction\":[{\"@type\":\"SearchAction\",\"target\":{\"@type\":\"EntryPoint\",\"urlTemplate\":\"https:\\\/\\\/maritastore.ch\\\/?s={search_term_string}\"},\"query-input\":{\"@type\":\"PropertyValueSpecification\",\"valueRequired\":true,\"valueName\":\"search_term_string\"}}],\"inLanguage\":\"es\"},{\"@type\":\"Organization\",\"@id\":\"https:\\\/\\\/maritastore.ch\\\/#organization\",\"name\":\"Marita\",\"url\":\"https:\\\/\\\/maritastore.ch\\\/\",\"logo\":{\"@type\":\"ImageObject\",\"inLanguage\":\"es\",\"@id\":\"https:\\\/\\\/maritastore.ch\\\/#\\\/schema\\\/logo\\\/image\\\/\",\"url\":\"https:\\\/\\\/maritastore.ch\\\/wp-content\\\/uploads\\\/2024\\\/04\\\/marita-store-network.png\",\"contentUrl\":\"https:\\\/\\\/maritastore.ch\\\/wp-content\\\/uploads\\\/2024\\\/04\\\/marita-store-network.png\",\"width\":322,\"height\":67,\"caption\":\"Marita\"},\"image\":{\"@id\":\"https:\\\/\\\/maritastore.ch\\\/#\\\/schema\\\/logo\\\/image\\\/\"}}]}<\/script>\n<!-- \/ Yoast SEO plugin. -->","yoast_head_json":{"title":"Preparaci\u00f3n del caf\u00e9 Marita Burn+Control: Dosis y consejos","description":"Aprende a preparar y consumir correctamente el Caf\u00e9 Marita Burn+Control para maximizar sus efectos adelgazantes. Dosis, momentos clave, consejos y precauciones.","robots":{"index":"index","follow":"follow","max-snippet":"max-snippet:-1","max-image-preview":"max-image-preview:large","max-video-preview":"max-video-preview:-1"},"canonical":"https:\/\/maritastore.ch\/es\/preparation\/","og_locale":"es_ES","og_type":"article","og_title":"Pr\u00e9paration Caf\u00e9 Marita Burn+Control \u2013 Dosage et conseils","og_description":"D\u00e9couvrez comment bien pr\u00e9parer et consommer le Caf\u00e9 Marita Burn+Control pour optimiser ses effets minceur. Dosage, moments cl\u00e9s, conseils et pr\u00e9cautions.","og_url":"https:\/\/maritastore.ch\/es\/preparation\/","og_site_name":"Marita","article_modified_time":"2025-08-01T10:57:29+00:00","og_image":[{"width":1920,"height":1000,"url":"https:\/\/maritastore.ch\/wp-content\/uploads\/2025\/05\/MARITA-Home-page-1.png","type":"image\/png"}],"twitter_card":"summary_large_image","twitter_misc":{"Tiempo de lectura":"2 minutos"},"schema":{"@context":"https:\/\/schema.org","@graph":[{"@type":"WebPage","@id":"https:\/\/maritastore.ch\/preparation\/","url":"https:\/\/maritastore.ch\/preparation\/","name":"Preparaci\u00f3n del caf\u00e9 Marita Burn+Control: Dosis y consejos","isPartOf":{"@id":"https:\/\/maritastore.ch\/#website"},"datePublished":"2024-04-14T05:19:21+00:00","dateModified":"2025-08-01T10:57:29+00:00","description":"Aprende a preparar y consumir correctamente el Caf\u00e9 Marita Burn+Control para maximizar sus efectos adelgazantes. Dosis, momentos clave, consejos y precauciones.","breadcrumb":{"@id":"https:\/\/maritastore.ch\/preparation\/#breadcrumb"},"inLanguage":"es","potentialAction":[{"@type":"ReadAction","target":["https:\/\/maritastore.ch\/preparation\/"]}]},{"@type":"BreadcrumbList","@id":"https:\/\/maritastore.ch\/preparation\/#breadcrumb","itemListElement":[{"@type":"ListItem","position":1,"name":"Accueil","item":"https:\/\/maritastore.ch\/"},{"@type":"ListItem","position":2,"name":"Pr\u00e9paration"}]},{"@type":"WebSite","@id":"https:\/\/maritastore.ch\/#website","url":"https:\/\/maritastore.ch\/","name":"Marita","description":"Bebidas, tu aliado de salud","publisher":{"@id":"https:\/\/maritastore.ch\/#organization"},"potentialAction":[{"@type":"SearchAction","target":{"@type":"EntryPoint","urlTemplate":"https:\/\/maritastore.ch\/?s={search_term_string}"},"query-input":{"@type":"PropertyValueSpecification","valueRequired":true,"valueName":"search_term_string"}}],"inLanguage":"es"},{"@type":"Organization","@id":"https:\/\/maritastore.ch\/#organization","name":"Marita","url":"https:\/\/maritastore.ch\/","logo":{"@type":"ImageObject","inLanguage":"es","@id":"https:\/\/maritastore.ch\/#\/schema\/logo\/image\/","url":"https:\/\/maritastore.ch\/wp-content\/uploads\/2024\/04\/marita-store-network.png","contentUrl":"https:\/\/maritastore.ch\/wp-content\/uploads\/2024\/04\/marita-store-network.png","width":322,"height":67,"caption":"Marita"},"image":{"@id":"https:\/\/maritastore.ch\/#\/schema\/logo\/image\/"}}]}},"_links":{"self":[{"href":"https:\/\/maritastore.ch\/es\/wp-json\/wp\/v2\/pages\/217","targetHints":{"allow":["GET"]}}],"collection":[{"href":"https:\/\/maritastore.ch\/es\/wp-json\/wp\/v2\/pages"}],"about":[{"href":"https:\/\/maritastore.ch\/es\/wp-json\/wp\/v2\/types\/page"}],"author":[{"embeddable":true,"href":"https:\/\/maritastore.ch\/es\/wp-json\/wp\/v2\/users\/1"}],"replies":[{"embeddable":true,"href":"https:\/\/maritastore.ch\/es\/wp-json\/wp\/v2\/comments?post=217"}],"version-history":[{"count":8,"href":"https:\/\/maritastore.ch\/es\/wp-json\/wp\/v2\/pages\/217\/revisions"}],"predecessor-version":[{"id":929,"href":"https:\/\/maritastore.ch\/es\/wp-json\/wp\/v2\/pages\/217\/revisions\/929"}],"wp:attachment":[{"href":"https:\/\/maritastore.ch\/es\/wp-json\/wp\/v2\/media?parent=217"}],"curies":[{"name":"gracias","href":"https:\/\/api.w.org\/{rel}","templated":true}]}}