{"id":779,"date":"2025-07-09T16:54:31","date_gmt":"2025-07-09T14:54:31","guid":{"rendered":"https:\/\/maritastore.ch\/?post_type=product&#038;p=779"},"modified":"2025-12-15T18:20:36","modified_gmt":"2025-12-15T17:20:36","slug":"nutriplus-30ml","status":"publish","type":"product","link":"https:\/\/maritastore.ch\/en\/product\/nutriplus-30ml\/","title":{"rendered":"NUTRIPLUS (30ml)"},"content":{"rendered":"<h3 data-start=\"112\" data-end=\"179\">Cell protection &amp; glycemic balance<\/h3>\n<p data-start=\"112\" data-end=\"179\"><strong data-start=\"252\" data-end=\"265\">NUTRIPLUS<\/strong> is a concentrate of antioxidant and metabolic benefits designed to support your daily well-being. Its <strong data-start=\"381\" data-end=\"403\">synergistic formula<\/strong> partner <strong data-start=\"412\" data-end=\"430\">avocado oil<\/strong>, <strong data-start=\"432\" data-end=\"446\">vitamin E<\/strong> And <strong data-start=\"450\" data-end=\"466\">coenzyme Q10<\/strong>, for a <strong data-start=\"477\" data-end=\"494\">triple action<\/strong> : cellular support, cardiovascular protection and <strong data-start=\"548\" data-end=\"583\">natural glucose regulation<\/strong>.<\/p>","protected":false},"excerpt":{"rendered":"<h3 data-start=\"112\" data-end=\"179\">Cell protection &amp; glycemic balance<\/h3>\n<p data-start=\"252\" data-end=\"584\"><strong data-start=\"252\" data-end=\"265\">NUTRIPLUS<\/strong> is a concentrate of antioxidant and metabolic benefits designed to support your daily well-being. Its <strong data-start=\"381\" data-end=\"403\">synergistic formula<\/strong> partner <strong data-start=\"412\" data-end=\"430\">avocado oil<\/strong>, <strong data-start=\"432\" data-end=\"446\">vitamin E<\/strong> And <strong data-start=\"450\" data-end=\"466\">coenzyme Q10<\/strong>, for a <strong data-start=\"477\" data-end=\"494\">triple action<\/strong> : cellular support, cardiovascular protection and <strong data-start=\"548\" data-end=\"583\">natural glucose regulation<\/strong>.<\/p>\n<ul>\n<li data-start=\"630\" data-end=\"786\">\n<p data-start=\"632\" data-end=\"786\"><strong data-start=\"635\" data-end=\"660\">Glucose regulation<\/strong><\/p>\n<\/li>\n<li data-start=\"787\" data-end=\"913\">\n<p data-start=\"789\" data-end=\"913\"><strong data-start=\"792\" data-end=\"817\">Cellular protection<\/strong><\/p>\n<\/li>\n<li data-start=\"914\" data-end=\"1086\">\n<p data-start=\"916\" data-end=\"1086\"><strong data-start=\"919\" data-end=\"959\">Cardiovascular and cerebral support<\/strong><\/p>\n<\/li>\n<\/ul>","protected":false},"featured_media":475,"template":"","meta":{"_et_pb_use_builder":"","_et_pb_old_content":"","_et_gb_content_width":""},"product_brand":[],"product_cat":[16],"product_tag":[66,67,68,69,65,70,43,71],"class_list":{"0":"post-779","1":"product","2":"type-product","3":"status-publish","4":"has-post-thumbnail","6":"product_cat-gd-public","7":"product_tag-antioxydants","8":"product_tag-coenzyme-q10","9":"product_tag-complement-naturel","10":"product_tag-diabete","11":"product_tag-equilibre-glycemique","12":"product_tag-protection-cellulaire","13":"product_tag-sante-cardiovasculaire","14":"product_tag-vitamine-e","16":"first","17":"instock","18":"taxable","19":"shipping-taxable","20":"purchasable","21":"product-type-simple"},"yoast_head":"<!-- This site is optimized with the Yoast SEO plugin v27.4 - https:\/\/yoast.com\/product\/yoast-seo-wordpress\/ -->\n<title>Nutriplus Marita \u2013 Compl\u00e9ment pour l\u2019\u00c9quilibre Glyc\u00e9mique Naturel<\/title>\n<meta name=\"description\" content=\"Soutenez votre sant\u00e9 cellulaire et glyc\u00e9miques avec Nutriplus Marita. Formule naturelle \u00e0 base d\u2019huile d\u2019avocat, vitamine E et coenzyme Q10.\" \/>\n<meta name=\"robots\" content=\"index, follow, max-snippet:-1, max-image-preview:large, max-video-preview:-1\" \/>\n<link rel=\"canonical\" href=\"https:\/\/maritastore.ch\/en\/product\/nutriplus-30ml\/\" \/>\n<meta property=\"og:locale\" content=\"en_GB\" \/>\n<meta property=\"og:type\" content=\"article\" \/>\n<meta property=\"og:title\" content=\"Nutriplus Marita \u2013 Compl\u00e9ment pour l\u2019\u00c9quilibre Glyc\u00e9mique Naturel\" \/>\n<meta property=\"og:description\" content=\"Soutenez votre sant\u00e9 cellulaire et glyc\u00e9miques avec Nutriplus Marita. Formule naturelle \u00e0 base d\u2019huile d\u2019avocat, vitamine E et coenzyme Q10.\" \/>\n<meta property=\"og:url\" content=\"https:\/\/maritastore.ch\/en\/product\/nutriplus-30ml\/\" \/>\n<meta property=\"og:site_name\" content=\"Marita\" \/>\n<meta property=\"article:modified_time\" content=\"2025-12-15T17:20:36+00:00\" \/>\n<meta property=\"og:image\" content=\"https:\/\/maritastore.ch\/wp-content\/uploads\/2024\/10\/nutriplus-removebg-preview.png\" \/>\n\t<meta property=\"og:image:width\" content=\"500\" \/>\n\t<meta property=\"og:image:height\" content=\"500\" \/>\n\t<meta property=\"og:image:type\" content=\"image\/png\" \/>\n<meta name=\"twitter:card\" content=\"summary_large_image\" \/>\n<meta name=\"twitter:label1\" content=\"Estimated reading time\" \/>\n\t<meta name=\"twitter:data1\" content=\"1 minute\" \/>\n<script type=\"application\/ld+json\" class=\"yoast-schema-graph\">{\"@context\":\"https:\\\/\\\/schema.org\",\"@graph\":[{\"@type\":\"WebPage\",\"@id\":\"https:\\\/\\\/maritastore.ch\\\/produit\\\/nutriplus-30ml\\\/\",\"url\":\"https:\\\/\\\/maritastore.ch\\\/produit\\\/nutriplus-30ml\\\/\",\"name\":\"Nutriplus Marita \u2013 Compl\u00e9ment pour l\u2019\u00c9quilibre Glyc\u00e9mique Naturel\",\"isPartOf\":{\"@id\":\"https:\\\/\\\/maritastore.ch\\\/#website\"},\"primaryImageOfPage\":{\"@id\":\"https:\\\/\\\/maritastore.ch\\\/produit\\\/nutriplus-30ml\\\/#primaryimage\"},\"image\":{\"@id\":\"https:\\\/\\\/maritastore.ch\\\/produit\\\/nutriplus-30ml\\\/#primaryimage\"},\"thumbnailUrl\":\"https:\\\/\\\/maritastore.ch\\\/wp-content\\\/uploads\\\/2024\\\/10\\\/nutriplus-removebg-preview.png\",\"datePublished\":\"2025-07-09T14:54:31+00:00\",\"dateModified\":\"2025-12-15T17:20:36+00:00\",\"description\":\"Soutenez votre sant\u00e9 cellulaire et glyc\u00e9miques avec Nutriplus Marita. Formule naturelle \u00e0 base d\u2019huile d\u2019avocat, vitamine E et coenzyme Q10.\",\"breadcrumb\":{\"@id\":\"https:\\\/\\\/maritastore.ch\\\/produit\\\/nutriplus-30ml\\\/#breadcrumb\"},\"inLanguage\":\"en-GB\",\"potentialAction\":[{\"@type\":\"ReadAction\",\"target\":[\"https:\\\/\\\/maritastore.ch\\\/produit\\\/nutriplus-30ml\\\/\"]}]},{\"@type\":\"ImageObject\",\"inLanguage\":\"en-GB\",\"@id\":\"https:\\\/\\\/maritastore.ch\\\/produit\\\/nutriplus-30ml\\\/#primaryimage\",\"url\":\"https:\\\/\\\/maritastore.ch\\\/wp-content\\\/uploads\\\/2024\\\/10\\\/nutriplus-removebg-preview.png\",\"contentUrl\":\"https:\\\/\\\/maritastore.ch\\\/wp-content\\\/uploads\\\/2024\\\/10\\\/nutriplus-removebg-preview.png\",\"width\":500,\"height\":500,\"caption\":\"Nutriplus Marita \u2013 Formule synergique pour un meilleur \u00e9quilibre glyc\u00e9mique\"},{\"@type\":\"BreadcrumbList\",\"@id\":\"https:\\\/\\\/maritastore.ch\\\/produit\\\/nutriplus-30ml\\\/#breadcrumb\",\"itemListElement\":[{\"@type\":\"ListItem\",\"position\":1,\"name\":\"Accueil\",\"item\":\"https:\\\/\\\/maritastore.ch\\\/\"},{\"@type\":\"ListItem\",\"position\":2,\"name\":\"Boutique\",\"item\":\"https:\\\/\\\/maritastore.ch\\\/boutique\\\/\"},{\"@type\":\"ListItem\",\"position\":3,\"name\":\"NUTRIPLUS (30ml)\"}]},{\"@type\":\"WebSite\",\"@id\":\"https:\\\/\\\/maritastore.ch\\\/#website\",\"url\":\"https:\\\/\\\/maritastore.ch\\\/\",\"name\":\"Marita\",\"description\":\"Boissons partenaire de votre sant\u00e9\",\"publisher\":{\"@id\":\"https:\\\/\\\/maritastore.ch\\\/#organization\"},\"potentialAction\":[{\"@type\":\"SearchAction\",\"target\":{\"@type\":\"EntryPoint\",\"urlTemplate\":\"https:\\\/\\\/maritastore.ch\\\/?s={search_term_string}\"},\"query-input\":{\"@type\":\"PropertyValueSpecification\",\"valueRequired\":true,\"valueName\":\"search_term_string\"}}],\"inLanguage\":\"en-GB\"},{\"@type\":\"Organization\",\"@id\":\"https:\\\/\\\/maritastore.ch\\\/#organization\",\"name\":\"Marita\",\"url\":\"https:\\\/\\\/maritastore.ch\\\/\",\"logo\":{\"@type\":\"ImageObject\",\"inLanguage\":\"en-GB\",\"@id\":\"https:\\\/\\\/maritastore.ch\\\/#\\\/schema\\\/logo\\\/image\\\/\",\"url\":\"https:\\\/\\\/maritastore.ch\\\/wp-content\\\/uploads\\\/2024\\\/04\\\/marita-store-network.png\",\"contentUrl\":\"https:\\\/\\\/maritastore.ch\\\/wp-content\\\/uploads\\\/2024\\\/04\\\/marita-store-network.png\",\"width\":322,\"height\":67,\"caption\":\"Marita\"},\"image\":{\"@id\":\"https:\\\/\\\/maritastore.ch\\\/#\\\/schema\\\/logo\\\/image\\\/\"}}]}<\/script>\n<!-- \/ Yoast SEO plugin. -->","yoast_head_json":{"title":"Nutriplus Marita \u2013 Compl\u00e9ment pour l\u2019\u00c9quilibre Glyc\u00e9mique Naturel","description":"Soutenez votre sant\u00e9 cellulaire et glyc\u00e9miques avec Nutriplus Marita. Formule naturelle \u00e0 base d\u2019huile d\u2019avocat, vitamine E et coenzyme Q10.","robots":{"index":"index","follow":"follow","max-snippet":"max-snippet:-1","max-image-preview":"max-image-preview:large","max-video-preview":"max-video-preview:-1"},"canonical":"https:\/\/maritastore.ch\/en\/product\/nutriplus-30ml\/","og_locale":"en_GB","og_type":"article","og_title":"Nutriplus Marita \u2013 Compl\u00e9ment pour l\u2019\u00c9quilibre Glyc\u00e9mique Naturel","og_description":"Soutenez votre sant\u00e9 cellulaire et glyc\u00e9miques avec Nutriplus Marita. Formule naturelle \u00e0 base d\u2019huile d\u2019avocat, vitamine E et coenzyme Q10.","og_url":"https:\/\/maritastore.ch\/en\/product\/nutriplus-30ml\/","og_site_name":"Marita","article_modified_time":"2025-12-15T17:20:36+00:00","og_image":[{"width":500,"height":500,"url":"https:\/\/maritastore.ch\/wp-content\/uploads\/2024\/10\/nutriplus-removebg-preview.png","type":"image\/png"}],"twitter_card":"summary_large_image","twitter_misc":{"Estimated reading time":"1 minute"},"schema":{"@context":"https:\/\/schema.org","@graph":[{"@type":"WebPage","@id":"https:\/\/maritastore.ch\/produit\/nutriplus-30ml\/","url":"https:\/\/maritastore.ch\/produit\/nutriplus-30ml\/","name":"Nutriplus Marita \u2013 Compl\u00e9ment pour l\u2019\u00c9quilibre Glyc\u00e9mique Naturel","isPartOf":{"@id":"https:\/\/maritastore.ch\/#website"},"primaryImageOfPage":{"@id":"https:\/\/maritastore.ch\/produit\/nutriplus-30ml\/#primaryimage"},"image":{"@id":"https:\/\/maritastore.ch\/produit\/nutriplus-30ml\/#primaryimage"},"thumbnailUrl":"https:\/\/maritastore.ch\/wp-content\/uploads\/2024\/10\/nutriplus-removebg-preview.png","datePublished":"2025-07-09T14:54:31+00:00","dateModified":"2025-12-15T17:20:36+00:00","description":"Soutenez votre sant\u00e9 cellulaire et glyc\u00e9miques avec Nutriplus Marita. Formule naturelle \u00e0 base d\u2019huile d\u2019avocat, vitamine E et coenzyme Q10.","breadcrumb":{"@id":"https:\/\/maritastore.ch\/produit\/nutriplus-30ml\/#breadcrumb"},"inLanguage":"en-GB","potentialAction":[{"@type":"ReadAction","target":["https:\/\/maritastore.ch\/produit\/nutriplus-30ml\/"]}]},{"@type":"ImageObject","inLanguage":"en-GB","@id":"https:\/\/maritastore.ch\/produit\/nutriplus-30ml\/#primaryimage","url":"https:\/\/maritastore.ch\/wp-content\/uploads\/2024\/10\/nutriplus-removebg-preview.png","contentUrl":"https:\/\/maritastore.ch\/wp-content\/uploads\/2024\/10\/nutriplus-removebg-preview.png","width":500,"height":500,"caption":"Nutriplus Marita \u2013 Formule synergique pour un meilleur \u00e9quilibre glyc\u00e9mique"},{"@type":"BreadcrumbList","@id":"https:\/\/maritastore.ch\/produit\/nutriplus-30ml\/#breadcrumb","itemListElement":[{"@type":"ListItem","position":1,"name":"Accueil","item":"https:\/\/maritastore.ch\/"},{"@type":"ListItem","position":2,"name":"Boutique","item":"https:\/\/maritastore.ch\/boutique\/"},{"@type":"ListItem","position":3,"name":"NUTRIPLUS (30ml)"}]},{"@type":"WebSite","@id":"https:\/\/maritastore.ch\/#website","url":"https:\/\/maritastore.ch\/","name":"Marita","description":"Drinks, your health partner","publisher":{"@id":"https:\/\/maritastore.ch\/#organization"},"potentialAction":[{"@type":"SearchAction","target":{"@type":"EntryPoint","urlTemplate":"https:\/\/maritastore.ch\/?s={search_term_string}"},"query-input":{"@type":"PropertyValueSpecification","valueRequired":true,"valueName":"search_term_string"}}],"inLanguage":"en-GB"},{"@type":"Organization","@id":"https:\/\/maritastore.ch\/#organization","name":"Marita","url":"https:\/\/maritastore.ch\/","logo":{"@type":"ImageObject","inLanguage":"en-GB","@id":"https:\/\/maritastore.ch\/#\/schema\/logo\/image\/","url":"https:\/\/maritastore.ch\/wp-content\/uploads\/2024\/04\/marita-store-network.png","contentUrl":"https:\/\/maritastore.ch\/wp-content\/uploads\/2024\/04\/marita-store-network.png","width":322,"height":67,"caption":"Marita"},"image":{"@id":"https:\/\/maritastore.ch\/#\/schema\/logo\/image\/"}}]}},"_links":{"self":[{"href":"https:\/\/maritastore.ch\/en\/wp-json\/wp\/v2\/product\/779","targetHints":{"allow":["GET"]}}],"collection":[{"href":"https:\/\/maritastore.ch\/en\/wp-json\/wp\/v2\/product"}],"about":[{"href":"https:\/\/maritastore.ch\/en\/wp-json\/wp\/v2\/types\/product"}],"wp:featuredmedia":[{"embeddable":true,"href":"https:\/\/maritastore.ch\/en\/wp-json\/wp\/v2\/media\/475"}],"wp:attachment":[{"href":"https:\/\/maritastore.ch\/en\/wp-json\/wp\/v2\/media?parent=779"}],"wp:term":[{"taxonomy":"product_brand","embeddable":true,"href":"https:\/\/maritastore.ch\/en\/wp-json\/wp\/v2\/product_brand?post=779"},{"taxonomy":"product_cat","embeddable":true,"href":"https:\/\/maritastore.ch\/en\/wp-json\/wp\/v2\/product_cat?post=779"},{"taxonomy":"product_tag","embeddable":true,"href":"https:\/\/maritastore.ch\/en\/wp-json\/wp\/v2\/product_tag?post=779"}],"curies":[{"name":"wp","href":"https:\/\/api.w.org\/{rel}","templated":true}]}}