{"id":1770,"date":"2026-04-07T08:52:21","date_gmt":"2026-04-07T06:52:21","guid":{"rendered":"https:\/\/maritastore.ch\/?page_id=1770"},"modified":"2026-04-07T08:56:36","modified_gmt":"2026-04-07T06:56:36","slug":"site-suspendu-pour-raisons-administratives","status":"publish","type":"page","link":"https:\/\/maritastore.ch\/en\/site-suspendu-pour-raisons-administratives\/","title":{"rendered":"site suspendu pour raisons administratives"},"content":{"rendered":"<p>[et_pb_section fb_built=\u00a0\u00bb1&Prime; _builder_version=\u00a0\u00bb4.27.5&Prime; _module_preset=\u00a0\u00bbdefault\u00a0\u00bb background_enable_image=\u00a0\u00bboff\u00a0\u00bb min_height=\u00a0\u00bb100vh\u00a0\u00bb custom_margin=\u00a0\u00bb0px||0px||false|false\u00a0\u00bb custom_padding=\u00a0\u00bb0px||0px||false|false\u00a0\u00bb background_last_edited=\u00a0\u00bbon|phone\u00a0\u00bb background_enable_image_tablet=\u00a0\u00bboff\u00a0\u00bb background_enable_image_phone=\u00a0\u00bboff\u00a0\u00bb background_size_tablet=\u00a0\u00bbcover\u00a0\u00bb background_size_phone=\u00a0\u00bbcontain\u00a0\u00bb background_position_phone=\u00a0\u00bbtop_center\u00a0\u00bb global_colors_info=\u00a0\u00bb{}\u00a0\u00bb theme_builder_area=\u00a0\u00bbpost_content\u00a0\u00bb][et_pb_row _builder_version=\u00a0\u00bb4.27.5&Prime; _module_preset=\u00a0\u00bbdefault\u00a0\u00bb width=\u00a0\u00bb60%\u00a0\u00bb width_tablet=\u00a0\u00bb88%\u00a0\u00bb width_phone=\u00a0\u00bb89%\u00a0\u00bb width_last_edited=\u00a0\u00bbon|phone\u00a0\u00bb custom_margin=\u00a0\u00bb0px||0px||false|false\u00a0\u00bb custom_padding=\u00a0\u00bb0px||0px||false|false\u00a0\u00bb global_colors_info=\u00a0\u00bb{}\u00a0\u00bb theme_builder_area=\u00a0\u00bbpost_content\u00a0\u00bb][et_pb_column type=\u00a0\u00bb4_4&Prime; _builder_version=\u00a0\u00bb4.27.5&Prime; _module_preset=\u00a0\u00bbdefault\u00a0\u00bb global_colors_info=\u00a0\u00bb{}\u00a0\u00bb theme_builder_area=\u00a0\u00bbpost_content\u00a0\u00bb][et_pb_image src=\u00a0\u00bbhttps:\/\/maritastore.ch\/wp-content\/uploads\/2026\/04\/siteSuspendu-court.png\u00a0\u00bb title_text=\u00a0\u00bbsiteSuspendu-court\u00a0\u00bb align=\u00a0\u00bbcenter\u00a0\u00bb _builder_version=\u00a0\u00bb4.27.5&Prime; _module_preset=\u00a0\u00bbdefault\u00a0\u00bb global_colors_info=\u00a0\u00bb{}\u00a0\u00bb theme_builder_area=\u00a0\u00bbpost_content\u00a0\u00bb][\/et_pb_image][et_pb_text _builder_version=\u00a0\u00bb4.27.5&Prime; _module_preset=\u00a0\u00bbdefault\u00a0\u00bb text_font=\u00a0\u00bb|800|||||||\u00a0\u00bb text_text_color=\u00a0\u00bb#000000&Prime; text_font_size=\u00a0\u00bb50px\u00a0\u00bb text_orientation=\u00a0\u00bbcenter\u00a0\u00bb text_font_size_tablet=\u00a0\u00bb30px\u00a0\u00bb text_font_size_phone=\u00a0\u00bb30px\u00a0\u00bb text_font_size_last_edited=\u00a0\u00bbon|phone\u00a0\u00bb global_colors_info=\u00a0\u00bb{}\u00a0\u00bb theme_builder_area=\u00a0\u00bbpost_content\u00a0\u00bb]<\/p>\n<p>Ce site est temporairement indisponible<\/p>\n<p>[\/et_pb_text][et_pb_text _builder_version=\u00a0\u00bb4.27.5&Prime; _module_preset=\u00a0\u00bbdefault\u00a0\u00bb text_text_color=\u00a0\u00bb#000000&Prime; text_font_size=\u00a0\u00bb21px\u00a0\u00bb text_orientation=\u00a0\u00bbcenter\u00a0\u00bb global_colors_info=\u00a0\u00bb{}\u00a0\u00bb theme_builder_area=\u00a0\u00bbpost_content\u00a0\u00bb]<\/p>\n<p>La publication de ce site internet est actuellement suspendue pour des raisons administratives. <br \/>Une fois la situation r\u00e9gularis\u00e9e, l\u2019acc\u00e8s sera automatiquement r\u00e9tabli. <br \/>Merci pour votre compr\u00e9hension.<\/p>\n<p>[\/et_pb_text][et_pb_text _builder_version=\u00a0\u00bb4.27.5&Prime; _module_preset=\u00a0\u00bbdefault\u00a0\u00bb text_font=\u00a0\u00bb|300|||||||\u00a0\u00bb text_text_color=\u00a0\u00bb#000000&Prime; text_font_size=\u00a0\u00bb13px\u00a0\u00bb text_line_height=\u00a0\u00bb1.3em\u00a0\u00bb text_orientation=\u00a0\u00bbjustified\u00a0\u00bb global_colors_info=\u00a0\u00bb{}\u00a0\u00bb theme_builder_area=\u00a0\u00bbpost_content\u00a0\u00bb]<\/p>\n<p><strong>Avis l\u00e9gal et clause de non-responsabilit\u00e9<br \/><\/strong>Le pr\u00e9sent avis de suspension est publi\u00e9 par le prestataire de services en charge de l\u2019h\u00e9bergement et de la maintenance technique du site, conform\u00e9ment aux conditions contractuelles en vigueur (conditions g\u00e9n\u00e9rales de vente, art 10.11). Les informations affich\u00e9es sur cette page ont un caract\u00e8re purement informatif et factuel. Elles ne visent en aucun cas \u00e0 nuire \u00e0 la r\u00e9putation ou aux activit\u00e9s de la soci\u00e9t\u00e9 mentionn\u00e9e, mais uniquement \u00e0 informer de la suspension temporaire de la publication du site pour des motifs contractuels. Toute r\u00e9gularisation de la situation entra\u00eenera la r\u00e9activation du site sous 3 jours ouvr\u00e9s.<\/p>\n<p>[\/et_pb_text][et_pb_text _builder_version=\u00a0\u00bb4.27.5&Prime; _module_preset=\u00a0\u00bbdefault\u00a0\u00bb text_font=\u00a0\u00bb|300|||||||\u00a0\u00bb text_text_color=\u00a0\u00bb#000000&Prime; text_font_size=\u00a0\u00bb11px\u00a0\u00bb text_line_height=\u00a0\u00bb1.2em\u00a0\u00bb link_font=\u00a0\u00bb||||on||||\u00a0\u00bb link_text_color=\u00a0\u00bb#000000&Prime; global_colors_info=\u00a0\u00bb{}\u00a0\u00bb theme_builder_area=\u00a0\u00bbpost_content\u00a0\u00bb]<\/p>\n<p style=\"text-align: center;\">Le pr\u00e9sent site est g\u00e9r\u00e9 par Novagency Co.,Ltd, soci\u00e9t\u00e9 enregistr\u00e9e en Tha\u00eflande.<br \/>Pour toute question ou information compl\u00e9mentaire concernant ce site, vous pouvez nous contacter \u00e0 <a href=\"mailto:info@novagency.ch.\">info@novagency.ch. <\/a><br \/>Sauf disposition contraire expresse dans le contrat de service, tout diff\u00e9rend \u00e9ventuel rel\u00e8ve du droit tha\u00eflandais et de la juridiction comp\u00e9tente de Chonburi.<\/p>\n<p>[\/et_pb_text][\/et_pb_column][\/et_pb_row][\/et_pb_section]<\/p>\n","protected":false},"excerpt":{"rendered":"<p>Ce site est temporairement indisponibleLa publication de ce site internet est actuellement suspendue pour des raisons administratives. Une fois la situation r\u00e9gularis\u00e9e, l\u2019acc\u00e8s sera automatiquement r\u00e9tabli. Merci pour votre compr\u00e9hension.Avis l\u00e9gal et clause de non-responsabilit\u00e9Le pr\u00e9sent avis de suspension est publi\u00e9 par le prestataire de services en charge de l\u2019h\u00e9bergement et de la maintenance technique [&hellip;]<\/p>\n","protected":false},"author":1,"featured_media":0,"parent":0,"menu_order":0,"comment_status":"closed","ping_status":"closed","template":"","meta":{"_et_pb_use_builder":"on","_et_pb_old_content":"","_et_gb_content_width":"","footnotes":""},"class_list":["post-1770","page","type-page","status-publish","hentry"],"yoast_head":"<!-- This site is optimized with the Yoast SEO plugin v27.3 - https:\/\/yoast.com\/product\/yoast-seo-wordpress\/ -->\n<title>Marita Store Suisse \u2013 Caf\u00e9s Minceur &amp; Bien-\u00eatre Naturel<\/title>\n<meta name=\"description\" content=\"D\u00e9couvrez les caf\u00e9s Marita, alli\u00e9s de votre sant\u00e9 : perte de poids, \u00e9nergie, m\u00e9moire. Boutique officielle en Suisse.\" \/>\n<meta name=\"robots\" content=\"index, follow, max-snippet:-1, max-image-preview:large, max-video-preview:-1\" \/>\n<link rel=\"canonical\" href=\"https:\/\/maritastore.ch\/en\/site-suspendu-pour-raisons-administratives\/\" \/>\n<meta property=\"og:locale\" content=\"en_GB\" \/>\n<meta property=\"og:type\" content=\"article\" \/>\n<meta property=\"og:title\" content=\"Marita Store Suisse \u2013 Caf\u00e9s Minceur &amp; Bien-\u00eatre Naturel\" \/>\n<meta property=\"og:description\" content=\"D\u00e9couvrez les caf\u00e9s Marita, alli\u00e9s de votre sant\u00e9 : perte de poids, \u00e9nergie, m\u00e9moire. Boutique officielle en Suisse.\" \/>\n<meta property=\"og:url\" content=\"https:\/\/maritastore.ch\/en\/site-suspendu-pour-raisons-administratives\/\" \/>\n<meta property=\"og:site_name\" content=\"Marita\" \/>\n<meta property=\"article:modified_time\" content=\"2026-04-07T06:56:36+00:00\" \/>\n<meta property=\"og:image\" content=\"https:\/\/maritastore.ch\/wp-content\/uploads\/2025\/05\/MARITA-Home-page-1.png\" \/>\n\t<meta property=\"og:image:width\" content=\"1920\" \/>\n\t<meta property=\"og:image:height\" content=\"1000\" \/>\n\t<meta property=\"og:image:type\" content=\"image\/png\" \/>\n<meta name=\"twitter:card\" content=\"summary_large_image\" \/>\n<script type=\"application\/ld+json\" class=\"yoast-schema-graph\">{\"@context\":\"https:\\\/\\\/schema.org\",\"@graph\":[{\"@type\":\"WebPage\",\"@id\":\"https:\\\/\\\/maritastore.ch\\\/site-suspendu-pour-raisons-administratives\\\/\",\"url\":\"https:\\\/\\\/maritastore.ch\\\/site-suspendu-pour-raisons-administratives\\\/\",\"name\":\"Marita Store Suisse \u2013 Caf\u00e9s Minceur & Bien-\u00eatre Naturel\",\"isPartOf\":{\"@id\":\"https:\\\/\\\/maritastore.ch\\\/#website\"},\"datePublished\":\"2026-04-07T06:52:21+00:00\",\"dateModified\":\"2026-04-07T06:56:36+00:00\",\"description\":\"D\u00e9couvrez les caf\u00e9s Marita, alli\u00e9s de votre sant\u00e9 : perte de poids, \u00e9nergie, m\u00e9moire. Boutique officielle en Suisse.\",\"breadcrumb\":{\"@id\":\"https:\\\/\\\/maritastore.ch\\\/site-suspendu-pour-raisons-administratives\\\/#breadcrumb\"},\"inLanguage\":\"en-GB\",\"potentialAction\":[{\"@type\":\"ReadAction\",\"target\":[\"https:\\\/\\\/maritastore.ch\\\/site-suspendu-pour-raisons-administratives\\\/\"]}]},{\"@type\":\"BreadcrumbList\",\"@id\":\"https:\\\/\\\/maritastore.ch\\\/site-suspendu-pour-raisons-administratives\\\/#breadcrumb\",\"itemListElement\":[{\"@type\":\"ListItem\",\"position\":1,\"name\":\"Accueil\",\"item\":\"https:\\\/\\\/maritastore.ch\\\/\"},{\"@type\":\"ListItem\",\"position\":2,\"name\":\"site suspendu pour raisons administratives\"}]},{\"@type\":\"WebSite\",\"@id\":\"https:\\\/\\\/maritastore.ch\\\/#website\",\"url\":\"https:\\\/\\\/maritastore.ch\\\/\",\"name\":\"Marita\",\"description\":\"Boissons partenaire de votre sant\u00e9\",\"publisher\":{\"@id\":\"https:\\\/\\\/maritastore.ch\\\/#organization\"},\"potentialAction\":[{\"@type\":\"SearchAction\",\"target\":{\"@type\":\"EntryPoint\",\"urlTemplate\":\"https:\\\/\\\/maritastore.ch\\\/?s={search_term_string}\"},\"query-input\":{\"@type\":\"PropertyValueSpecification\",\"valueRequired\":true,\"valueName\":\"search_term_string\"}}],\"inLanguage\":\"en-GB\"},{\"@type\":\"Organization\",\"@id\":\"https:\\\/\\\/maritastore.ch\\\/#organization\",\"name\":\"Marita\",\"url\":\"https:\\\/\\\/maritastore.ch\\\/\",\"logo\":{\"@type\":\"ImageObject\",\"inLanguage\":\"en-GB\",\"@id\":\"https:\\\/\\\/maritastore.ch\\\/#\\\/schema\\\/logo\\\/image\\\/\",\"url\":\"https:\\\/\\\/maritastore.ch\\\/wp-content\\\/uploads\\\/2024\\\/04\\\/marita-store-network.png\",\"contentUrl\":\"https:\\\/\\\/maritastore.ch\\\/wp-content\\\/uploads\\\/2024\\\/04\\\/marita-store-network.png\",\"width\":322,\"height\":67,\"caption\":\"Marita\"},\"image\":{\"@id\":\"https:\\\/\\\/maritastore.ch\\\/#\\\/schema\\\/logo\\\/image\\\/\"}}]}<\/script>\n<!-- \/ Yoast SEO plugin. -->","yoast_head_json":{"title":"Marita Store Switzerland \u2013 Slimming &amp; Natural Wellness Cafes","description":"Discover Marita&#039;s caf\u00e9s, allies for your health: weight loss, energy, memory. Official store in Switzerland.","robots":{"index":"index","follow":"follow","max-snippet":"max-snippet:-1","max-image-preview":"max-image-preview:large","max-video-preview":"max-video-preview:-1"},"canonical":"https:\/\/maritastore.ch\/en\/site-suspendu-pour-raisons-administratives\/","og_locale":"en_GB","og_type":"article","og_title":"Marita Store Suisse \u2013 Caf\u00e9s Minceur & Bien-\u00eatre Naturel","og_description":"D\u00e9couvrez les caf\u00e9s Marita, alli\u00e9s de votre sant\u00e9 : perte de poids, \u00e9nergie, m\u00e9moire. Boutique officielle en Suisse.","og_url":"https:\/\/maritastore.ch\/en\/site-suspendu-pour-raisons-administratives\/","og_site_name":"Marita","article_modified_time":"2026-04-07T06:56:36+00:00","og_image":[{"width":1920,"height":1000,"url":"https:\/\/maritastore.ch\/wp-content\/uploads\/2025\/05\/MARITA-Home-page-1.png","type":"image\/png"}],"twitter_card":"summary_large_image","schema":{"@context":"https:\/\/schema.org","@graph":[{"@type":"WebPage","@id":"https:\/\/maritastore.ch\/site-suspendu-pour-raisons-administratives\/","url":"https:\/\/maritastore.ch\/site-suspendu-pour-raisons-administratives\/","name":"Marita Store Switzerland \u2013 Slimming &amp; Natural Wellness Cafes","isPartOf":{"@id":"https:\/\/maritastore.ch\/#website"},"datePublished":"2026-04-07T06:52:21+00:00","dateModified":"2026-04-07T06:56:36+00:00","description":"Discover Marita&#039;s caf\u00e9s, allies for your health: weight loss, energy, memory. Official store in Switzerland.","breadcrumb":{"@id":"https:\/\/maritastore.ch\/site-suspendu-pour-raisons-administratives\/#breadcrumb"},"inLanguage":"en-GB","potentialAction":[{"@type":"ReadAction","target":["https:\/\/maritastore.ch\/site-suspendu-pour-raisons-administratives\/"]}]},{"@type":"BreadcrumbList","@id":"https:\/\/maritastore.ch\/site-suspendu-pour-raisons-administratives\/#breadcrumb","itemListElement":[{"@type":"ListItem","position":1,"name":"Accueil","item":"https:\/\/maritastore.ch\/"},{"@type":"ListItem","position":2,"name":"site suspendu pour raisons administratives"}]},{"@type":"WebSite","@id":"https:\/\/maritastore.ch\/#website","url":"https:\/\/maritastore.ch\/","name":"Marita","description":"Drinks, your health partner","publisher":{"@id":"https:\/\/maritastore.ch\/#organization"},"potentialAction":[{"@type":"SearchAction","target":{"@type":"EntryPoint","urlTemplate":"https:\/\/maritastore.ch\/?s={search_term_string}"},"query-input":{"@type":"PropertyValueSpecification","valueRequired":true,"valueName":"search_term_string"}}],"inLanguage":"en-GB"},{"@type":"Organization","@id":"https:\/\/maritastore.ch\/#organization","name":"Marita","url":"https:\/\/maritastore.ch\/","logo":{"@type":"ImageObject","inLanguage":"en-GB","@id":"https:\/\/maritastore.ch\/#\/schema\/logo\/image\/","url":"https:\/\/maritastore.ch\/wp-content\/uploads\/2024\/04\/marita-store-network.png","contentUrl":"https:\/\/maritastore.ch\/wp-content\/uploads\/2024\/04\/marita-store-network.png","width":322,"height":67,"caption":"Marita"},"image":{"@id":"https:\/\/maritastore.ch\/#\/schema\/logo\/image\/"}}]}},"_links":{"self":[{"href":"https:\/\/maritastore.ch\/en\/wp-json\/wp\/v2\/pages\/1770","targetHints":{"allow":["GET"]}}],"collection":[{"href":"https:\/\/maritastore.ch\/en\/wp-json\/wp\/v2\/pages"}],"about":[{"href":"https:\/\/maritastore.ch\/en\/wp-json\/wp\/v2\/types\/page"}],"author":[{"embeddable":true,"href":"https:\/\/maritastore.ch\/en\/wp-json\/wp\/v2\/users\/1"}],"replies":[{"embeddable":true,"href":"https:\/\/maritastore.ch\/en\/wp-json\/wp\/v2\/comments?post=1770"}],"version-history":[{"count":3,"href":"https:\/\/maritastore.ch\/en\/wp-json\/wp\/v2\/pages\/1770\/revisions"}],"predecessor-version":[{"id":1778,"href":"https:\/\/maritastore.ch\/en\/wp-json\/wp\/v2\/pages\/1770\/revisions\/1778"}],"wp:attachment":[{"href":"https:\/\/maritastore.ch\/en\/wp-json\/wp\/v2\/media?parent=1770"}],"curies":[{"name":"wp","href":"https:\/\/api.w.org\/{rel}","templated":true}]}}