{"id":768,"date":"2025-07-07T19:10:57","date_gmt":"2025-07-07T17:10:57","guid":{"rendered":"https:\/\/maritastore.ch\/?post_type=product&#038;p=768"},"modified":"2025-08-01T11:58:04","modified_gmt":"2025-08-01T09:58:04","slug":"colagene","status":"publish","type":"product","link":"https:\/\/maritastore.ch\/de\/produkt\/colagene\/","title":{"rendered":"KOLAGEN"},"content":{"rendered":"<p><strong data-start=\"208\" data-end=\"251\">Geben Sie Ihrer Haut die Jugend und Ausstrahlung zur\u00fcck<\/strong> Dank Beauty Drink Marita: ein funktionelles Getr\u00e4nk auf Basis von Verisol\u00ae-Kollagen, angereichert mit starken Antioxidantien (Beeren, Cranberry, Hibiskus), das wirkt <strong data-start=\"422\" data-end=\"457\">von innen nach au\u00dfen<\/strong>.<\/p>\n<ul>\n<li data-start=\"490\" data-end=\"541\">\n<p data-start=\"492\" data-end=\"541\"><strong data-start=\"494\" data-end=\"525\">Sichtbare Reduzierung von F\u00e4ltchen<\/strong> in 4 Wochen<\/p>\n<\/li>\n<li data-start=\"542\" data-end=\"591\">\n<p data-start=\"544\" data-end=\"591\"><strong data-start=\"546\" data-end=\"576\">+65 % nat\u00fcrliches Kollagen<\/strong> in der Haut<\/p>\n<\/li>\n<li data-start=\"592\" data-end=\"672\">\n<p data-start=\"594\" data-end=\"672\"><strong data-start=\"596\" data-end=\"630\">Vorbeugung neuer Falten<\/strong> und verbesserte Elastizit\u00e4t (+10 %)<\/p>\n<\/li>\n<li data-start=\"673\" data-end=\"721\">\n<p data-start=\"675\" data-end=\"721\"><strong data-start=\"677\" data-end=\"719\">Reduzierung bestehender F\u00e4ltchen um 32 %<\/strong><\/p>\n<\/li>\n<li data-start=\"722\" data-end=\"791\">\n<p data-start=\"724\" data-end=\"791\"><strong data-start=\"726\" data-end=\"745\">Aufpolsternder Effekt<\/strong> \u00e4hnlich wie injizierbare Hyalurons\u00e4ure<\/p>\n<\/li>\n<li data-start=\"792\" data-end=\"854\">\n<p data-start=\"794\" data-end=\"854\"><strong data-start=\"796\" data-end=\"814\">Globale Ma\u00dfnahmen<\/strong> : Gesicht, H\u00e4nde, Hals, Haare und N\u00e4gel<\/p>\n<\/li>\n<\/ul>","protected":false},"excerpt":{"rendered":"<p data-start=\"142\" data-end=\"370\">G\u00f6nnen Sie Ihrer Haut eine nat\u00fcrliche Verj\u00fcngungskur mit dem <strong data-start=\"201\" data-end=\"221\">Collagen Marita<\/strong>, ein intelligentes und leistungsstarkes Nahrungserg\u00e4nzungsmittel f\u00fcr <strong data-start=\"274\" data-end=\"310\">bewahren, restaurieren und verbessern<\/strong> die Sch\u00f6nheit Ihrer Haut, Haare und N\u00e4gel.<\/p>\n<p data-start=\"372\" data-end=\"471\">Ab 4 Wochen sind die Ergebnisse sichtbar: weniger F\u00e4ltchen, wiederhergestellte Elastizit\u00e4t, prallere Haut.<\/p>\n<ul>\n<li data-start=\"505\" data-end=\"567\">\n<p data-start=\"507\" data-end=\"567\"><strong data-start=\"507\" data-end=\"528\">Strafft die Haut<\/strong> : verbessert feine Linien in 4 Wochen<\/p>\n<\/li>\n<li data-start=\"568\" data-end=\"669\">\n<p data-start=\"570\" data-end=\"669\"><strong data-start=\"570\" data-end=\"589\">Aufpolsternder Effekt<\/strong> : f\u00f6rdert die Gesichtsf\u00fcllung vergleichbar mit injizierbarer Hyalurons\u00e4ure<\/p>\n<\/li>\n<li data-start=\"670\" data-end=\"757\">\n<p data-start=\"672\" data-end=\"757\"><strong data-start=\"672\" data-end=\"690\">Globale Ma\u00dfnahmen<\/strong> : wirkt auf Gesicht, Hals, H\u00e4nde, Haare und N\u00e4gel<\/p>\n<\/li>\n<\/ul>","protected":false},"featured_media":136,"template":"","meta":{"_et_pb_use_builder":"","_et_pb_old_content":"","_et_gb_content_width":""},"product_brand":[],"product_cat":[16],"product_tag":[101,95,93,92,97,94,96,99,98,100],"class_list":{"0":"post-768","1":"product","2":"type-product","3":"status-publish","4":"has-post-thumbnail","6":"product_cat-gd-public","7":"product_tag-antioxydants-naturels","8":"product_tag-beaute-peau","9":"product_tag-collagene-acide-hyaluronique","10":"product_tag-collagene-marita","11":"product_tag-complement-peau-cheveux-ongles","12":"product_tag-cure-anti-age","13":"product_tag-elasticite-peau","14":"product_tag-peptides-verisol","15":"product_tag-rides-et-fermete","16":"product_tag-soin-peau-mature","18":"first","19":"instock","20":"taxable","21":"shipping-taxable","22":"purchasable","23":"product-type-simple"},"yoast_head":"<!-- This site is optimized with the Yoast SEO plugin v27.3 - https:\/\/yoast.com\/product\/yoast-seo-wordpress\/ -->\n<title>Collag\u00e8ne Marita Acide Hyaluronique \u2013 Peau Raffermie<\/title>\n<meta name=\"description\" content=\"D\u00e9couvrez le Collag\u00e8ne Marita enrichi en acide hyaluronique et antioxydants. R\u00e9duit les rides, am\u00e9liore l\u2019\u00e9lasticit\u00e9 et raffermit la peau d\u00e8s 4 semaines.\" \/>\n<meta name=\"robots\" content=\"index, follow, max-snippet:-1, max-image-preview:large, max-video-preview:-1\" \/>\n<link rel=\"canonical\" href=\"https:\/\/maritastore.ch\/de\/produkt\/colagene\/\" \/>\n<meta property=\"og:locale\" content=\"de_DE\" \/>\n<meta property=\"og:type\" content=\"article\" \/>\n<meta property=\"og:title\" content=\"Collag\u00e8ne Marita Acide Hyaluronique \u2013 Peau Raffermie\" \/>\n<meta property=\"og:description\" content=\"D\u00e9couvrez le Collag\u00e8ne Marita enrichi en acide hyaluronique et antioxydants. R\u00e9duit les rides, am\u00e9liore l\u2019\u00e9lasticit\u00e9 et raffermit la peau d\u00e8s 4 semaines.\" \/>\n<meta property=\"og:url\" content=\"https:\/\/maritastore.ch\/de\/produkt\/colagene\/\" \/>\n<meta property=\"og:site_name\" content=\"Marita\" \/>\n<meta property=\"article:modified_time\" content=\"2025-08-01T09:58:04+00:00\" \/>\n<meta property=\"og:image\" content=\"https:\/\/maritastore.ch\/wp-content\/uploads\/2024\/04\/colageno.png\" \/>\n\t<meta property=\"og:image:width\" content=\"450\" \/>\n\t<meta property=\"og:image:height\" content=\"600\" \/>\n\t<meta property=\"og:image:type\" content=\"image\/png\" \/>\n<meta name=\"twitter:card\" content=\"summary_large_image\" \/>\n<meta name=\"twitter:label1\" content=\"Gesch\u00e4tzte Lesezeit\" \/>\n\t<meta name=\"twitter:data1\" content=\"1\u00a0Minute\" \/>\n<script type=\"application\/ld+json\" class=\"yoast-schema-graph\">{\"@context\":\"https:\\\/\\\/schema.org\",\"@graph\":[{\"@type\":\"WebPage\",\"@id\":\"https:\\\/\\\/maritastore.ch\\\/produit\\\/colagene\\\/\",\"url\":\"https:\\\/\\\/maritastore.ch\\\/produit\\\/colagene\\\/\",\"name\":\"Collag\u00e8ne Marita Acide Hyaluronique \u2013 Peau Raffermie\",\"isPartOf\":{\"@id\":\"https:\\\/\\\/maritastore.ch\\\/#website\"},\"primaryImageOfPage\":{\"@id\":\"https:\\\/\\\/maritastore.ch\\\/produit\\\/colagene\\\/#primaryimage\"},\"image\":{\"@id\":\"https:\\\/\\\/maritastore.ch\\\/produit\\\/colagene\\\/#primaryimage\"},\"thumbnailUrl\":\"https:\\\/\\\/maritastore.ch\\\/wp-content\\\/uploads\\\/2024\\\/04\\\/colageno.png\",\"datePublished\":\"2025-07-07T17:10:57+00:00\",\"dateModified\":\"2025-08-01T09:58:04+00:00\",\"description\":\"D\u00e9couvrez le Collag\u00e8ne Marita enrichi en acide hyaluronique et antioxydants. R\u00e9duit les rides, am\u00e9liore l\u2019\u00e9lasticit\u00e9 et raffermit la peau d\u00e8s 4 semaines.\",\"breadcrumb\":{\"@id\":\"https:\\\/\\\/maritastore.ch\\\/produit\\\/colagene\\\/#breadcrumb\"},\"inLanguage\":\"de\",\"potentialAction\":[{\"@type\":\"ReadAction\",\"target\":[\"https:\\\/\\\/maritastore.ch\\\/produit\\\/colagene\\\/\"]}]},{\"@type\":\"ImageObject\",\"inLanguage\":\"de\",\"@id\":\"https:\\\/\\\/maritastore.ch\\\/produit\\\/colagene\\\/#primaryimage\",\"url\":\"https:\\\/\\\/maritastore.ch\\\/wp-content\\\/uploads\\\/2024\\\/04\\\/colageno.png\",\"contentUrl\":\"https:\\\/\\\/maritastore.ch\\\/wp-content\\\/uploads\\\/2024\\\/04\\\/colageno.png\",\"width\":450,\"height\":600,\"caption\":\"Cure anti-\u00e2ge naturelle au collag\u00e8ne et acide hyaluronique\"},{\"@type\":\"BreadcrumbList\",\"@id\":\"https:\\\/\\\/maritastore.ch\\\/produit\\\/colagene\\\/#breadcrumb\",\"itemListElement\":[{\"@type\":\"ListItem\",\"position\":1,\"name\":\"Accueil\",\"item\":\"https:\\\/\\\/maritastore.ch\\\/\"},{\"@type\":\"ListItem\",\"position\":2,\"name\":\"Boutique\",\"item\":\"https:\\\/\\\/maritastore.ch\\\/boutique\\\/\"},{\"@type\":\"ListItem\",\"position\":3,\"name\":\"COLAGENE\"}]},{\"@type\":\"WebSite\",\"@id\":\"https:\\\/\\\/maritastore.ch\\\/#website\",\"url\":\"https:\\\/\\\/maritastore.ch\\\/\",\"name\":\"Marita\",\"description\":\"Boissons partenaire de votre sant\u00e9\",\"publisher\":{\"@id\":\"https:\\\/\\\/maritastore.ch\\\/#organization\"},\"potentialAction\":[{\"@type\":\"SearchAction\",\"target\":{\"@type\":\"EntryPoint\",\"urlTemplate\":\"https:\\\/\\\/maritastore.ch\\\/?s={search_term_string}\"},\"query-input\":{\"@type\":\"PropertyValueSpecification\",\"valueRequired\":true,\"valueName\":\"search_term_string\"}}],\"inLanguage\":\"de\"},{\"@type\":\"Organization\",\"@id\":\"https:\\\/\\\/maritastore.ch\\\/#organization\",\"name\":\"Marita\",\"url\":\"https:\\\/\\\/maritastore.ch\\\/\",\"logo\":{\"@type\":\"ImageObject\",\"inLanguage\":\"de\",\"@id\":\"https:\\\/\\\/maritastore.ch\\\/#\\\/schema\\\/logo\\\/image\\\/\",\"url\":\"https:\\\/\\\/maritastore.ch\\\/wp-content\\\/uploads\\\/2024\\\/04\\\/marita-store-network.png\",\"contentUrl\":\"https:\\\/\\\/maritastore.ch\\\/wp-content\\\/uploads\\\/2024\\\/04\\\/marita-store-network.png\",\"width\":322,\"height\":67,\"caption\":\"Marita\"},\"image\":{\"@id\":\"https:\\\/\\\/maritastore.ch\\\/#\\\/schema\\\/logo\\\/image\\\/\"}}]}<\/script>\n<!-- \/ Yoast SEO plugin. -->","yoast_head_json":{"title":"Collag\u00e8ne Marita Acide Hyaluronique \u2013 Peau Raffermie","description":"D\u00e9couvrez le Collag\u00e8ne Marita enrichi en acide hyaluronique et antioxydants. R\u00e9duit les rides, am\u00e9liore l\u2019\u00e9lasticit\u00e9 et raffermit la peau d\u00e8s 4 semaines.","robots":{"index":"index","follow":"follow","max-snippet":"max-snippet:-1","max-image-preview":"max-image-preview:large","max-video-preview":"max-video-preview:-1"},"canonical":"https:\/\/maritastore.ch\/de\/produkt\/colagene\/","og_locale":"de_DE","og_type":"article","og_title":"Collag\u00e8ne Marita Acide Hyaluronique \u2013 Peau Raffermie","og_description":"D\u00e9couvrez le Collag\u00e8ne Marita enrichi en acide hyaluronique et antioxydants. R\u00e9duit les rides, am\u00e9liore l\u2019\u00e9lasticit\u00e9 et raffermit la peau d\u00e8s 4 semaines.","og_url":"https:\/\/maritastore.ch\/de\/produkt\/colagene\/","og_site_name":"Marita","article_modified_time":"2025-08-01T09:58:04+00:00","og_image":[{"width":450,"height":600,"url":"https:\/\/maritastore.ch\/wp-content\/uploads\/2024\/04\/colageno.png","type":"image\/png"}],"twitter_card":"summary_large_image","twitter_misc":{"Gesch\u00e4tzte Lesezeit":"1\u00a0Minute"},"schema":{"@context":"https:\/\/schema.org","@graph":[{"@type":"WebPage","@id":"https:\/\/maritastore.ch\/produit\/colagene\/","url":"https:\/\/maritastore.ch\/produit\/colagene\/","name":"Collag\u00e8ne Marita Acide Hyaluronique \u2013 Peau Raffermie","isPartOf":{"@id":"https:\/\/maritastore.ch\/#website"},"primaryImageOfPage":{"@id":"https:\/\/maritastore.ch\/produit\/colagene\/#primaryimage"},"image":{"@id":"https:\/\/maritastore.ch\/produit\/colagene\/#primaryimage"},"thumbnailUrl":"https:\/\/maritastore.ch\/wp-content\/uploads\/2024\/04\/colageno.png","datePublished":"2025-07-07T17:10:57+00:00","dateModified":"2025-08-01T09:58:04+00:00","description":"D\u00e9couvrez le Collag\u00e8ne Marita enrichi en acide hyaluronique et antioxydants. R\u00e9duit les rides, am\u00e9liore l\u2019\u00e9lasticit\u00e9 et raffermit la peau d\u00e8s 4 semaines.","breadcrumb":{"@id":"https:\/\/maritastore.ch\/produit\/colagene\/#breadcrumb"},"inLanguage":"de","potentialAction":[{"@type":"ReadAction","target":["https:\/\/maritastore.ch\/produit\/colagene\/"]}]},{"@type":"ImageObject","inLanguage":"de","@id":"https:\/\/maritastore.ch\/produit\/colagene\/#primaryimage","url":"https:\/\/maritastore.ch\/wp-content\/uploads\/2024\/04\/colageno.png","contentUrl":"https:\/\/maritastore.ch\/wp-content\/uploads\/2024\/04\/colageno.png","width":450,"height":600,"caption":"Cure anti-\u00e2ge naturelle au collag\u00e8ne et acide hyaluronique"},{"@type":"BreadcrumbList","@id":"https:\/\/maritastore.ch\/produit\/colagene\/#breadcrumb","itemListElement":[{"@type":"ListItem","position":1,"name":"Accueil","item":"https:\/\/maritastore.ch\/"},{"@type":"ListItem","position":2,"name":"Boutique","item":"https:\/\/maritastore.ch\/boutique\/"},{"@type":"ListItem","position":3,"name":"COLAGENE"}]},{"@type":"WebSite","@id":"https:\/\/maritastore.ch\/#website","url":"https:\/\/maritastore.ch\/","name":"Marita","description":"Getr\u00e4nke, Ihr Gesundheitspartner","publisher":{"@id":"https:\/\/maritastore.ch\/#organization"},"potentialAction":[{"@type":"SearchAction","target":{"@type":"EntryPoint","urlTemplate":"https:\/\/maritastore.ch\/?s={search_term_string}"},"query-input":{"@type":"PropertyValueSpecification","valueRequired":true,"valueName":"search_term_string"}}],"inLanguage":"de"},{"@type":"Organization","@id":"https:\/\/maritastore.ch\/#organization","name":"Marita","url":"https:\/\/maritastore.ch\/","logo":{"@type":"ImageObject","inLanguage":"de","@id":"https:\/\/maritastore.ch\/#\/schema\/logo\/image\/","url":"https:\/\/maritastore.ch\/wp-content\/uploads\/2024\/04\/marita-store-network.png","contentUrl":"https:\/\/maritastore.ch\/wp-content\/uploads\/2024\/04\/marita-store-network.png","width":322,"height":67,"caption":"Marita"},"image":{"@id":"https:\/\/maritastore.ch\/#\/schema\/logo\/image\/"}}]}},"_links":{"self":[{"href":"https:\/\/maritastore.ch\/de\/wp-json\/wp\/v2\/product\/768","targetHints":{"allow":["GET"]}}],"collection":[{"href":"https:\/\/maritastore.ch\/de\/wp-json\/wp\/v2\/product"}],"about":[{"href":"https:\/\/maritastore.ch\/de\/wp-json\/wp\/v2\/types\/product"}],"wp:featuredmedia":[{"embeddable":true,"href":"https:\/\/maritastore.ch\/de\/wp-json\/wp\/v2\/media\/136"}],"wp:attachment":[{"href":"https:\/\/maritastore.ch\/de\/wp-json\/wp\/v2\/media?parent=768"}],"wp:term":[{"taxonomy":"product_brand","embeddable":true,"href":"https:\/\/maritastore.ch\/de\/wp-json\/wp\/v2\/product_brand?post=768"},{"taxonomy":"product_cat","embeddable":true,"href":"https:\/\/maritastore.ch\/de\/wp-json\/wp\/v2\/product_cat?post=768"},{"taxonomy":"product_tag","embeddable":true,"href":"https:\/\/maritastore.ch\/de\/wp-json\/wp\/v2\/product_tag?post=768"}],"curies":[{"name":"wp","href":"https:\/\/api.w.org\/{rel}","templated":true}]}}