{"id":740,"date":"2025-07-04T12:07:17","date_gmt":"2025-07-04T10:07:17","guid":{"rendered":"https:\/\/maritastore.ch\/?post_type=product&#038;p=740"},"modified":"2025-12-15T18:16:05","modified_gmt":"2025-12-15T17:16:05","slug":"marita-cafe-3-0-plus","status":"publish","type":"product","link":"https:\/\/maritastore.ch\/de\/produkt\/marita-cafe-3-0-plus\/","title":{"rendered":"KAFFEE 3.0 PLUS"},"content":{"rendered":"<p data-start=\"159\" data-end=\"392\">Klasse <strong data-start=\"166\" data-end=\"192\">Nahrungserg\u00e4nzungsmittel<\/strong>, DER <strong data-start=\"197\" data-end=\"221\">Caf\u00e9 Marita 3.0 Plus<\/strong> ist die nat\u00fcrliche Weiterentwicklung des ber\u00fchmten <strong data-start=\"259\" data-end=\"275\">Brennen+Kontrolle<\/strong>, mit <strong data-start=\"286\" data-end=\"314\">bew\u00e4hrte Funktionen<\/strong> um Ihr Abnehmziel zu unterst\u00fctzen, w\u00e4hrend Sie einen k\u00f6stlichen Kaffee genie\u00dfen.<\/p>\n<p data-start=\"394\" data-end=\"628\"><strong data-start=\"397\" data-end=\"420\">Verst\u00e4rkter Lipo-Effekt<\/strong><br data-start=\"420\" data-end=\"423\" \/>Dank einer <strong data-start=\"435\" data-end=\"493\">Erh\u00f6hung von 59 % seines Hauptwirkstoffs<\/strong>Marita 3.0 wirkt noch effektiver auf die <strong data-start=\"543\" data-end=\"585\">reduzierte Fettaufnahme<\/strong>, f\u00fcr einen echten und messbaren Schlankheitseffekt.<\/p>\n<p data-start=\"630\" data-end=\"850\"><strong data-start=\"633\" data-end=\"674\">Exklusives und hocheffizientes Psylipo\u00ae<\/strong><br data-start=\"674\" data-end=\"677\" \/>DER <strong data-start=\"680\" data-end=\"693\">nur Kaffee<\/strong> Container <strong data-start=\"704\" data-end=\"727\">7 g\/Tag Psylipo\u00ae<\/strong>, A <strong data-start=\"732\" data-end=\"769\">Flohsamen mit Bioverf\u00fcgbarkeit 100 %<\/strong>, f\u00fcr optimierte Ergebnisse bei Transit, S\u00e4ttigung und Gewichtskontrolle.<\/p>\n<p data-start=\"852\" data-end=\"1095\"><strong data-start=\"855\" data-end=\"889\">Daten, keine Versprechen<\/strong><br data-start=\"889\" data-end=\"892\" \/>Marita 3.0 ist <strong data-start=\"907\" data-end=\"951\">der einzige Schlankheitskaffee mit nachgewiesener Wirkung<\/strong>, wissenschaftlich validiert. Es kombiniert nachgewiesene Wirksamkeit und Geschmackserlebnis, um Ihre Routine in einen wahren Moment des Wohlbefindens zu verwandeln.<\/p>","protected":false},"excerpt":{"rendered":"<p>Klasse <strong data-start=\"166\" data-end=\"192\">Nahrungserg\u00e4nzungsmittel<\/strong>, DER <strong data-start=\"197\" data-end=\"221\">Caf\u00e9 Marita 3.0 Plus<\/strong> ist die nat\u00fcrliche Weiterentwicklung des ber\u00fchmten <strong data-start=\"259\" data-end=\"275\">Brennen+Kontrolle<\/strong>, mit <strong data-start=\"286\" data-end=\"314\">bew\u00e4hrte Funktionen<\/strong> um Ihr Abnehmziel zu unterst\u00fctzen, w\u00e4hrend Sie einen k\u00f6stlichen Kaffee genie\u00dfen.<\/p>\n<ul>\n<li data-start=\"679\" data-end=\"749\">\n<p data-start=\"681\" data-end=\"749\"><strong data-start=\"681\" data-end=\"704\">Verst\u00e4rkter Lipo-Effekt<\/strong> : tr\u00e4gt zur Reduzierung der Fettaufnahme bei<\/p>\n<\/li>\n<li data-start=\"750\" data-end=\"838\">\n<p data-start=\"752\" data-end=\"838\"><strong data-start=\"752\" data-end=\"774\">Transit und S\u00e4ttigung<\/strong> : verbessert die Verdauung und unterdr\u00fcckt auf nat\u00fcrliche Weise den Hunger<\/p>\n<\/li>\n<li data-start=\"839\" data-end=\"924\">\n<p data-start=\"841\" data-end=\"924\"><strong data-start=\"841\" data-end=\"877\">Wissenschaftlich erprobte Formel<\/strong> : messbare Ergebnisse und nachgewiesene Wirksamkeit<\/p>\n<\/li>\n<li data-start=\"925\" data-end=\"1004\">\n<p data-start=\"927\" data-end=\"1004\"><strong data-start=\"927\" data-end=\"952\">Regt den Stoffwechsel an<\/strong> und f\u00f6rdert die Gewichtsabnahme ohne Muskelverlust<\/p>\n<\/li>\n<\/ul>","protected":false},"featured_media":131,"template":"","meta":{"_et_pb_use_builder":"","_et_pb_old_content":"","_et_gb_content_width":""},"product_brand":[],"product_cat":[16],"product_tag":[149,146,140,150,63,144,126,145,143,151],"class_list":{"0":"post-740","1":"product","2":"type-product","3":"status-publish","4":"has-post-thumbnail","6":"product_cat-gd-public","7":"product_tag-brule-graisses","8":"product_tag-cafe-bien-etre","9":"product_tag-cafe-minceur","10":"product_tag-coupe-faim","11":"product_tag-digestion","12":"product_tag-garcinia-cambogia","13":"product_tag-marita","14":"product_tag-perte-de-poids","15":"product_tag-psyllium","16":"product_tag-yerba-mate","18":"first","19":"instock","20":"taxable","21":"shipping-taxable","22":"purchasable","23":"product-type-simple"},"yoast_head":"<!-- This site is optimized with the Yoast SEO plugin v27.3 - https:\/\/yoast.com\/product\/yoast-seo-wordpress\/ -->\n<title>Caf\u00e9 Marita 3.0 Plus \u2013 Caf\u00e9 minceur br\u00fble-graisses<\/title>\n<meta name=\"description\" content=\"Le Caf\u00e9 Marita 3.0 Plus aide \u00e0 r\u00e9duire les graisses, booster le m\u00e9tabolisme et calmer la faim gr\u00e2ce \u00e0 sa formule prouv\u00e9e riche en Psyllium.\" \/>\n<meta name=\"robots\" content=\"index, follow, max-snippet:-1, max-image-preview:large, max-video-preview:-1\" \/>\n<link rel=\"canonical\" href=\"https:\/\/maritastore.ch\/de\/produkt\/marita-cafe-3-0-plus\/\" \/>\n<meta property=\"og:locale\" content=\"de_DE\" \/>\n<meta property=\"og:type\" content=\"article\" \/>\n<meta property=\"og:title\" content=\"Caf\u00e9 Marita 3.0 Plus \u2013 Caf\u00e9 minceur br\u00fble-graisses\" \/>\n<meta property=\"og:description\" content=\"Le Caf\u00e9 Marita 3.0 Plus aide \u00e0 r\u00e9duire les graisses, booster le m\u00e9tabolisme et calmer la faim gr\u00e2ce \u00e0 sa formule prouv\u00e9e riche en Psyllium.\" \/>\n<meta property=\"og:url\" content=\"https:\/\/maritastore.ch\/de\/produkt\/marita-cafe-3-0-plus\/\" \/>\n<meta property=\"og:site_name\" content=\"Marita\" \/>\n<meta property=\"article:modified_time\" content=\"2025-12-15T17:16:05+00:00\" \/>\n<meta property=\"og:image\" content=\"https:\/\/maritastore.ch\/wp-content\/uploads\/2024\/04\/cafe-3plus.png\" \/>\n\t<meta property=\"og:image:width\" content=\"450\" \/>\n\t<meta property=\"og:image:height\" content=\"600\" \/>\n\t<meta property=\"og:image:type\" content=\"image\/png\" \/>\n<meta name=\"twitter:card\" content=\"summary_large_image\" \/>\n<meta name=\"twitter:label1\" content=\"Gesch\u00e4tzte Lesezeit\" \/>\n\t<meta name=\"twitter:data1\" content=\"1\u00a0Minute\" \/>\n<script type=\"application\/ld+json\" class=\"yoast-schema-graph\">{\"@context\":\"https:\\\/\\\/schema.org\",\"@graph\":[{\"@type\":\"WebPage\",\"@id\":\"https:\\\/\\\/maritastore.ch\\\/produit\\\/marita-cafe-3-0-plus\\\/\",\"url\":\"https:\\\/\\\/maritastore.ch\\\/produit\\\/marita-cafe-3-0-plus\\\/\",\"name\":\"Caf\u00e9 Marita 3.0 Plus \u2013 Caf\u00e9 minceur br\u00fble-graisses\",\"isPartOf\":{\"@id\":\"https:\\\/\\\/maritastore.ch\\\/#website\"},\"primaryImageOfPage\":{\"@id\":\"https:\\\/\\\/maritastore.ch\\\/produit\\\/marita-cafe-3-0-plus\\\/#primaryimage\"},\"image\":{\"@id\":\"https:\\\/\\\/maritastore.ch\\\/produit\\\/marita-cafe-3-0-plus\\\/#primaryimage\"},\"thumbnailUrl\":\"https:\\\/\\\/maritastore.ch\\\/wp-content\\\/uploads\\\/2024\\\/04\\\/cafe-3plus.png\",\"datePublished\":\"2025-07-04T10:07:17+00:00\",\"dateModified\":\"2025-12-15T17:16:05+00:00\",\"description\":\"Le Caf\u00e9 Marita 3.0 Plus aide \u00e0 r\u00e9duire les graisses, booster le m\u00e9tabolisme et calmer la faim gr\u00e2ce \u00e0 sa formule prouv\u00e9e riche en Psyllium.\",\"breadcrumb\":{\"@id\":\"https:\\\/\\\/maritastore.ch\\\/produit\\\/marita-cafe-3-0-plus\\\/#breadcrumb\"},\"inLanguage\":\"de\",\"potentialAction\":[{\"@type\":\"ReadAction\",\"target\":[\"https:\\\/\\\/maritastore.ch\\\/produit\\\/marita-cafe-3-0-plus\\\/\"]}]},{\"@type\":\"ImageObject\",\"inLanguage\":\"de\",\"@id\":\"https:\\\/\\\/maritastore.ch\\\/produit\\\/marita-cafe-3-0-plus\\\/#primaryimage\",\"url\":\"https:\\\/\\\/maritastore.ch\\\/wp-content\\\/uploads\\\/2024\\\/04\\\/cafe-3plus.png\",\"contentUrl\":\"https:\\\/\\\/maritastore.ch\\\/wp-content\\\/uploads\\\/2024\\\/04\\\/cafe-3plus.png\",\"width\":450,\"height\":600,\"caption\":\"Caf\u00e9 minceur Marita 3.0 Plus \u2013 effet lipo renforc\u00e9 \u00e0 59 %\"},{\"@type\":\"BreadcrumbList\",\"@id\":\"https:\\\/\\\/maritastore.ch\\\/produit\\\/marita-cafe-3-0-plus\\\/#breadcrumb\",\"itemListElement\":[{\"@type\":\"ListItem\",\"position\":1,\"name\":\"Accueil\",\"item\":\"https:\\\/\\\/maritastore.ch\\\/\"},{\"@type\":\"ListItem\",\"position\":2,\"name\":\"Boutique\",\"item\":\"https:\\\/\\\/maritastore.ch\\\/boutique\\\/\"},{\"@type\":\"ListItem\",\"position\":3,\"name\":\"CAF\u00c9 3.0 PLUS\"}]},{\"@type\":\"WebSite\",\"@id\":\"https:\\\/\\\/maritastore.ch\\\/#website\",\"url\":\"https:\\\/\\\/maritastore.ch\\\/\",\"name\":\"Marita\",\"description\":\"Boissons partenaire de votre sant\u00e9\",\"publisher\":{\"@id\":\"https:\\\/\\\/maritastore.ch\\\/#organization\"},\"potentialAction\":[{\"@type\":\"SearchAction\",\"target\":{\"@type\":\"EntryPoint\",\"urlTemplate\":\"https:\\\/\\\/maritastore.ch\\\/?s={search_term_string}\"},\"query-input\":{\"@type\":\"PropertyValueSpecification\",\"valueRequired\":true,\"valueName\":\"search_term_string\"}}],\"inLanguage\":\"de\"},{\"@type\":\"Organization\",\"@id\":\"https:\\\/\\\/maritastore.ch\\\/#organization\",\"name\":\"Marita\",\"url\":\"https:\\\/\\\/maritastore.ch\\\/\",\"logo\":{\"@type\":\"ImageObject\",\"inLanguage\":\"de\",\"@id\":\"https:\\\/\\\/maritastore.ch\\\/#\\\/schema\\\/logo\\\/image\\\/\",\"url\":\"https:\\\/\\\/maritastore.ch\\\/wp-content\\\/uploads\\\/2024\\\/04\\\/marita-store-network.png\",\"contentUrl\":\"https:\\\/\\\/maritastore.ch\\\/wp-content\\\/uploads\\\/2024\\\/04\\\/marita-store-network.png\",\"width\":322,\"height\":67,\"caption\":\"Marita\"},\"image\":{\"@id\":\"https:\\\/\\\/maritastore.ch\\\/#\\\/schema\\\/logo\\\/image\\\/\"}}]}<\/script>\n<!-- \/ Yoast SEO plugin. -->","yoast_head_json":{"title":"Caf\u00e9 Marita 3.0 Plus \u2013 Caf\u00e9 minceur br\u00fble-graisses","description":"Le Caf\u00e9 Marita 3.0 Plus aide \u00e0 r\u00e9duire les graisses, booster le m\u00e9tabolisme et calmer la faim gr\u00e2ce \u00e0 sa formule prouv\u00e9e riche en Psyllium.","robots":{"index":"index","follow":"follow","max-snippet":"max-snippet:-1","max-image-preview":"max-image-preview:large","max-video-preview":"max-video-preview:-1"},"canonical":"https:\/\/maritastore.ch\/de\/produkt\/marita-cafe-3-0-plus\/","og_locale":"de_DE","og_type":"article","og_title":"Caf\u00e9 Marita 3.0 Plus \u2013 Caf\u00e9 minceur br\u00fble-graisses","og_description":"Le Caf\u00e9 Marita 3.0 Plus aide \u00e0 r\u00e9duire les graisses, booster le m\u00e9tabolisme et calmer la faim gr\u00e2ce \u00e0 sa formule prouv\u00e9e riche en Psyllium.","og_url":"https:\/\/maritastore.ch\/de\/produkt\/marita-cafe-3-0-plus\/","og_site_name":"Marita","article_modified_time":"2025-12-15T17:16:05+00:00","og_image":[{"width":450,"height":600,"url":"https:\/\/maritastore.ch\/wp-content\/uploads\/2024\/04\/cafe-3plus.png","type":"image\/png"}],"twitter_card":"summary_large_image","twitter_misc":{"Gesch\u00e4tzte Lesezeit":"1\u00a0Minute"},"schema":{"@context":"https:\/\/schema.org","@graph":[{"@type":"WebPage","@id":"https:\/\/maritastore.ch\/produit\/marita-cafe-3-0-plus\/","url":"https:\/\/maritastore.ch\/produit\/marita-cafe-3-0-plus\/","name":"Caf\u00e9 Marita 3.0 Plus \u2013 Caf\u00e9 minceur br\u00fble-graisses","isPartOf":{"@id":"https:\/\/maritastore.ch\/#website"},"primaryImageOfPage":{"@id":"https:\/\/maritastore.ch\/produit\/marita-cafe-3-0-plus\/#primaryimage"},"image":{"@id":"https:\/\/maritastore.ch\/produit\/marita-cafe-3-0-plus\/#primaryimage"},"thumbnailUrl":"https:\/\/maritastore.ch\/wp-content\/uploads\/2024\/04\/cafe-3plus.png","datePublished":"2025-07-04T10:07:17+00:00","dateModified":"2025-12-15T17:16:05+00:00","description":"Le Caf\u00e9 Marita 3.0 Plus aide \u00e0 r\u00e9duire les graisses, booster le m\u00e9tabolisme et calmer la faim gr\u00e2ce \u00e0 sa formule prouv\u00e9e riche en Psyllium.","breadcrumb":{"@id":"https:\/\/maritastore.ch\/produit\/marita-cafe-3-0-plus\/#breadcrumb"},"inLanguage":"de","potentialAction":[{"@type":"ReadAction","target":["https:\/\/maritastore.ch\/produit\/marita-cafe-3-0-plus\/"]}]},{"@type":"ImageObject","inLanguage":"de","@id":"https:\/\/maritastore.ch\/produit\/marita-cafe-3-0-plus\/#primaryimage","url":"https:\/\/maritastore.ch\/wp-content\/uploads\/2024\/04\/cafe-3plus.png","contentUrl":"https:\/\/maritastore.ch\/wp-content\/uploads\/2024\/04\/cafe-3plus.png","width":450,"height":600,"caption":"Caf\u00e9 minceur Marita 3.0 Plus \u2013 effet lipo renforc\u00e9 \u00e0 59 %"},{"@type":"BreadcrumbList","@id":"https:\/\/maritastore.ch\/produit\/marita-cafe-3-0-plus\/#breadcrumb","itemListElement":[{"@type":"ListItem","position":1,"name":"Accueil","item":"https:\/\/maritastore.ch\/"},{"@type":"ListItem","position":2,"name":"Boutique","item":"https:\/\/maritastore.ch\/boutique\/"},{"@type":"ListItem","position":3,"name":"CAF\u00c9 3.0 PLUS"}]},{"@type":"WebSite","@id":"https:\/\/maritastore.ch\/#website","url":"https:\/\/maritastore.ch\/","name":"Marita","description":"Getr\u00e4nke, Ihr Gesundheitspartner","publisher":{"@id":"https:\/\/maritastore.ch\/#organization"},"potentialAction":[{"@type":"SearchAction","target":{"@type":"EntryPoint","urlTemplate":"https:\/\/maritastore.ch\/?s={search_term_string}"},"query-input":{"@type":"PropertyValueSpecification","valueRequired":true,"valueName":"search_term_string"}}],"inLanguage":"de"},{"@type":"Organization","@id":"https:\/\/maritastore.ch\/#organization","name":"Marita","url":"https:\/\/maritastore.ch\/","logo":{"@type":"ImageObject","inLanguage":"de","@id":"https:\/\/maritastore.ch\/#\/schema\/logo\/image\/","url":"https:\/\/maritastore.ch\/wp-content\/uploads\/2024\/04\/marita-store-network.png","contentUrl":"https:\/\/maritastore.ch\/wp-content\/uploads\/2024\/04\/marita-store-network.png","width":322,"height":67,"caption":"Marita"},"image":{"@id":"https:\/\/maritastore.ch\/#\/schema\/logo\/image\/"}}]}},"_links":{"self":[{"href":"https:\/\/maritastore.ch\/de\/wp-json\/wp\/v2\/product\/740","targetHints":{"allow":["GET"]}}],"collection":[{"href":"https:\/\/maritastore.ch\/de\/wp-json\/wp\/v2\/product"}],"about":[{"href":"https:\/\/maritastore.ch\/de\/wp-json\/wp\/v2\/types\/product"}],"wp:featuredmedia":[{"embeddable":true,"href":"https:\/\/maritastore.ch\/de\/wp-json\/wp\/v2\/media\/131"}],"wp:attachment":[{"href":"https:\/\/maritastore.ch\/de\/wp-json\/wp\/v2\/media?parent=740"}],"wp:term":[{"taxonomy":"product_brand","embeddable":true,"href":"https:\/\/maritastore.ch\/de\/wp-json\/wp\/v2\/product_brand?post=740"},{"taxonomy":"product_cat","embeddable":true,"href":"https:\/\/maritastore.ch\/de\/wp-json\/wp\/v2\/product_cat?post=740"},{"taxonomy":"product_tag","embeddable":true,"href":"https:\/\/maritastore.ch\/de\/wp-json\/wp\/v2\/product_tag?post=740"}],"curies":[{"name":"wp","href":"https:\/\/api.w.org\/{rel}","templated":true}]}}