{"id":23,"date":"2024-04-08T18:53:23","date_gmt":"2024-04-08T16:53:23","guid":{"rendered":"https:\/\/marita.provisoire.ch\/boutique\/"},"modified":"2025-08-01T12:48:11","modified_gmt":"2025-08-01T10:48:11","slug":"boutique","status":"publish","type":"page","link":"https:\/\/maritastore.ch\/de\/boutique\/","title":{"rendered":"Gesch\u00e4ft"},"content":{"rendered":"","protected":false},"excerpt":{"rendered":"","protected":false},"author":1,"featured_media":0,"parent":0,"menu_order":101,"comment_status":"closed","ping_status":"closed","template":"","meta":{"_et_pb_use_builder":"on","_et_pb_old_content":"","_et_gb_content_width":"","footnotes":""},"class_list":["post-23","page","type-page","status-publish","hentry"],"yoast_head":"<!-- This site is optimized with the Yoast SEO plugin v27.3 - https:\/\/yoast.com\/product\/yoast-seo-wordpress\/ -->\n<title>Boutique Marita Store \u2013 Produits bien-\u00eatre naturel en Suisse<\/title>\n<meta name=\"description\" content=\"Explorez tous les produits Marita : caf\u00e9s fonctionnels, compl\u00e9ments, th\u00e9s detox et \u00e9dulcorants naturels pour la sant\u00e9, l\u2019\u00e9nergie et la minceur.\" \/>\n<meta name=\"robots\" content=\"index, follow, max-snippet:-1, max-image-preview:large, max-video-preview:-1\" \/>\n<link rel=\"canonical\" href=\"https:\/\/maritastore.ch\/de\/boutique\/\" \/>\n<meta property=\"og:locale\" content=\"de_DE\" \/>\n<meta property=\"og:type\" content=\"article\" \/>\n<meta property=\"og:title\" content=\"Boutique Marita Store \u2013 Produits bien-\u00eatre naturel en Suisse\" \/>\n<meta property=\"og:description\" content=\"Explorez tous les produits Marita : caf\u00e9s fonctionnels, compl\u00e9ments, th\u00e9s detox et \u00e9dulcorants naturels pour la sant\u00e9, l\u2019\u00e9nergie et la minceur.\" \/>\n<meta property=\"og:url\" content=\"https:\/\/maritastore.ch\/de\/boutique\/\" \/>\n<meta property=\"og:site_name\" content=\"Marita\" \/>\n<meta property=\"article:modified_time\" content=\"2025-08-01T10:48:11+00:00\" \/>\n<meta property=\"og:image\" content=\"https:\/\/maritastore.ch\/wp-content\/uploads\/2025\/05\/MARITA-Home-page-1.png\" \/>\n\t<meta property=\"og:image:width\" content=\"1920\" \/>\n\t<meta property=\"og:image:height\" content=\"1000\" \/>\n\t<meta property=\"og:image:type\" content=\"image\/png\" \/>\n<meta name=\"twitter:card\" content=\"summary_large_image\" \/>\n<script type=\"application\/ld+json\" class=\"yoast-schema-graph\">{\"@context\":\"https:\\\/\\\/schema.org\",\"@graph\":[{\"@type\":\"WebPage\",\"@id\":\"https:\\\/\\\/maritastore.ch\\\/boutique\\\/\",\"url\":\"https:\\\/\\\/maritastore.ch\\\/boutique\\\/\",\"name\":\"Boutique Marita Store \u2013 Produits bien-\u00eatre naturel en Suisse\",\"isPartOf\":{\"@id\":\"https:\\\/\\\/maritastore.ch\\\/#website\"},\"datePublished\":\"2024-04-08T16:53:23+00:00\",\"dateModified\":\"2025-08-01T10:48:11+00:00\",\"description\":\"Explorez tous les produits Marita : caf\u00e9s fonctionnels, compl\u00e9ments, th\u00e9s detox et \u00e9dulcorants naturels pour la sant\u00e9, l\u2019\u00e9nergie et la minceur.\",\"breadcrumb\":{\"@id\":\"https:\\\/\\\/maritastore.ch\\\/boutique\\\/#breadcrumb\"},\"inLanguage\":\"de\",\"potentialAction\":[{\"@type\":\"ReadAction\",\"target\":[\"https:\\\/\\\/maritastore.ch\\\/boutique\\\/\"]}]},{\"@type\":\"BreadcrumbList\",\"@id\":\"https:\\\/\\\/maritastore.ch\\\/boutique\\\/#breadcrumb\",\"itemListElement\":[{\"@type\":\"ListItem\",\"position\":1,\"name\":\"Accueil\",\"item\":\"https:\\\/\\\/maritastore.ch\\\/\"},{\"@type\":\"ListItem\",\"position\":2,\"name\":\"Boutique\"}]},{\"@type\":\"WebSite\",\"@id\":\"https:\\\/\\\/maritastore.ch\\\/#website\",\"url\":\"https:\\\/\\\/maritastore.ch\\\/\",\"name\":\"Marita\",\"description\":\"Boissons partenaire de votre sant\u00e9\",\"publisher\":{\"@id\":\"https:\\\/\\\/maritastore.ch\\\/#organization\"},\"potentialAction\":[{\"@type\":\"SearchAction\",\"target\":{\"@type\":\"EntryPoint\",\"urlTemplate\":\"https:\\\/\\\/maritastore.ch\\\/?s={search_term_string}\"},\"query-input\":{\"@type\":\"PropertyValueSpecification\",\"valueRequired\":true,\"valueName\":\"search_term_string\"}}],\"inLanguage\":\"de\"},{\"@type\":\"Organization\",\"@id\":\"https:\\\/\\\/maritastore.ch\\\/#organization\",\"name\":\"Marita\",\"url\":\"https:\\\/\\\/maritastore.ch\\\/\",\"logo\":{\"@type\":\"ImageObject\",\"inLanguage\":\"de\",\"@id\":\"https:\\\/\\\/maritastore.ch\\\/#\\\/schema\\\/logo\\\/image\\\/\",\"url\":\"https:\\\/\\\/maritastore.ch\\\/wp-content\\\/uploads\\\/2024\\\/04\\\/marita-store-network.png\",\"contentUrl\":\"https:\\\/\\\/maritastore.ch\\\/wp-content\\\/uploads\\\/2024\\\/04\\\/marita-store-network.png\",\"width\":322,\"height\":67,\"caption\":\"Marita\"},\"image\":{\"@id\":\"https:\\\/\\\/maritastore.ch\\\/#\\\/schema\\\/logo\\\/image\\\/\"}}]}<\/script>\n<!-- \/ Yoast SEO plugin. -->","yoast_head_json":{"title":"Boutique Marita Store \u2013 Nat\u00fcrliche Wellnessprodukte in der Schweiz","description":"Entdecken Sie alle Produkte von Marita: funktionelle Kaffees, Nahrungserg\u00e4nzungsmittel, Detox-Tees und nat\u00fcrliche S\u00fc\u00dfstoffe f\u00fcr Gesundheit, Energie und Gewichtsverlust.","robots":{"index":"index","follow":"follow","max-snippet":"max-snippet:-1","max-image-preview":"max-image-preview:large","max-video-preview":"max-video-preview:-1"},"canonical":"https:\/\/maritastore.ch\/de\/boutique\/","og_locale":"de_DE","og_type":"article","og_title":"Boutique Marita Store \u2013 Produits bien-\u00eatre naturel en Suisse","og_description":"Explorez tous les produits Marita : caf\u00e9s fonctionnels, compl\u00e9ments, th\u00e9s detox et \u00e9dulcorants naturels pour la sant\u00e9, l\u2019\u00e9nergie et la minceur.","og_url":"https:\/\/maritastore.ch\/de\/boutique\/","og_site_name":"Marita","article_modified_time":"2025-08-01T10:48:11+00:00","og_image":[{"width":1920,"height":1000,"url":"https:\/\/maritastore.ch\/wp-content\/uploads\/2025\/05\/MARITA-Home-page-1.png","type":"image\/png"}],"twitter_card":"summary_large_image","schema":{"@context":"https:\/\/schema.org","@graph":[{"@type":"WebPage","@id":"https:\/\/maritastore.ch\/boutique\/","url":"https:\/\/maritastore.ch\/boutique\/","name":"Boutique Marita Store \u2013 Nat\u00fcrliche Wellnessprodukte in der Schweiz","isPartOf":{"@id":"https:\/\/maritastore.ch\/#website"},"datePublished":"2024-04-08T16:53:23+00:00","dateModified":"2025-08-01T10:48:11+00:00","description":"Entdecken Sie alle Produkte von Marita: funktionelle Kaffees, Nahrungserg\u00e4nzungsmittel, Detox-Tees und nat\u00fcrliche S\u00fc\u00dfstoffe f\u00fcr Gesundheit, Energie und Gewichtsverlust.","breadcrumb":{"@id":"https:\/\/maritastore.ch\/boutique\/#breadcrumb"},"inLanguage":"de","potentialAction":[{"@type":"ReadAction","target":["https:\/\/maritastore.ch\/boutique\/"]}]},{"@type":"BreadcrumbList","@id":"https:\/\/maritastore.ch\/boutique\/#breadcrumb","itemListElement":[{"@type":"ListItem","position":1,"name":"Accueil","item":"https:\/\/maritastore.ch\/"},{"@type":"ListItem","position":2,"name":"Boutique"}]},{"@type":"WebSite","@id":"https:\/\/maritastore.ch\/#website","url":"https:\/\/maritastore.ch\/","name":"Marita","description":"Getr\u00e4nke, Ihr Gesundheitspartner","publisher":{"@id":"https:\/\/maritastore.ch\/#organization"},"potentialAction":[{"@type":"SearchAction","target":{"@type":"EntryPoint","urlTemplate":"https:\/\/maritastore.ch\/?s={search_term_string}"},"query-input":{"@type":"PropertyValueSpecification","valueRequired":true,"valueName":"search_term_string"}}],"inLanguage":"de"},{"@type":"Organization","@id":"https:\/\/maritastore.ch\/#organization","name":"Marita","url":"https:\/\/maritastore.ch\/","logo":{"@type":"ImageObject","inLanguage":"de","@id":"https:\/\/maritastore.ch\/#\/schema\/logo\/image\/","url":"https:\/\/maritastore.ch\/wp-content\/uploads\/2024\/04\/marita-store-network.png","contentUrl":"https:\/\/maritastore.ch\/wp-content\/uploads\/2024\/04\/marita-store-network.png","width":322,"height":67,"caption":"Marita"},"image":{"@id":"https:\/\/maritastore.ch\/#\/schema\/logo\/image\/"}}]}},"_links":{"self":[{"href":"https:\/\/maritastore.ch\/de\/wp-json\/wp\/v2\/pages\/23","targetHints":{"allow":["GET"]}}],"collection":[{"href":"https:\/\/maritastore.ch\/de\/wp-json\/wp\/v2\/pages"}],"about":[{"href":"https:\/\/maritastore.ch\/de\/wp-json\/wp\/v2\/types\/page"}],"author":[{"embeddable":true,"href":"https:\/\/maritastore.ch\/de\/wp-json\/wp\/v2\/users\/1"}],"replies":[{"embeddable":true,"href":"https:\/\/maritastore.ch\/de\/wp-json\/wp\/v2\/comments?post=23"}],"version-history":[{"count":2,"href":"https:\/\/maritastore.ch\/de\/wp-json\/wp\/v2\/pages\/23\/revisions"}],"predecessor-version":[{"id":713,"href":"https:\/\/maritastore.ch\/de\/wp-json\/wp\/v2\/pages\/23\/revisions\/713"}],"wp:attachment":[{"href":"https:\/\/maritastore.ch\/de\/wp-json\/wp\/v2\/media?parent=23"}],"curies":[{"name":"wp","href":"https:\/\/api.w.org\/{rel}","templated":true}]}}