{"id":19,"date":"2024-04-08T18:44:37","date_gmt":"2024-04-08T16:44:37","guid":{"rendered":"https:\/\/marita.provisoire.ch\/?page_id=19"},"modified":"2024-11-20T17:00:22","modified_gmt":"2024-11-20T16:00:22","slug":"cgv","status":"publish","type":"page","link":"https:\/\/maritastore.ch\/de\/cgv\/","title":{"rendered":"Allgemeine Gesch\u00e4ftsbedingungen"},"content":{"rendered":"<p>[et_pb_section fb_built=\u00a0\u00bb1&Prime; _builder_version=\u00a0\u00bb4.24.3&Prime; _module_preset=\u00a0\u00bbdefault\u00a0\u00bb min_height=\u00a0\u00bb67vh\u00a0\u00bb custom_padding=\u00a0\u00bb||0px|||\u00a0\u00bb global_colors_info=\u00a0\u00bb{}\u00a0\u00bb][et_pb_row _builder_version=\u00a0\u00bb4.24.3&Prime; _module_preset=\u00a0\u00bbdefault\u00a0\u00bb custom_padding=\u00a0\u00bb0px||0px|||\u00a0\u00bb global_colors_info=\u00a0\u00bb{}\u00a0\u00bb][et_pb_column type=\u00a0\u00bb4_4&Prime; _builder_version=\u00a0\u00bb4.24.3&Prime; _module_preset=\u00a0\u00bbdefault\u00a0\u00bb global_colors_info=\u00a0\u00bb{}\u00a0\u00bb][et_pb_text _builder_version=\u00a0\u00bb4.24.3&Prime; _module_preset=\u00a0\u00bbdefault\u00a0\u00bb header_2_font_size=\u00a0\u00bb40px\u00a0\u00bb text_orientation=\u00a0\u00bbcenter\u00a0\u00bb custom_padding=\u00a0\u00bb||40px||false|false\u00a0\u00bb border_width_bottom=\u00a0\u00bb2px\u00a0\u00bb global_colors_info=\u00a0\u00bb{}\u00a0\u00bb]<\/p>\n<h2 class=\"g-layercontent-title\">CONDITIONS G\u00c9N\u00c9RALES DE VENTE<\/h2>\n<div class=\"g-layercontent-subtitle\">De Marita Swiss &#8211; Distributeur exclusif pour la Suisse<\/div>\n<p>[\/et_pb_text][\/et_pb_column][\/et_pb_row][et_pb_row _builder_version=\u00a0\u00bb4.24.3&Prime; _module_preset=\u00a0\u00bbdefault\u00a0\u00bb hover_enabled=\u00a0\u00bb0&Prime; global_colors_info=\u00a0\u00bb{}\u00a0\u00bb width_last_edited=\u00a0\u00bbon|phone\u00a0\u00bb sticky_enabled=\u00a0\u00bb0&Prime; width_phone=\u00a0\u00bb90%\u00a0\u00bb][et_pb_column type=\u00a0\u00bb4_4&Prime; _builder_version=\u00a0\u00bb4.24.3&Prime; _module_preset=\u00a0\u00bbdefault\u00a0\u00bb global_colors_info=\u00a0\u00bb{}\u00a0\u00bb][et_pb_text _builder_version=\u00a0\u00bb4.24.3&Prime; _module_preset=\u00a0\u00bbdefault\u00a0\u00bb text_font=\u00a0\u00bb|300|||||||\u00a0\u00bb text_text_color=\u00a0\u00bb#000000&Prime; text_font_size=\u00a0\u00bb12px\u00a0\u00bb text_line_height=\u00a0\u00bb1.4em\u00a0\u00bb ul_line_height=\u00a0\u00bb1.2em\u00a0\u00bb custom_padding=\u00a0\u00bb|8vw||8vw|false|true\u00a0\u00bb global_colors_info=\u00a0\u00bb{}\u00a0\u00bb]<\/p>\n<h2><strong>Conditions d&rsquo;utilisation<\/strong><\/h2>\n<p><strong>Prix<\/strong><br \/>1. Les prix indiqu\u00e9s dans notre boutique en ligne ne sont valables que pour le jour de la commande, sauf indication contraire. Ils sont conserv\u00e9s pour le(s) client(s) au moment de la confirmation de la commande et du paiement, m\u00eame si la livraison a lieu un jour plus tard.<br \/>2. Si un produit n&rsquo;est pas disponible au moment de l&rsquo;exp\u00e9dition, il ne sera pas factur\u00e9 et ne sera pas exp\u00e9di\u00e9 ult\u00e9rieurement. Le client en sera inform\u00e9 par courrier \u00e9lectronique.<br \/>3. Les prix et les sp\u00e9cifications peuvent \u00eatre modifi\u00e9s sans pr\u00e9avis.<br \/>4. Il n\u2019est pas \u00e9tabli de prix d&rsquo;achat minimum pour les produits livr\u00e9s par maritastore.ch par commande. Le montant des produits ne comprend pas les frais suppl\u00e9mentaires qui seront factur\u00e9s (par exemple l&#8217;emballage, etc).<\/p>\n<p><strong>Commande<\/strong><br \/>1. Vous pouvez suivre l&rsquo;\u00e9tat de votre commande aupr\u00e8s de notre transporteur.<br \/>2. Vous pouvez v\u00e9rifier que tous les produits que vous avez command\u00e9s sont disponibles. Toutefois, si un produit command\u00e9 n&rsquo;est pas en stock au moment de l&rsquo;exp\u00e9dition, la commande est automatiquement ajust\u00e9e et le prix ajust\u00e9 en cons\u00e9quence. Celui-ci vous sera rembours\u00e9 sur votre compte lors d&rsquo;une prochaine commande.<br \/>3. L&rsquo;\u00e2ge minimum pour une commande en ligne dans notre boutique est de 18 ans. Les commandes pass\u00e9es par des mineurs sans le consentement d&rsquo;un adulte ne seront pas prises en compte.<br \/>4. Une fois que vous avez confirm\u00e9 votre commande, vous ne pouvez plus la modifier par la suite.<\/p>\n<p><strong>Livraison<\/strong><br \/>1. Les livraisons sont effectu\u00e9es en Suisse et Liechtenstein uniquement.<br \/>2. Dans notre boutique en ligne, vos commandes peuvent \u00eatre livr\u00e9es directement \u00e0 l&rsquo;endroit ou \u00e0 l&rsquo;adresse de votre choix (p. ex. \u00e0 votre domicile, sur votre lieu de travail, etc.).<br \/>3. Les commandes pass\u00e9es dans notre boutique en ligne avant minuit seront livr\u00e9es dans les 72 heures (jours ouvrables). Pass\u00e9 ce d\u00e9lai, la livraison est report\u00e9e au lendemain.<br \/>4. Les livraisons sont effectu\u00e9es par la Poste directement \u00e0 votre domicile ou \u00e0 l&rsquo;adresse indiqu\u00e9e.<br \/>5. Si vous \u00eates absent lors de la livraison, vos colis seront d\u00e9pos\u00e9s devant la porte de votre domicile ou \u00e0 l&rsquo;adresse indiqu\u00e9e.<br \/>6. Les livraisons seront effectu\u00e9es les jours ouvr\u00e9s (lundi \u00e0 vendredi). Il n&rsquo;y a pas de livraison les samedi et dimanches et jours f\u00e9ri\u00e9s, les livraisons seront donc effectu\u00e9es le lendemain de ces jours.<br \/>7. Pour des raisons de s\u00e9curit\u00e9 et d&rsquo;hygi\u00e8ne, les produits ne peuvent \u00eatre ni repris ni \u00e9chang\u00e9s.<br \/>8. Si un produit est manquant lors de la pr\u00e9paration de la commande pour l&rsquo;envoi, le client en sera inform\u00e9 par e-mail. La commande sera automatiquement ajust\u00e9e et le prix modifi\u00e9 en cons\u00e9quence. Celui-ci sera revers\u00e9 sur votre compte pour une prochaine commande.<br \/>9. Les frais de livraison sont mentionn\u00e9s directement dans le panier d&rsquo;achat sur le site web.<br \/>10. Les frais de livraison sont offerts \u00e0 partir de fr. 199.- par commande sinon ils se montent \u00e0 fr. 9,90.<\/p>\n<p><strong>Livraisons<\/strong><\/p>\n<ul>\n<li>Commandes pass\u00e9es : Vendredi, samedi, dimanche<br \/>Livraisons le : Mardi ou mercredi<\/li>\n<li>Commandes pass\u00e9es : Lundi<br \/>Livraisons le : Mercredi ou jeudi<\/li>\n<li>Commandes pass\u00e9es : Mardi<br \/>Livraisons le : Jeudi ou vendredi<\/li>\n<li>Commandes pass\u00e9es : Mercredi<br \/>Livraisons le : Vendredi ou lundi<\/li>\n<li>Commandes pass\u00e9es : Jeudi<br \/>Livraisons le : Lundi ou mardi<\/li>\n<li>Commandes pass\u00e9es : Jours f\u00e9ri\u00e9s<br \/>Livraisons le : 2-3 jours apr\u00e8s<\/li>\n<\/ul>\n<p>1. Les mentions facultatives, \u00e0 l&rsquo;exception du code et de l&rsquo;\u00e9tage, ne sont pas prises en compte. Par exemple, votre colis ne sera pas livr\u00e9 \u00e0 un voisin. Mais vous pouvez pr\u00e9ciser qu&rsquo;il doit \u00eatre livr\u00e9 \u00e0 un voisin qui habite dans le m\u00eame immeuble. Il vous suffit d&rsquo;indiquer les d\u00e9tails sous votre adresse de livraison lors de votre inscription<br \/>2. Toutes les commandes pass\u00e9es via la boutique en ligne Martitastore.ch seront pay\u00e9es selon le syst\u00e8me de paiement que nous vous proposons et que vous pouvez choisir. La livraison s&rsquo;effectuera ensuite de la mani\u00e8re mentionn\u00e9e ci-dessus.<\/p>\n<p><strong>Paiement<\/strong><br \/>1. Le paiement s&rsquo;effectue en toute s\u00e9curit\u00e9 via les diff\u00e9rents syst\u00e8mes s\u00e9curis\u00e9s disponibles dans notre boutique en ligne.<br \/>2. Si un produit est manquant au moment de la livraison, le client en sera inform\u00e9 et un remboursement ou un cr\u00e9dit lui sera accord\u00e9.<br \/>3. Une fois confirm\u00e9e, la commande ne peut plus \u00eatre modifi\u00e9e.<\/p>\n<p><strong>Qualit\u00e9 des produits<\/strong><br \/>1. Les photos des produits ne sont pas contractuelles. Le produit sp\u00e9cifique peut \u00eatre diff\u00e9rent et ne pas toujours correspondre exactement au produit en question. Seuls le nom et la description du produit sont corrects et valables dans ce cas.<br \/>2. Les r\u00e9clamations doivent \u00eatre formul\u00e9es dans les 2 jours ouvrables suivant la livraison par l&rsquo;interm\u00e9diaire de notre service client\u00e8le ou par e-mail : admin@maritastore.ch.<br \/>3. Notre boutique en ligne maritastore.ch fournit des informations et des descriptions de produits aussi pr\u00e9cises que possible (par exemple, informations nutritionnelles, poids, dimensions, etc.)<br \/>4. Nous demandons au consommateur de v\u00e9rifier les informations inscrites sur l&#8217;emballage de chaque produit avant de le consommer.<\/p>\n<p><strong>Vie priv\u00e9e et s\u00e9curit\u00e9<\/strong><br \/>1. La protection de la vie priv\u00e9e de nos clients est l&rsquo;une de nos priorit\u00e9s.<br \/>2. Nous ne transmettons pas les donn\u00e9es personnelles de nos clients \u00e0 des tiers, \u00e0 l&rsquo;exception de celles qui sont n\u00e9cessaires \u00e0 la bonne ex\u00e9cution de votre commande (par exemple, \u00e0 la Poste pour l&rsquo;exp\u00e9dition correcte de votre commande). Vos donn\u00e9es sont toujours trait\u00e9es avec la plus grande confidentialit\u00e9.<br \/>3. \u00c0 tout moment, vous pouvez les modifier ou les supprimer dans votre compte personnel, avec votre nom d&rsquo;utilisateur et votre mot de passe.<br \/>4. Vous pouvez annuler ou supprimer votre compte \u00e0 tout moment.<br \/>5. Pour vous permettre d&rsquo;effectuer vos paiements en ligne en toute s\u00e9curit\u00e9 et sans appr\u00e9hension, nous utilisons les derni\u00e8res technologies et proc\u00e9dures s\u00e9curis\u00e9es disponibles sur Internet.<br \/>6. Les pr\u00e9sentes conditions d&rsquo;utilisation peuvent \u00e0 tout moment \u00eatre modifi\u00e9es ou adapt\u00e9es aux conditions du march\u00e9 et\/ou de tous les envois de livraison en cas de changement.<\/p>\n<p>[\/et_pb_text][\/et_pb_column][\/et_pb_row][\/et_pb_section]<\/p>\n","protected":false},"excerpt":{"rendered":"<p>CONDITIONS G\u00c9N\u00c9RALES DE VENTE De Marita Swiss &#8211; Distributeur exclusif pour la SuisseConditions d&rsquo;utilisation Prix1. Les prix indiqu\u00e9s dans notre boutique en ligne ne sont valables que pour le jour de la commande, sauf indication contraire. Ils sont conserv\u00e9s pour le(s) client(s) au moment de la confirmation de la commande et du paiement, m\u00eame si [&hellip;]<\/p>\n","protected":false},"author":1,"featured_media":0,"parent":0,"menu_order":99,"comment_status":"closed","ping_status":"closed","template":"","meta":{"_et_pb_use_builder":"on","_et_pb_old_content":"<!-- wp:divi\/placeholder \/-->","_et_gb_content_width":"","footnotes":""},"class_list":["post-19","page","type-page","status-publish","hentry"],"yoast_head":"<!-- This site is optimized with the Yoast SEO plugin v27.3 - https:\/\/yoast.com\/product\/yoast-seo-wordpress\/ -->\n<title>Marita Store Suisse \u2013 Caf\u00e9s Minceur &amp; Bien-\u00eatre Naturel<\/title>\n<meta name=\"description\" content=\"D\u00e9couvrez les caf\u00e9s Marita, alli\u00e9s de votre sant\u00e9 : perte de poids, \u00e9nergie, m\u00e9moire. Boutique officielle en Suisse.\" \/>\n<meta name=\"robots\" content=\"index, follow, max-snippet:-1, max-image-preview:large, max-video-preview:-1\" \/>\n<link rel=\"canonical\" href=\"https:\/\/maritastore.ch\/de\/cgv\/\" \/>\n<meta property=\"og:locale\" content=\"de_DE\" \/>\n<meta property=\"og:type\" content=\"article\" \/>\n<meta property=\"og:title\" content=\"Marita Store Suisse \u2013 Caf\u00e9s Minceur &amp; Bien-\u00eatre Naturel\" \/>\n<meta property=\"og:description\" content=\"D\u00e9couvrez les caf\u00e9s Marita, alli\u00e9s de votre sant\u00e9 : perte de poids, \u00e9nergie, m\u00e9moire. Boutique officielle en Suisse.\" \/>\n<meta property=\"og:url\" content=\"https:\/\/maritastore.ch\/de\/cgv\/\" \/>\n<meta property=\"og:site_name\" content=\"Marita\" \/>\n<meta property=\"article:modified_time\" content=\"2024-11-20T16:00:22+00:00\" \/>\n<meta property=\"og:image\" content=\"https:\/\/maritastore.ch\/wp-content\/uploads\/2025\/05\/MARITA-Home-page-1.png\" \/>\n\t<meta property=\"og:image:width\" content=\"1920\" \/>\n\t<meta property=\"og:image:height\" content=\"1000\" \/>\n\t<meta property=\"og:image:type\" content=\"image\/png\" \/>\n<meta name=\"twitter:card\" content=\"summary_large_image\" \/>\n<meta name=\"twitter:label1\" content=\"Gesch\u00e4tzte Lesezeit\" \/>\n\t<meta name=\"twitter:data1\" content=\"6\u00a0Minuten\" \/>\n<script type=\"application\/ld+json\" class=\"yoast-schema-graph\">{\"@context\":\"https:\\\/\\\/schema.org\",\"@graph\":[{\"@type\":\"WebPage\",\"@id\":\"https:\\\/\\\/maritastore.ch\\\/cgv\\\/\",\"url\":\"https:\\\/\\\/maritastore.ch\\\/cgv\\\/\",\"name\":\"Marita Store Suisse \u2013 Caf\u00e9s Minceur & Bien-\u00eatre Naturel\",\"isPartOf\":{\"@id\":\"https:\\\/\\\/maritastore.ch\\\/#website\"},\"datePublished\":\"2024-04-08T16:44:37+00:00\",\"dateModified\":\"2024-11-20T16:00:22+00:00\",\"description\":\"D\u00e9couvrez les caf\u00e9s Marita, alli\u00e9s de votre sant\u00e9 : perte de poids, \u00e9nergie, m\u00e9moire. Boutique officielle en Suisse.\",\"breadcrumb\":{\"@id\":\"https:\\\/\\\/maritastore.ch\\\/cgv\\\/#breadcrumb\"},\"inLanguage\":\"de\",\"potentialAction\":[{\"@type\":\"ReadAction\",\"target\":[\"https:\\\/\\\/maritastore.ch\\\/cgv\\\/\"]}]},{\"@type\":\"BreadcrumbList\",\"@id\":\"https:\\\/\\\/maritastore.ch\\\/cgv\\\/#breadcrumb\",\"itemListElement\":[{\"@type\":\"ListItem\",\"position\":1,\"name\":\"Accueil\",\"item\":\"https:\\\/\\\/maritastore.ch\\\/\"},{\"@type\":\"ListItem\",\"position\":2,\"name\":\"CGV\"}]},{\"@type\":\"WebSite\",\"@id\":\"https:\\\/\\\/maritastore.ch\\\/#website\",\"url\":\"https:\\\/\\\/maritastore.ch\\\/\",\"name\":\"Marita\",\"description\":\"Boissons partenaire de votre sant\u00e9\",\"publisher\":{\"@id\":\"https:\\\/\\\/maritastore.ch\\\/#organization\"},\"potentialAction\":[{\"@type\":\"SearchAction\",\"target\":{\"@type\":\"EntryPoint\",\"urlTemplate\":\"https:\\\/\\\/maritastore.ch\\\/?s={search_term_string}\"},\"query-input\":{\"@type\":\"PropertyValueSpecification\",\"valueRequired\":true,\"valueName\":\"search_term_string\"}}],\"inLanguage\":\"de\"},{\"@type\":\"Organization\",\"@id\":\"https:\\\/\\\/maritastore.ch\\\/#organization\",\"name\":\"Marita\",\"url\":\"https:\\\/\\\/maritastore.ch\\\/\",\"logo\":{\"@type\":\"ImageObject\",\"inLanguage\":\"de\",\"@id\":\"https:\\\/\\\/maritastore.ch\\\/#\\\/schema\\\/logo\\\/image\\\/\",\"url\":\"https:\\\/\\\/maritastore.ch\\\/wp-content\\\/uploads\\\/2024\\\/04\\\/marita-store-network.png\",\"contentUrl\":\"https:\\\/\\\/maritastore.ch\\\/wp-content\\\/uploads\\\/2024\\\/04\\\/marita-store-network.png\",\"width\":322,\"height\":67,\"caption\":\"Marita\"},\"image\":{\"@id\":\"https:\\\/\\\/maritastore.ch\\\/#\\\/schema\\\/logo\\\/image\\\/\"}}]}<\/script>\n<!-- \/ Yoast SEO plugin. -->","yoast_head_json":{"title":"Marita Store Schweiz \u2013 Abnehmen &amp; Nat\u00fcrliche Wellness Caf\u00e9s","description":"Entdecken Sie Maritas Caf\u00e9s, Verb\u00fcndete f\u00fcr Ihre Gesundheit: Gewichtsverlust, Energie, Ged\u00e4chtnis. Offizieller Shop in der Schweiz.","robots":{"index":"index","follow":"follow","max-snippet":"max-snippet:-1","max-image-preview":"max-image-preview:large","max-video-preview":"max-video-preview:-1"},"canonical":"https:\/\/maritastore.ch\/de\/cgv\/","og_locale":"de_DE","og_type":"article","og_title":"Marita Store Suisse \u2013 Caf\u00e9s Minceur & Bien-\u00eatre Naturel","og_description":"D\u00e9couvrez les caf\u00e9s Marita, alli\u00e9s de votre sant\u00e9 : perte de poids, \u00e9nergie, m\u00e9moire. Boutique officielle en Suisse.","og_url":"https:\/\/maritastore.ch\/de\/cgv\/","og_site_name":"Marita","article_modified_time":"2024-11-20T16:00:22+00:00","og_image":[{"width":1920,"height":1000,"url":"https:\/\/maritastore.ch\/wp-content\/uploads\/2025\/05\/MARITA-Home-page-1.png","type":"image\/png"}],"twitter_card":"summary_large_image","twitter_misc":{"Gesch\u00e4tzte Lesezeit":"6\u00a0Minuten"},"schema":{"@context":"https:\/\/schema.org","@graph":[{"@type":"WebPage","@id":"https:\/\/maritastore.ch\/cgv\/","url":"https:\/\/maritastore.ch\/cgv\/","name":"Marita Store Schweiz \u2013 Abnehmen &amp; Nat\u00fcrliche Wellness Caf\u00e9s","isPartOf":{"@id":"https:\/\/maritastore.ch\/#website"},"datePublished":"2024-04-08T16:44:37+00:00","dateModified":"2024-11-20T16:00:22+00:00","description":"Entdecken Sie Maritas Caf\u00e9s, Verb\u00fcndete f\u00fcr Ihre Gesundheit: Gewichtsverlust, Energie, Ged\u00e4chtnis. Offizieller Shop in der Schweiz.","breadcrumb":{"@id":"https:\/\/maritastore.ch\/cgv\/#breadcrumb"},"inLanguage":"de","potentialAction":[{"@type":"ReadAction","target":["https:\/\/maritastore.ch\/cgv\/"]}]},{"@type":"BreadcrumbList","@id":"https:\/\/maritastore.ch\/cgv\/#breadcrumb","itemListElement":[{"@type":"ListItem","position":1,"name":"Accueil","item":"https:\/\/maritastore.ch\/"},{"@type":"ListItem","position":2,"name":"CGV"}]},{"@type":"WebSite","@id":"https:\/\/maritastore.ch\/#website","url":"https:\/\/maritastore.ch\/","name":"Marita","description":"Getr\u00e4nke, Ihr Gesundheitspartner","publisher":{"@id":"https:\/\/maritastore.ch\/#organization"},"potentialAction":[{"@type":"SearchAction","target":{"@type":"EntryPoint","urlTemplate":"https:\/\/maritastore.ch\/?s={search_term_string}"},"query-input":{"@type":"PropertyValueSpecification","valueRequired":true,"valueName":"search_term_string"}}],"inLanguage":"de"},{"@type":"Organization","@id":"https:\/\/maritastore.ch\/#organization","name":"Marita","url":"https:\/\/maritastore.ch\/","logo":{"@type":"ImageObject","inLanguage":"de","@id":"https:\/\/maritastore.ch\/#\/schema\/logo\/image\/","url":"https:\/\/maritastore.ch\/wp-content\/uploads\/2024\/04\/marita-store-network.png","contentUrl":"https:\/\/maritastore.ch\/wp-content\/uploads\/2024\/04\/marita-store-network.png","width":322,"height":67,"caption":"Marita"},"image":{"@id":"https:\/\/maritastore.ch\/#\/schema\/logo\/image\/"}}]}},"_links":{"self":[{"href":"https:\/\/maritastore.ch\/de\/wp-json\/wp\/v2\/pages\/19","targetHints":{"allow":["GET"]}}],"collection":[{"href":"https:\/\/maritastore.ch\/de\/wp-json\/wp\/v2\/pages"}],"about":[{"href":"https:\/\/maritastore.ch\/de\/wp-json\/wp\/v2\/types\/page"}],"author":[{"embeddable":true,"href":"https:\/\/maritastore.ch\/de\/wp-json\/wp\/v2\/users\/1"}],"replies":[{"embeddable":true,"href":"https:\/\/maritastore.ch\/de\/wp-json\/wp\/v2\/comments?post=19"}],"version-history":[{"count":5,"href":"https:\/\/maritastore.ch\/de\/wp-json\/wp\/v2\/pages\/19\/revisions"}],"predecessor-version":[{"id":544,"href":"https:\/\/maritastore.ch\/de\/wp-json\/wp\/v2\/pages\/19\/revisions\/544"}],"wp:attachment":[{"href":"https:\/\/maritastore.ch\/de\/wp-json\/wp\/v2\/media?parent=19"}],"curies":[{"name":"wp","href":"https:\/\/api.w.org\/{rel}","templated":true}]}}